{"id":7055,"date":"2025-11-16T11:56:39","date_gmt":"2025-11-16T11:56:39","guid":{"rendered":"https:\/\/rockkofertas.com.es\/index.php\/producto\/b0fld8p37t\/"},"modified":"2025-11-16T11:56:39","modified_gmt":"2025-11-16T11:56:39","slug":"b0fld8p37t","status":"publish","type":"product","link":"https:\/\/rockkofertas.com.es\/index.php\/producto\/b0fld8p37t\/","title":{"rendered":"B0FLD8P37T"},"content":{"rendered":"<p>&#8211; Estas bolsas de malla con cord\u00f3n est\u00e1n hechas de material de organza de alta calidad, las costuras en ambos lados hacen que la bolsa de organza sea m\u00e1s estable, el cord\u00f3n es de sat\u00e9n, suave y liso al tacto, los peque\u00f1os bolsillos con cord\u00f3n no son f\u00e1ciles de romper en el uso diario.<br \/>\n&#8211; El paquete incluye 100 bolsas de regalo de organza, la cantidad es suficiente para satisfacer tus necesidades diarias.<br \/>\n&#8211; El tama\u00f1o de la bolsa de regalo con cord\u00f3n es de aprox. 7 x 9 cm, puedes llevarlo a cualquier lugar.<br \/>\n&#8211; Estas bolsas de regalo de organza vienen con un cord\u00f3n, un ligero tir\u00f3n de la cuerda hace que sea f\u00e1cil de cerrar y abrir, lo que hace que sea m\u00e1s f\u00e1cil sacar o poner los art\u00edculos de las bolsas de regalo.<br \/>\n&#8211; Las bolsas de organza son una buena opci\u00f3n para guardar art\u00edculos.<\/p>\n","protected":false},"excerpt":{"rendered":"<p>PIQIUQIU 100 bolsas de organza blancas para joyas, joyas, fiestas, regalos, 7 x 9 cm<br \/>#Publicidad <span class=\"read-more\"><a class=\"more-link btn btn-transparent\" href=\"https:\/\/rockkofertas.com.es\/index.php\/producto\/b0fld8p37t\/\">Leer m\u00e1s&#8230;<\/a><\/span><\/p>\n","protected":false},"featured_media":7054,"comment_status":"open","ping_status":"closed","template":"","meta":[],"product_cat":[15],"product_tag":[],"class_list":{"0":"post-7055","1":"product","2":"type-product","3":"status-publish","4":"has-post-thumbnail","6":"product_cat-sin-categorizar","8":"first","9":"instock","10":"shipping-taxable","11":"product-type-external"},"_links":{"self":[{"href":"https:\/\/rockkofertas.com.es\/index.php\/wp-json\/wp\/v2\/product\/7055","targetHints":{"allow":["GET"]}}],"collection":[{"href":"https:\/\/rockkofertas.com.es\/index.php\/wp-json\/wp\/v2\/product"}],"about":[{"href":"https:\/\/rockkofertas.com.es\/index.php\/wp-json\/wp\/v2\/types\/product"}],"replies":[{"embeddable":true,"href":"https:\/\/rockkofertas.com.es\/index.php\/wp-json\/wp\/v2\/comments?post=7055"}],"wp:featuredmedia":[{"embeddable":true,"href":"https:\/\/rockkofertas.com.es\/index.php\/wp-json\/wp\/v2\/media\/7054"}],"wp:attachment":[{"href":"https:\/\/rockkofertas.com.es\/index.php\/wp-json\/wp\/v2\/media?parent=7055"}],"wp:term":[{"taxonomy":"product_cat","embeddable":true,"href":"https:\/\/rockkofertas.com.es\/index.php\/wp-json\/wp\/v2\/product_cat?post=7055"},{"taxonomy":"product_tag","embeddable":true,"href":"https:\/\/rockkofertas.com.es\/index.php\/wp-json\/wp\/v2\/product_tag?post=7055"}],"curies":[{"name":"wp","href":"https:\/\/api.w.org\/{rel}","templated":true}]}}