{"id":7053,"date":"2025-11-16T11:56:12","date_gmt":"2025-11-16T11:56:12","guid":{"rendered":"https:\/\/rockkofertas.com.es\/index.php\/producto\/b0fcrqs9gl\/"},"modified":"2025-11-16T11:56:12","modified_gmt":"2025-11-16T11:56:12","slug":"b0fcrqs9gl","status":"publish","type":"product","link":"https:\/\/rockkofertas.com.es\/index.php\/producto\/b0fcrqs9gl\/","title":{"rendered":"B0FCRQS9GL"},"content":{"rendered":"<p>&#8211; Medici\u00f3n de precisi\u00f3n: escala de eslabones de pl\u00e1stico de alta calidad con 2 metros de longitud total y escala de mil\u00edmetros precisa para mediciones precisas<br \/>\n&#8211; Ajuste angular: pr\u00e1ctico ajuste de \u00e1ngulo de 90\u00b0 y 180\u00b0 para aplicaciones vers\u00e1tiles en artesan\u00eda y hogar<br \/>\n&#8211; Escala angular: escala de \u00e1ngulo integrada con marcas para 30\u00b0, 45\u00b0, 60\u00b0, 75\u00b0 y 90\u00b0 permite determinaciones precisas del \u00e1ngulo<br \/>\n&#8211; Dimensiones: dimensiones compactas de 23 cm de largo, 2,6 cm de ancho y 1,5 cm de altura cuando est\u00e1 plegado<br \/>\n&#8211; CONSTRUCCI\u00d3N: ejecuci\u00f3n de pl\u00e1stico resistente en color blanco, con escala clara y mecanismo de plegado estable para un uso duradero<\/p>\n","protected":false},"excerpt":{"rendered":"<p>Metro plegable de pl\u00e1stico, 2 metros de longitud, \u00e1ngulo de 90\u00b0\/180\u00b0, escala de \u00e1ngulo con 30\u00b0\/45\u00b0\/60\u00b0\/75\u00b0\/90\u00b0, color blanco, para todos los bricolaje, hogar, hobby y taller, m\u00e9trico<br \/>#Publicidad <span class=\"read-more\"><a class=\"more-link btn btn-transparent\" href=\"https:\/\/rockkofertas.com.es\/index.php\/producto\/b0fcrqs9gl\/\">Leer m\u00e1s&#8230;<\/a><\/span><\/p>\n","protected":false},"featured_media":7052,"comment_status":"open","ping_status":"closed","template":"","meta":[],"product_cat":[15],"product_tag":[],"class_list":{"0":"post-7053","1":"product","2":"type-product","3":"status-publish","4":"has-post-thumbnail","6":"product_cat-sin-categorizar","8":"first","9":"instock","10":"shipping-taxable","11":"product-type-external"},"_links":{"self":[{"href":"https:\/\/rockkofertas.com.es\/index.php\/wp-json\/wp\/v2\/product\/7053","targetHints":{"allow":["GET"]}}],"collection":[{"href":"https:\/\/rockkofertas.com.es\/index.php\/wp-json\/wp\/v2\/product"}],"about":[{"href":"https:\/\/rockkofertas.com.es\/index.php\/wp-json\/wp\/v2\/types\/product"}],"replies":[{"embeddable":true,"href":"https:\/\/rockkofertas.com.es\/index.php\/wp-json\/wp\/v2\/comments?post=7053"}],"wp:featuredmedia":[{"embeddable":true,"href":"https:\/\/rockkofertas.com.es\/index.php\/wp-json\/wp\/v2\/media\/7052"}],"wp:attachment":[{"href":"https:\/\/rockkofertas.com.es\/index.php\/wp-json\/wp\/v2\/media?parent=7053"}],"wp:term":[{"taxonomy":"product_cat","embeddable":true,"href":"https:\/\/rockkofertas.com.es\/index.php\/wp-json\/wp\/v2\/product_cat?post=7053"},{"taxonomy":"product_tag","embeddable":true,"href":"https:\/\/rockkofertas.com.es\/index.php\/wp-json\/wp\/v2\/product_tag?post=7053"}],"curies":[{"name":"wp","href":"https:\/\/api.w.org\/{rel}","templated":true}]}}