{"id":7049,"date":"2025-11-16T11:56:00","date_gmt":"2025-11-16T11:56:00","guid":{"rendered":"https:\/\/rockkofertas.com.es\/index.php\/producto\/b0fcf28k2q\/"},"modified":"2025-11-16T11:56:00","modified_gmt":"2025-11-16T11:56:00","slug":"b0fcf28k2q","status":"publish","type":"product","link":"https:\/\/rockkofertas.com.es\/index.php\/producto\/b0fcf28k2q\/","title":{"rendered":"B0FCF28K2Q"},"content":{"rendered":"<p>&#8211; Dise\u00f1o ergon\u00f3mico: reposabrazos acolchados de espuma de alta calidad para una comodidad \u00f3ptima y alivio de los codos durante largos d\u00edas de trabajo<br \/>\n&#8211; Ajuste universal: con correas de sujeci\u00f3n ajustables que permiten un montaje seguro en la mayor\u00eda de sillas de oficina y juegos<br \/>\n&#8211; SUPERFICIE ANTIDESLIZANTE: la parte superior texturizada evita que los brazos se deslicen mientras que la parte inferior se adhiere de forma segura al reposabrazos<br \/>\n&#8211; Tama\u00f1o pr\u00e1ctico: dimensiones \u00f3ptimas de 23,5 x 7,5 x 3 cm ofrecen suficiente superficie de apoyo para una c\u00f3moda posici\u00f3n del brazo<br \/>\n&#8211; Contenido del env\u00edo: juego compuesto de 2 almohadillas negras id\u00e9nticas con sistema de fijaci\u00f3n para m\u00e1xima comodidad de trabajo<\/p>\n","protected":false},"excerpt":{"rendered":"<p>Reposabrazos ergon\u00f3micos, 2 unidades, 23,5 x 7,5 x 3 cm, espuma, antideslizantes, para sillas de oficina y juegos, color negro<br \/>#Publicidad <span class=\"read-more\"><a class=\"more-link btn btn-transparent\" href=\"https:\/\/rockkofertas.com.es\/index.php\/producto\/b0fcf28k2q\/\">Leer m\u00e1s&#8230;<\/a><\/span><\/p>\n","protected":false},"featured_media":7048,"comment_status":"open","ping_status":"closed","template":"","meta":[],"product_cat":[15],"product_tag":[],"class_list":{"0":"post-7049","1":"product","2":"type-product","3":"status-publish","4":"has-post-thumbnail","6":"product_cat-sin-categorizar","8":"first","9":"instock","10":"shipping-taxable","11":"product-type-external"},"_links":{"self":[{"href":"https:\/\/rockkofertas.com.es\/index.php\/wp-json\/wp\/v2\/product\/7049","targetHints":{"allow":["GET"]}}],"collection":[{"href":"https:\/\/rockkofertas.com.es\/index.php\/wp-json\/wp\/v2\/product"}],"about":[{"href":"https:\/\/rockkofertas.com.es\/index.php\/wp-json\/wp\/v2\/types\/product"}],"replies":[{"embeddable":true,"href":"https:\/\/rockkofertas.com.es\/index.php\/wp-json\/wp\/v2\/comments?post=7049"}],"wp:featuredmedia":[{"embeddable":true,"href":"https:\/\/rockkofertas.com.es\/index.php\/wp-json\/wp\/v2\/media\/7048"}],"wp:attachment":[{"href":"https:\/\/rockkofertas.com.es\/index.php\/wp-json\/wp\/v2\/media?parent=7049"}],"wp:term":[{"taxonomy":"product_cat","embeddable":true,"href":"https:\/\/rockkofertas.com.es\/index.php\/wp-json\/wp\/v2\/product_cat?post=7049"},{"taxonomy":"product_tag","embeddable":true,"href":"https:\/\/rockkofertas.com.es\/index.php\/wp-json\/wp\/v2\/product_tag?post=7049"}],"curies":[{"name":"wp","href":"https:\/\/api.w.org\/{rel}","templated":true}]}}