{"id":7047,"date":"2025-11-16T11:55:58","date_gmt":"2025-11-16T11:55:58","guid":{"rendered":"https:\/\/rockkofertas.com.es\/index.php\/producto\/b0fbwf86j2\/"},"modified":"2025-11-16T11:55:58","modified_gmt":"2025-11-16T11:55:58","slug":"b0fbwf86j2","status":"publish","type":"product","link":"https:\/\/rockkofertas.com.es\/index.php\/producto\/b0fbwf86j2\/","title":{"rendered":"B0FBWF86J2"},"content":{"rendered":"<p>&#8211; Juego completo de 4 piezas: obtenga 4 agitadores de resina epoxi de alta calidad que son perfectos para mezclar uniformemente resina epoxi, silicona y otros materiales. \u200b<br \/>\n&#8211; Material de alta calidad: el material resistente garantiza una larga vida \u00fatil y soportan altas cargas en la mezcla de resina epoxi y otras sustancias<br \/>\n&#8211; Compatible con brocas 1\/4: las varillas agitadoras de resina epoxi est\u00e1n especialmente dise\u00f1adas para brocas de 1\/4, permiten un montaje f\u00e1cil y un agarre seguro al agitar. \u200b<br \/>\n&#8211; Multiusos: ideal no solo para la fabricaci\u00f3n de proyectos de resina epoxi, sino tambi\u00e9n para la mezcla de silicona, pintura y aplicaci\u00f3n de esmaltes cer\u00e1micos. \u200b<br \/>\n&#8211; Reutilizable y de bajo mantenimiento: el mezclador de pintura reutilizable es f\u00e1cil de limpiar y puede repetidamente<\/p>\n","protected":false},"excerpt":{"rendered":"<p>Juego de 4 palas mezcladoras de resina epoxi para brocas de 1\/4 pulgadas, palas mezcladoras reutilizables de pl\u00e1stico, agitador a prueba de salpicaduras para resinas, silicona y esmaltes de cer\u00e1mica<br \/>#Publicidad <span class=\"read-more\"><a class=\"more-link btn btn-transparent\" href=\"https:\/\/rockkofertas.com.es\/index.php\/producto\/b0fbwf86j2\/\">Leer m\u00e1s&#8230;<\/a><\/span><\/p>\n","protected":false},"featured_media":7046,"comment_status":"open","ping_status":"closed","template":"","meta":[],"product_cat":[15],"product_tag":[],"class_list":{"0":"post-7047","1":"product","2":"type-product","3":"status-publish","4":"has-post-thumbnail","6":"product_cat-sin-categorizar","8":"first","9":"instock","10":"shipping-taxable","11":"product-type-external"},"_links":{"self":[{"href":"https:\/\/rockkofertas.com.es\/index.php\/wp-json\/wp\/v2\/product\/7047","targetHints":{"allow":["GET"]}}],"collection":[{"href":"https:\/\/rockkofertas.com.es\/index.php\/wp-json\/wp\/v2\/product"}],"about":[{"href":"https:\/\/rockkofertas.com.es\/index.php\/wp-json\/wp\/v2\/types\/product"}],"replies":[{"embeddable":true,"href":"https:\/\/rockkofertas.com.es\/index.php\/wp-json\/wp\/v2\/comments?post=7047"}],"wp:featuredmedia":[{"embeddable":true,"href":"https:\/\/rockkofertas.com.es\/index.php\/wp-json\/wp\/v2\/media\/7046"}],"wp:attachment":[{"href":"https:\/\/rockkofertas.com.es\/index.php\/wp-json\/wp\/v2\/media?parent=7047"}],"wp:term":[{"taxonomy":"product_cat","embeddable":true,"href":"https:\/\/rockkofertas.com.es\/index.php\/wp-json\/wp\/v2\/product_cat?post=7047"},{"taxonomy":"product_tag","embeddable":true,"href":"https:\/\/rockkofertas.com.es\/index.php\/wp-json\/wp\/v2\/product_tag?post=7047"}],"curies":[{"name":"wp","href":"https:\/\/api.w.org\/{rel}","templated":true}]}}