{"id":7043,"date":"2025-11-16T11:55:43","date_gmt":"2025-11-16T11:55:43","guid":{"rendered":"https:\/\/rockkofertas.com.es\/index.php\/producto\/b0fcf61q9w\/"},"modified":"2025-11-16T11:55:43","modified_gmt":"2025-11-16T11:55:43","slug":"b0fcf61q9w","status":"publish","type":"product","link":"https:\/\/rockkofertas.com.es\/index.php\/producto\/b0fcf61q9w\/","title":{"rendered":"B0FCF61Q9W"},"content":{"rendered":"<p>&#8211; Uso vers\u00e1til: ideal para la fabricaci\u00f3n de joyas, esculturas de bricolaje, dise\u00f1o de coronas y moldeo de bons\u00e1i, perfecto para proyectos de manualidades creativas de todo tipo<br \/>\n&#8211; Calidad premium: alambre de aluminio de alta calidad con aspecto plateado con 3 mm de di\u00e1metro y generoso 10 metros de longitud<br \/>\n&#8211; F\u00c1CIL DE USAR: alambre suave y muy flexible que se puede ajustar f\u00e1cilmente a la forma deseada y reposicionar varias veces<br \/>\n&#8211; Estructura estable: lo suficientemente resistente para una formaci\u00f3n duradera, pero flexible para trabajos detallados y dise\u00f1o preciso<br \/>\n&#8211; MANEJO PR\u00c1CTICO: Alambre enrollado uniformemente que se desenrolla f\u00e1cilmente y procesa sin herramientas especiales<\/p>\n","protected":false},"excerpt":{"rendered":"<p>Alambre de aluminio para manualidades, 3 mm x 10 m, suave y flexible, plateado, para joyas, esculturas de bricolaje, fabricaci\u00f3n de coronas y bons\u00e1i<br \/>#Publicidad <span class=\"read-more\"><a class=\"more-link btn btn-transparent\" href=\"https:\/\/rockkofertas.com.es\/index.php\/producto\/b0fcf61q9w\/\">Leer m\u00e1s&#8230;<\/a><\/span><\/p>\n","protected":false},"featured_media":7042,"comment_status":"open","ping_status":"closed","template":"","meta":[],"product_cat":[15],"product_tag":[],"class_list":{"0":"post-7043","1":"product","2":"type-product","3":"status-publish","4":"has-post-thumbnail","6":"product_cat-sin-categorizar","8":"first","9":"instock","10":"shipping-taxable","11":"product-type-external"},"_links":{"self":[{"href":"https:\/\/rockkofertas.com.es\/index.php\/wp-json\/wp\/v2\/product\/7043","targetHints":{"allow":["GET"]}}],"collection":[{"href":"https:\/\/rockkofertas.com.es\/index.php\/wp-json\/wp\/v2\/product"}],"about":[{"href":"https:\/\/rockkofertas.com.es\/index.php\/wp-json\/wp\/v2\/types\/product"}],"replies":[{"embeddable":true,"href":"https:\/\/rockkofertas.com.es\/index.php\/wp-json\/wp\/v2\/comments?post=7043"}],"wp:featuredmedia":[{"embeddable":true,"href":"https:\/\/rockkofertas.com.es\/index.php\/wp-json\/wp\/v2\/media\/7042"}],"wp:attachment":[{"href":"https:\/\/rockkofertas.com.es\/index.php\/wp-json\/wp\/v2\/media?parent=7043"}],"wp:term":[{"taxonomy":"product_cat","embeddable":true,"href":"https:\/\/rockkofertas.com.es\/index.php\/wp-json\/wp\/v2\/product_cat?post=7043"},{"taxonomy":"product_tag","embeddable":true,"href":"https:\/\/rockkofertas.com.es\/index.php\/wp-json\/wp\/v2\/product_tag?post=7043"}],"curies":[{"name":"wp","href":"https:\/\/api.w.org\/{rel}","templated":true}]}}