{"id":7039,"date":"2025-11-16T10:53:36","date_gmt":"2025-11-16T10:53:36","guid":{"rendered":"https:\/\/rockkofertas.com.es\/index.php\/producto\/b0fbfdzcp5-2\/"},"modified":"2025-11-16T10:53:36","modified_gmt":"2025-11-16T10:53:36","slug":"b0fbfdzcp5-2","status":"publish","type":"product","link":"https:\/\/rockkofertas.com.es\/index.php\/producto\/b0fbfdzcp5-2\/","title":{"rendered":"B0FBFDZCP5"},"content":{"rendered":"<p>&#8211; \u3010Tolva de 108 mm y capacidad de 1 L\u3011Este extractor de zumos y verduras cuenta con alimentaci\u00f3n autom\u00e1tica para un proceso m\u00e1s eficiente y c\u00f3modo. Su tolva de 108 mm permite introducir frutas enteras en la licuadora prensado en frio sin cortarlas. Con su capacidad de 1 L, puede procesar m\u00e1s ingredientes a la vez, reduciendo la necesidad de recargas constantes y acortando el tiempo de exprimido.<br \/>\n&#8211; \u3010Zumo puro y saludable\u3011La extractor de jugos prensado en frio Fretta est\u00e1 fabricada con material Tritan aut\u00e9ntico y libre de BPA, garantizando as\u00ed la seguridad y pureza del zumo. Por lo tanto, es una slow juicer ideal para quienes siguen un estilo de vida ecol\u00f3gico de alta calidad y est\u00e1n muy concienciados con una alimentaci\u00f3n saludable.<br \/>\n&#8211; \u3010Alto rendimiento y gran pureza\u3011Esta juicer machine cuenta con un motor potente de 200 W,una tecnolog\u00eda de corte multietapa y un alto par,lo que permite extraer jugo incluso de las frutas y verduras m\u00e1s duras con facilidad.Gracias a la tecnolog\u00eda de prensado en fr\u00edo lento y al filtro triple de acero inoxidable,se puede triturar todos los alimentos de forma exhaustiva y meticulosa,reducir eficazmente los da\u00f1os por oxidaci\u00f3n y la espuma,retener los nutrientes y proporcionando una textura suave.<br \/>\n&#8211; \u3010Montaje r\u00e1pido y f\u00e1cil limpieza\u3011Con dise\u00f1o simplificado, esta licuadora para verduras y frutas se ensambla y desmonta en 5 segundos. Incluye un sistema de bloqueo de seguridad que garantiza su uso solo cuando est\u00e1 correctamente montada. Los pasos de montaje de la extractor de jugos y verduras est\u00e1n disponibles en el manual de instrucciones. Tambi\u00e9n es muy f\u00e1cil de limpiar. Solo necesitas enjuagar bajo el agua para eliminar f\u00e1cilmente los residuos.<br \/>\n&#8211; \u3010Dise\u00f1o Inteligente y Confianza Total\u3011Giro inverso: Evita atascos y garantiza un proceso fluido. Dise\u00f1o anti-goteo: Evita derrames para un zumo limpio y sin complicaciones. Base antideslizante: Aumenta la fricci\u00f3n y asegura que la cold press juicer se mantenga estable durante su funcionamiento. Motor con protecci\u00f3n contra sobrecalentamiento(solo puede trabajar sin parar hasta 20 minutos) y sobrecarga, para mayor durabilidad. Fretta ofrece garant\u00eda de un a\u00f1o y soporte al cliente.<br \/>\n&#8211; \u3010AVISO\u30111. Abra la tapa e instale el conducto de alimentaci\u00f3n. Aseg\u00farese de que el seguro de la parte inferior del mango encaje firmemente en la ranura. 2. Cierre la tapa antes de encender el exprimidor (de lo contrario, no arrancar\u00e1). La tapa superior puede quedar un poco apretada y debe presionarse firmemente con el pulgar. Cuando escuche un \u00abdang\u00bb, significa que la tapa est\u00e1 correctamente instalada. A continuaci\u00f3n, puede encender el exprimidor y empezar a exprimir.<\/p>\n","protected":false},"excerpt":{"rendered":"<p>Fretta Extractor de Zumos y Verduras, Apertura de 108MM y Capacidad de 1L, Licuadora Prensado en Frio para Verduras Frutas Enteras, 200W Slow Juicer Machine, F\u00e1cil Montaje y Limpieza,Sin BPA(Negro,1L)<br \/>#Publicidad <span class=\"read-more\"><a class=\"more-link btn btn-transparent\" href=\"https:\/\/rockkofertas.com.es\/index.php\/producto\/b0fbfdzcp5-2\/\">Leer m\u00e1s&#8230;<\/a><\/span><\/p>\n","protected":false},"featured_media":7038,"comment_status":"open","ping_status":"closed","template":"","meta":[],"product_cat":[15],"product_tag":[],"class_list":{"0":"post-7039","1":"product","2":"type-product","3":"status-publish","4":"has-post-thumbnail","6":"product_cat-sin-categorizar","8":"first","9":"instock","10":"shipping-taxable","11":"product-type-external"},"_links":{"self":[{"href":"https:\/\/rockkofertas.com.es\/index.php\/wp-json\/wp\/v2\/product\/7039","targetHints":{"allow":["GET"]}}],"collection":[{"href":"https:\/\/rockkofertas.com.es\/index.php\/wp-json\/wp\/v2\/product"}],"about":[{"href":"https:\/\/rockkofertas.com.es\/index.php\/wp-json\/wp\/v2\/types\/product"}],"replies":[{"embeddable":true,"href":"https:\/\/rockkofertas.com.es\/index.php\/wp-json\/wp\/v2\/comments?post=7039"}],"wp:featuredmedia":[{"embeddable":true,"href":"https:\/\/rockkofertas.com.es\/index.php\/wp-json\/wp\/v2\/media\/7038"}],"wp:attachment":[{"href":"https:\/\/rockkofertas.com.es\/index.php\/wp-json\/wp\/v2\/media?parent=7039"}],"wp:term":[{"taxonomy":"product_cat","embeddable":true,"href":"https:\/\/rockkofertas.com.es\/index.php\/wp-json\/wp\/v2\/product_cat?post=7039"},{"taxonomy":"product_tag","embeddable":true,"href":"https:\/\/rockkofertas.com.es\/index.php\/wp-json\/wp\/v2\/product_tag?post=7039"}],"curies":[{"name":"wp","href":"https:\/\/api.w.org\/{rel}","templated":true}]}}