{"id":7035,"date":"2025-11-16T10:32:32","date_gmt":"2025-11-16T10:32:32","guid":{"rendered":"https:\/\/rockkofertas.com.es\/index.php\/producto\/b0fvksfr15\/"},"modified":"2025-11-16T10:32:32","modified_gmt":"2025-11-16T10:32:32","slug":"b0fvksfr15","status":"publish","type":"product","link":"https:\/\/rockkofertas.com.es\/index.php\/producto\/b0fvksfr15\/","title":{"rendered":"B0FVKSFR15"},"content":{"rendered":"<p>&#8211; \u3010Gran compatibilidad\u3011Modelo: A1436\/A1466\/A1465\/A1435; Compatible con: Mac Book Air (13&#8243;, mi 2012); Mac Book Air (11&#8243;, mi 2012); Mac Book Air (13&#8243;, mi 2013)); Mac Book Air (11 pulgadas, mi 2013); Mac Book Air (13 pulgadas, principios de 2014); Mac Book Air (11 pulgadas, principios de 2014); Mac Book Air (13 pulgadas, principios de 2015); Mac Book Air (11 pulgadas, principios de 2015); Mac Book Air (13 pulgadas, 2017); (Nota: Se trata de un reemplazo del cargador Mac Book Air).<br \/>\n&#8211; \u3010100% compatible\u3011El adaptador Mac Book Air est\u00e1 fabricado en material ABS de alta calidad y policarbonato, puede permanecer intacto incluso despu\u00e9s de muchos giros y cargas. Este cargador Mac 45w puede evitar sobreintensidades, sobrecargas, cortocircuitos y sobrecalentamientos Funci\u00f3n de protecci\u00f3n contra la temperatura, 100% compatible con el original.<br \/>\n&#8211; \u3010Consejos de sobrecarga\u3011El adaptador de alimentaci\u00f3n T-tip se carga sin ruido o chispas, y no da\u00f1ar\u00e1 su computadora en absoluto, despu\u00e9s de conectarse a la computadora, el led en la cabeza de toma de corriente continua se encender\u00e1, y la luz indicadora naranja indica que su Mac est\u00e1 cargando y una luz verde indica que est\u00e1 completamente cargado.<br \/>\n&#8211; \u3010Mejor servicio\u3011El cargador SCOVEE ofrece una garant\u00eda de 1 a\u00f1o, una garant\u00eda de reembolso de 30 d\u00edas y soporte de correo electr\u00f3nico las 24 horas. Si tiene alg\u00fan problema al comprar, P\u00f3ngase en contacto con nosotros por correo electr\u00f3nico a tiempo.<br \/>\n&#8211; \u3010Caracter\u00edsticas protectoras\u3011 Hecho de material ABS y PC de alta calidad. El cargador Mac Book Air est\u00e1 hecho de los mejores materiales e incluye muchas caracter\u00edsticas inteligentes para prevenir sobrecorriente, sobrevoltaje, sobrecarga, protecci\u00f3n contra cortocircuitos y recuperaci\u00f3n autom\u00e1tica.<\/p>\n","protected":false},"excerpt":{"rendered":"<p>SCOVEE 45W T-Tip R\u00e1pido Cargador,45W T-Tip Cargador Compatible Mac Book Air Ordenador Port\u00e1til para Mac Book Air 11\/13-2012 ~ 2017 a\u00f1o,para los Modelos A1435, A1436, A1465, A1466<br \/>#Publicidad <span class=\"read-more\"><a class=\"more-link btn btn-transparent\" href=\"https:\/\/rockkofertas.com.es\/index.php\/producto\/b0fvksfr15\/\">Leer m\u00e1s&#8230;<\/a><\/span><\/p>\n","protected":false},"featured_media":7034,"comment_status":"open","ping_status":"closed","template":"","meta":[],"product_cat":[15],"product_tag":[],"class_list":{"0":"post-7035","1":"product","2":"type-product","3":"status-publish","4":"has-post-thumbnail","6":"product_cat-sin-categorizar","8":"first","9":"instock","10":"shipping-taxable","11":"product-type-external"},"_links":{"self":[{"href":"https:\/\/rockkofertas.com.es\/index.php\/wp-json\/wp\/v2\/product\/7035","targetHints":{"allow":["GET"]}}],"collection":[{"href":"https:\/\/rockkofertas.com.es\/index.php\/wp-json\/wp\/v2\/product"}],"about":[{"href":"https:\/\/rockkofertas.com.es\/index.php\/wp-json\/wp\/v2\/types\/product"}],"replies":[{"embeddable":true,"href":"https:\/\/rockkofertas.com.es\/index.php\/wp-json\/wp\/v2\/comments?post=7035"}],"wp:featuredmedia":[{"embeddable":true,"href":"https:\/\/rockkofertas.com.es\/index.php\/wp-json\/wp\/v2\/media\/7034"}],"wp:attachment":[{"href":"https:\/\/rockkofertas.com.es\/index.php\/wp-json\/wp\/v2\/media?parent=7035"}],"wp:term":[{"taxonomy":"product_cat","embeddable":true,"href":"https:\/\/rockkofertas.com.es\/index.php\/wp-json\/wp\/v2\/product_cat?post=7035"},{"taxonomy":"product_tag","embeddable":true,"href":"https:\/\/rockkofertas.com.es\/index.php\/wp-json\/wp\/v2\/product_tag?post=7035"}],"curies":[{"name":"wp","href":"https:\/\/api.w.org\/{rel}","templated":true}]}}