{"id":7031,"date":"2025-11-16T04:00:41","date_gmt":"2025-11-16T04:00:41","guid":{"rendered":"https:\/\/rockkofertas.com.es\/index.php\/producto\/b08vs41mff\/"},"modified":"2025-11-16T04:00:41","modified_gmt":"2025-11-16T04:00:41","slug":"b08vs41mff","status":"publish","type":"product","link":"https:\/\/rockkofertas.com.es\/index.php\/producto\/b08vs41mff\/","title":{"rendered":"B08VS41MFF"},"content":{"rendered":"<p>&#8211; gorra de Algod\u00f3n con visera y forro<br \/>\n&#8211; Forro: 100% algod\u00f3n,Largo de la visera: 4.5 cm,Protecci\u00f3n UV 40+,Probado seg\u00fan la norma DIN EN 13758-1<br \/>\n&#8211; Gorros protecci\u00f3n UV<br \/>\n&#8211; Textil protector. Esta gorra Gatsby con forro de Stetson se ha fabricado a partir de algod\u00f3n 100 % y ofrece protecci\u00f3n fiable contra el sol para la cabeza. Gracias a su dise\u00f1o purista y colorido cl\u00e1sico, este accesorio de color liso con visera y protecci\u00f3n UV de factor 40+ es f\u00e1cil de combinar con diferentes outfits. Luce genial con conjuntos veraniegos modernos y ligeros, as\u00ed como con pantalones<\/p>\n","protected":false},"excerpt":{"rendered":"<p>Stetson Gorra Cotton Sarga Mujer\/Hombre &#8211; de algod\u00f3n Gorro Ivy con Visera, Forro Verano Primavera\/Verano &#8211; M (56-57 cm) Negro<br \/>\n#Publicidad <span class=\"read-more\"><a class=\"more-link btn btn-transparent\" href=\"https:\/\/rockkofertas.com.es\/index.php\/producto\/b08vs41mff\/\">Leer m\u00e1s&#8230;<\/a><\/span><\/p>\n","protected":false},"featured_media":7030,"comment_status":"open","ping_status":"closed","template":"","meta":[],"product_cat":[15],"product_tag":[],"class_list":{"0":"post-7031","1":"product","2":"type-product","3":"status-publish","4":"has-post-thumbnail","6":"product_cat-sin-categorizar","8":"first","9":"instock","10":"shipping-taxable","11":"product-type-external"},"_links":{"self":[{"href":"https:\/\/rockkofertas.com.es\/index.php\/wp-json\/wp\/v2\/product\/7031","targetHints":{"allow":["GET"]}}],"collection":[{"href":"https:\/\/rockkofertas.com.es\/index.php\/wp-json\/wp\/v2\/product"}],"about":[{"href":"https:\/\/rockkofertas.com.es\/index.php\/wp-json\/wp\/v2\/types\/product"}],"replies":[{"embeddable":true,"href":"https:\/\/rockkofertas.com.es\/index.php\/wp-json\/wp\/v2\/comments?post=7031"}],"wp:featuredmedia":[{"embeddable":true,"href":"https:\/\/rockkofertas.com.es\/index.php\/wp-json\/wp\/v2\/media\/7030"}],"wp:attachment":[{"href":"https:\/\/rockkofertas.com.es\/index.php\/wp-json\/wp\/v2\/media?parent=7031"}],"wp:term":[{"taxonomy":"product_cat","embeddable":true,"href":"https:\/\/rockkofertas.com.es\/index.php\/wp-json\/wp\/v2\/product_cat?post=7031"},{"taxonomy":"product_tag","embeddable":true,"href":"https:\/\/rockkofertas.com.es\/index.php\/wp-json\/wp\/v2\/product_tag?post=7031"}],"curies":[{"name":"wp","href":"https:\/\/api.w.org\/{rel}","templated":true}]}}