{"id":7025,"date":"2025-11-15T12:00:44","date_gmt":"2025-11-15T12:00:44","guid":{"rendered":"https:\/\/rockkofertas.com.es\/index.php\/producto\/b07w6hstnr\/"},"modified":"2025-11-15T12:00:44","modified_gmt":"2025-11-15T12:00:44","slug":"b07w6hstnr","status":"publish","type":"product","link":"https:\/\/rockkofertas.com.es\/index.php\/producto\/b07w6hstnr\/","title":{"rendered":"B07W6HSTNR"},"content":{"rendered":"<p>&#8211; Este producto hace parte de la selecci\u00f3n de Gamergy, canjea tu c\u00f3digo \u00abLOGIGAMERGY\u00bb entre el 13 y 15 de diciembre al finalizar tu compra.<br \/>\n&#8211; Icono reinventado: a partir del legado del dise\u00f1o m\u00e1s popular de Logitech, el rat\u00f3n para gaming con cable G502 X se ha redefinido y redise\u00f1ado con las \u00faltimas innovaciones para gaming<br \/>\n&#8211; Interruptores LIGHTFORCE: la tecnolog\u00eda de botones h\u00edbridos \u00f3ptico-mec\u00e1nicos ofrece velocidad y fiabilidad, as\u00ed como un accionamiento preciso con una respuesta n\u00edtida<br \/>\n&#8211; Sensor HERO 25K para gaming: preciso hasta la submicra para una exactitud de precisi\u00f3n con cero suavizado\/filtrado\/aceleraci\u00f3n para un alto rendimiento de gaming siempre en el ordenador<br \/>\n&#8211; Bot\u00f3n de cambio de DPI redise\u00f1ado: este rat\u00f3n \u00f3ptico cuenta con un bot\u00f3n de cambio de DPI reversible y extra\u00edble para una personalizaci\u00f3n precisa en funci\u00f3n de su agarre y preferencia<br \/>\n&#8211; Rueda de desplazamiento de doble modo: pasa de un giro libre r\u00e1pido a uno preciso l\u00ednea por l\u00ednea, y se inclina hacia la izquierda y la derecha para obtener dos controles adicionales personalizables<br \/>\n&#8211; Elige: disponible en blanco y negro<\/p>\n","protected":false},"excerpt":{"rendered":"<p>Logitech G G502 X USB Rat\u00f3n con cable &#8211; LIGHTFORCE, Botones principales h\u00edbridos \u00f3ptico-mec\u00e1nicos, Captor gaming HERO 25K, compatible con PC &#8211; macOS\/Windows &#8211; Negro<br \/>\n#Publicidad <span class=\"read-more\"><a class=\"more-link btn btn-transparent\" href=\"https:\/\/rockkofertas.com.es\/index.php\/producto\/b07w6hstnr\/\">Leer m\u00e1s&#8230;<\/a><\/span><\/p>\n","protected":false},"featured_media":7024,"comment_status":"open","ping_status":"closed","template":"","meta":[],"product_cat":[15],"product_tag":[],"class_list":{"0":"post-7025","1":"product","2":"type-product","3":"status-publish","4":"has-post-thumbnail","6":"product_cat-sin-categorizar","8":"first","9":"instock","10":"shipping-taxable","11":"product-type-external"},"_links":{"self":[{"href":"https:\/\/rockkofertas.com.es\/index.php\/wp-json\/wp\/v2\/product\/7025","targetHints":{"allow":["GET"]}}],"collection":[{"href":"https:\/\/rockkofertas.com.es\/index.php\/wp-json\/wp\/v2\/product"}],"about":[{"href":"https:\/\/rockkofertas.com.es\/index.php\/wp-json\/wp\/v2\/types\/product"}],"replies":[{"embeddable":true,"href":"https:\/\/rockkofertas.com.es\/index.php\/wp-json\/wp\/v2\/comments?post=7025"}],"wp:featuredmedia":[{"embeddable":true,"href":"https:\/\/rockkofertas.com.es\/index.php\/wp-json\/wp\/v2\/media\/7024"}],"wp:attachment":[{"href":"https:\/\/rockkofertas.com.es\/index.php\/wp-json\/wp\/v2\/media?parent=7025"}],"wp:term":[{"taxonomy":"product_cat","embeddable":true,"href":"https:\/\/rockkofertas.com.es\/index.php\/wp-json\/wp\/v2\/product_cat?post=7025"},{"taxonomy":"product_tag","embeddable":true,"href":"https:\/\/rockkofertas.com.es\/index.php\/wp-json\/wp\/v2\/product_tag?post=7025"}],"curies":[{"name":"wp","href":"https:\/\/api.w.org\/{rel}","templated":true}]}}