{"id":7021,"date":"2025-11-15T04:00:47","date_gmt":"2025-11-15T04:00:47","guid":{"rendered":"https:\/\/rockkofertas.com.es\/index.php\/producto\/b0d7jthsg8\/"},"modified":"2025-11-15T04:00:47","modified_gmt":"2025-11-15T04:00:47","slug":"b0d7jthsg8","status":"publish","type":"product","link":"https:\/\/rockkofertas.com.es\/index.php\/producto\/b0d7jthsg8\/","title":{"rendered":"B0D7JTHSG8"},"content":{"rendered":"<p>&#8211; \u3010COMPACTO Y POTENTE\u3011Con un formato de 45 cm de di\u00e1metro y 3 h\u00e9lices, el circulador es capaz de generar un flujo de aire potente para una circulaci\u00f3n de aire r\u00e1pida y eficaz. Motor poderoso de 120 W que aseguran un potente caudal de aire y un bajo consumo energ\u00e9tico<br \/>\n&#8211; \u3010H\u00c9LICES AERODIN\u00c1MICAS EFICIENTES\u3011Moldeadas para la m\u00e1xima circulaci\u00f3n del aire con un m\u00ednimo esfuerzo y consumo. Holguras dise\u00f1adas especialmente para un mayor empuje<br \/>\n&#8211; \u30103 VELOCIDADES\u3011Para adaptarse siempre a las necesidades de ventilaci\u00f3n de cualquier estancia<br \/>\n&#8211; \u3010BASE ANTIVIBRACIONES\u3011 Base de pies antideslizantes para eliminar las vibraciones y reducir el ruido para un funcionamiento silencioso<br \/>\n&#8211; \u3010AJUSTABLE Y ELEGANTE\u3011Inclinaci\u00f3n ajustable para dirigir el flujo de aire siempre ah\u00ed d\u00f3nde m\u00e1s lo necesites. Dise\u00f1o elegante en acabados met\u00e1licos para dotar el ventilador de robustez. Con asa de transporte para f\u00e1cil transporte. Rejilla desmontable para facilitar la limpieza de las h\u00e9lices<\/p>\n","protected":false},"excerpt":{"rendered":"<p>Taurus &#8211; Ventilador de suelo Sirocco 18 | 3 velocidades\/ 3 h\u00e9lices met\u00e1licas | 45 cm de di\u00e1metro | Inclinaci\u00f3n ajustable | 120 W | Rejilla extra\u00edble | Silencioso | Base antideslizante.<br \/>\n#Publicidad <span class=\"read-more\"><a class=\"more-link btn btn-transparent\" href=\"https:\/\/rockkofertas.com.es\/index.php\/producto\/b0d7jthsg8\/\">Leer m\u00e1s&#8230;<\/a><\/span><\/p>\n","protected":false},"featured_media":7020,"comment_status":"open","ping_status":"closed","template":"","meta":[],"product_cat":[15],"product_tag":[],"class_list":{"0":"post-7021","1":"product","2":"type-product","3":"status-publish","4":"has-post-thumbnail","6":"product_cat-sin-categorizar","8":"first","9":"instock","10":"shipping-taxable","11":"product-type-external"},"_links":{"self":[{"href":"https:\/\/rockkofertas.com.es\/index.php\/wp-json\/wp\/v2\/product\/7021","targetHints":{"allow":["GET"]}}],"collection":[{"href":"https:\/\/rockkofertas.com.es\/index.php\/wp-json\/wp\/v2\/product"}],"about":[{"href":"https:\/\/rockkofertas.com.es\/index.php\/wp-json\/wp\/v2\/types\/product"}],"replies":[{"embeddable":true,"href":"https:\/\/rockkofertas.com.es\/index.php\/wp-json\/wp\/v2\/comments?post=7021"}],"wp:featuredmedia":[{"embeddable":true,"href":"https:\/\/rockkofertas.com.es\/index.php\/wp-json\/wp\/v2\/media\/7020"}],"wp:attachment":[{"href":"https:\/\/rockkofertas.com.es\/index.php\/wp-json\/wp\/v2\/media?parent=7021"}],"wp:term":[{"taxonomy":"product_cat","embeddable":true,"href":"https:\/\/rockkofertas.com.es\/index.php\/wp-json\/wp\/v2\/product_cat?post=7021"},{"taxonomy":"product_tag","embeddable":true,"href":"https:\/\/rockkofertas.com.es\/index.php\/wp-json\/wp\/v2\/product_tag?post=7021"}],"curies":[{"name":"wp","href":"https:\/\/api.w.org\/{rel}","templated":true}]}}