{"id":7019,"date":"2025-11-15T00:00:45","date_gmt":"2025-11-15T00:00:45","guid":{"rendered":"https:\/\/rockkofertas.com.es\/index.php\/producto\/b08fbw7bcw-2\/"},"modified":"2025-11-15T00:00:45","modified_gmt":"2025-11-15T00:00:45","slug":"b08fbw7bcw-2","status":"publish","type":"product","link":"https:\/\/rockkofertas.com.es\/index.php\/producto\/b08fbw7bcw-2\/","title":{"rendered":"B08FBW7BCW"},"content":{"rendered":"<p>&#8211; Protege el esmalte: Cuida de tu esmalte y mant\u00e9n tu sonrisa brillante y protegida con la pasta de dientes Colgate Total Advanced Esmalte Sano<br \/>\n&#8211; 24h de protecci\u00f3n antibacteriana: Con su f\u00f3rmula que contiene duo zinc y arginina, este dent\u00edfrico con fl\u00faor proporciona 24 horas de protecci\u00f3n antibacteriana (Reducci\u00f3n superior de bacterias en dientes, lengua, mejillas y enc\u00edas vs; otros dent\u00edfricos con fl\u00faor no antibacterianos, con un uso continuado 2 veces al d\u00eda durante 4 semanas)<br \/>\n&#8211; Cuidado adecuado: Adem\u00e1s, este dent\u00edfrico antibacteriano protege contra la caries, elimina la placa, revitaliza las enc\u00edas y fortalece y repara el esmalte (test in-vitro sobre esmalte debilitado debido a los \u00e1cidos de los alimentos)<br \/>\n&#8211; Aliento fresco: Esta pasta de dientes para el cuidado del esmalte tambi\u00e9n revitaliza tus enc\u00edas, reduce el sarro, protege los dientes sensibles, blanquea y refresca tu aliento para que sonr\u00edas con confianza<br \/>\n&#8211; Formato: Pack de 12 unidades de 75 mililitros cada una<\/p>\n","protected":false},"excerpt":{"rendered":"<p>COLGATE Total Advanced Esmalte Sano Pasta de Dientes, Pack 12 Uds x 75ml, Ayuda a Reparar el Esmalte Debilitado, Dent\u00edfrico Blanqueador con 24h de Defensa Antibacteriana Reforzada para la Boca<br \/>\n#Publicidad <span class=\"read-more\"><a class=\"more-link btn btn-transparent\" href=\"https:\/\/rockkofertas.com.es\/index.php\/producto\/b08fbw7bcw-2\/\">Leer m\u00e1s&#8230;<\/a><\/span><\/p>\n","protected":false},"featured_media":7018,"comment_status":"open","ping_status":"closed","template":"","meta":[],"product_cat":[15],"product_tag":[],"class_list":{"0":"post-7019","1":"product","2":"type-product","3":"status-publish","4":"has-post-thumbnail","6":"product_cat-sin-categorizar","8":"first","9":"instock","10":"shipping-taxable","11":"product-type-external"},"_links":{"self":[{"href":"https:\/\/rockkofertas.com.es\/index.php\/wp-json\/wp\/v2\/product\/7019","targetHints":{"allow":["GET"]}}],"collection":[{"href":"https:\/\/rockkofertas.com.es\/index.php\/wp-json\/wp\/v2\/product"}],"about":[{"href":"https:\/\/rockkofertas.com.es\/index.php\/wp-json\/wp\/v2\/types\/product"}],"replies":[{"embeddable":true,"href":"https:\/\/rockkofertas.com.es\/index.php\/wp-json\/wp\/v2\/comments?post=7019"}],"wp:featuredmedia":[{"embeddable":true,"href":"https:\/\/rockkofertas.com.es\/index.php\/wp-json\/wp\/v2\/media\/7018"}],"wp:attachment":[{"href":"https:\/\/rockkofertas.com.es\/index.php\/wp-json\/wp\/v2\/media?parent=7019"}],"wp:term":[{"taxonomy":"product_cat","embeddable":true,"href":"https:\/\/rockkofertas.com.es\/index.php\/wp-json\/wp\/v2\/product_cat?post=7019"},{"taxonomy":"product_tag","embeddable":true,"href":"https:\/\/rockkofertas.com.es\/index.php\/wp-json\/wp\/v2\/product_tag?post=7019"}],"curies":[{"name":"wp","href":"https:\/\/api.w.org\/{rel}","templated":true}]}}