{"id":7017,"date":"2025-11-14T20:05:12","date_gmt":"2025-11-14T20:05:12","guid":{"rendered":"https:\/\/rockkofertas.com.es\/index.php\/producto\/b0fl37wkm1\/"},"modified":"2025-11-14T20:05:12","modified_gmt":"2025-11-14T20:05:12","slug":"b0fl37wkm1","status":"publish","type":"product","link":"https:\/\/rockkofertas.com.es\/index.php\/producto\/b0fl37wkm1\/","title":{"rendered":"B0FL37WKM1"},"content":{"rendered":"<p>&#8211; \ud83d\uded2 SE ACOPLA AL CARRITO PARA UNA COMPRA M\u00c1S F\u00c1CIL \u2013 La bolsa KUMBEK se engancha directamente al carrito de compra gracias a sus enganches laterales. Siempre abierta y lista para colocar tus productos sin agobios.<br \/>\n&#8211; \ud83d\udce6 CAPACIDAD IDEAL Y RESISTENCIA \u2013 Con 32 \u00d7 37 \u00d7 25 cm y costuras reforzadas, esta bolsa de carrito compra soporta grandes cargas: botellas, frutas, productos de limpieza\u2026 sin ceder.<br \/>\n&#8211; \ud83d\ude97 PERFECTA PARA EL MALETERO \u2013 Col\u00f3cala directamente en el maletero del coche y evita que se vuelque o desordene. Ideal para organizar la compra sin bolsas sueltas.<br \/>\n&#8211; \ud83e\udeb6 LIGERA Y F\u00c1CIL DE GUARDAR \u2013 A diferencia de bolsas con estructura r\u00edgida de aluminio, KUMBEK es mucho m\u00e1s ligera, se pliega f\u00e1cilmente y ocupa poco espacio. Pr\u00e1ctica para usar todos los d\u00edas.<br \/>\n&#8211; \ud83c\udf3f REUTILIZABLE, LAVABLE Y ECOL\u00d3GICA \u2013 Una bolsa duradera, lavable y plegable que reduce el uso de pl\u00e1sticos. M\u00e1s sostenible, m\u00e1s inteligente.<\/p>\n","protected":false},"excerpt":{"rendered":"<p>Bolsa Carrito Compra Reutilizable Grande \u2013 KUMBEK | Plegable, Lavable y Resistente | 28L | 32\u00d737\u00d725 cm | Bolsa Ecol\u00f3gica para Maletero, Coche y Supermercado<br \/>#Publicidad <span class=\"read-more\"><a class=\"more-link btn btn-transparent\" href=\"https:\/\/rockkofertas.com.es\/index.php\/producto\/b0fl37wkm1\/\">Leer m\u00e1s&#8230;<\/a><\/span><\/p>\n","protected":false},"featured_media":7016,"comment_status":"open","ping_status":"closed","template":"","meta":[],"product_cat":[15],"product_tag":[],"class_list":{"0":"post-7017","1":"product","2":"type-product","3":"status-publish","4":"has-post-thumbnail","6":"product_cat-sin-categorizar","8":"first","9":"instock","10":"shipping-taxable","11":"product-type-external"},"_links":{"self":[{"href":"https:\/\/rockkofertas.com.es\/index.php\/wp-json\/wp\/v2\/product\/7017","targetHints":{"allow":["GET"]}}],"collection":[{"href":"https:\/\/rockkofertas.com.es\/index.php\/wp-json\/wp\/v2\/product"}],"about":[{"href":"https:\/\/rockkofertas.com.es\/index.php\/wp-json\/wp\/v2\/types\/product"}],"replies":[{"embeddable":true,"href":"https:\/\/rockkofertas.com.es\/index.php\/wp-json\/wp\/v2\/comments?post=7017"}],"wp:featuredmedia":[{"embeddable":true,"href":"https:\/\/rockkofertas.com.es\/index.php\/wp-json\/wp\/v2\/media\/7016"}],"wp:attachment":[{"href":"https:\/\/rockkofertas.com.es\/index.php\/wp-json\/wp\/v2\/media?parent=7017"}],"wp:term":[{"taxonomy":"product_cat","embeddable":true,"href":"https:\/\/rockkofertas.com.es\/index.php\/wp-json\/wp\/v2\/product_cat?post=7017"},{"taxonomy":"product_tag","embeddable":true,"href":"https:\/\/rockkofertas.com.es\/index.php\/wp-json\/wp\/v2\/product_tag?post=7017"}],"curies":[{"name":"wp","href":"https:\/\/api.w.org\/{rel}","templated":true}]}}