{"id":7013,"date":"2025-11-14T20:00:47","date_gmt":"2025-11-14T20:00:47","guid":{"rendered":"https:\/\/rockkofertas.com.es\/index.php\/producto\/b0cbkc2qmy\/"},"modified":"2025-11-14T20:00:47","modified_gmt":"2025-11-14T20:00:47","slug":"b0cbkc2qmy","status":"publish","type":"product","link":"https:\/\/rockkofertas.com.es\/index.php\/producto\/b0cbkc2qmy\/","title":{"rendered":"B0CBKC2QMY"},"content":{"rendered":"<p>&#8211; Contenido del env\u00edo: disfraz de rey fara\u00f3n para hombre: tocado, t\u00fanica con cuello, cintur\u00f3n. NO INCLUYE: Varilla egipcia, otros accesorios egipcios<br \/>\n&#8211; TAMA\u00d1O Disfraz de carnaval para hombre: M 48-50<br \/>\n&#8211; Costura: aprox. : pecho 96-101 cm, cintura 86-90 cm, cadera 99-100 cm<br \/>\n&#8211; Material: este disfraz de carnaval para hombre impresiona por su gran dise\u00f1o y est\u00e1 hecho de 100% poli\u00e9ster, para que puedas pasar un buen rato en tu pr\u00f3xima fiesta de disfraces.<br \/>\n&#8211; FIESTAS GUIRCA Disfraz de carnaval para hombre: una excelente opci\u00f3n para carnaval, Halloween o una fiesta tem\u00e1tica<\/p>\n","protected":false},"excerpt":{"rendered":"<p>FIESTAS GUIRCA Disfraz de Fara\u00f3n de Egipto Negro para Hombre<br \/>\n#Publicidad <span class=\"read-more\"><a class=\"more-link btn btn-transparent\" href=\"https:\/\/rockkofertas.com.es\/index.php\/producto\/b0cbkc2qmy\/\">Leer m\u00e1s&#8230;<\/a><\/span><\/p>\n","protected":false},"featured_media":7012,"comment_status":"open","ping_status":"closed","template":"","meta":[],"product_cat":[15],"product_tag":[],"class_list":{"0":"post-7013","1":"product","2":"type-product","3":"status-publish","4":"has-post-thumbnail","6":"product_cat-sin-categorizar","8":"first","9":"instock","10":"shipping-taxable","11":"product-type-external"},"_links":{"self":[{"href":"https:\/\/rockkofertas.com.es\/index.php\/wp-json\/wp\/v2\/product\/7013","targetHints":{"allow":["GET"]}}],"collection":[{"href":"https:\/\/rockkofertas.com.es\/index.php\/wp-json\/wp\/v2\/product"}],"about":[{"href":"https:\/\/rockkofertas.com.es\/index.php\/wp-json\/wp\/v2\/types\/product"}],"replies":[{"embeddable":true,"href":"https:\/\/rockkofertas.com.es\/index.php\/wp-json\/wp\/v2\/comments?post=7013"}],"wp:featuredmedia":[{"embeddable":true,"href":"https:\/\/rockkofertas.com.es\/index.php\/wp-json\/wp\/v2\/media\/7012"}],"wp:attachment":[{"href":"https:\/\/rockkofertas.com.es\/index.php\/wp-json\/wp\/v2\/media?parent=7013"}],"wp:term":[{"taxonomy":"product_cat","embeddable":true,"href":"https:\/\/rockkofertas.com.es\/index.php\/wp-json\/wp\/v2\/product_cat?post=7013"},{"taxonomy":"product_tag","embeddable":true,"href":"https:\/\/rockkofertas.com.es\/index.php\/wp-json\/wp\/v2\/product_tag?post=7013"}],"curies":[{"name":"wp","href":"https:\/\/api.w.org\/{rel}","templated":true}]}}