{"id":7011,"date":"2025-11-14T17:05:08","date_gmt":"2025-11-14T17:05:08","guid":{"rendered":"https:\/\/rockkofertas.com.es\/index.php\/producto\/b0fwr3r4wy\/"},"modified":"2025-11-14T17:05:08","modified_gmt":"2025-11-14T17:05:08","slug":"b0fwr3r4wy","status":"publish","type":"product","link":"https:\/\/rockkofertas.com.es\/index.php\/producto\/b0fwr3r4wy\/","title":{"rendered":"B0FWR3R4WY"},"content":{"rendered":"<p>&#8211; [45 dB de tapones para dormir] Los tapones para dormir cuentan con una estructura de absorci\u00f3n de alta densidad y un dise\u00f1o multicapa insonorizante. Su forma sellada de precisi\u00f3n y contornos ergon\u00f3micos bloquean hasta 45 dB de ruido no deseado. Fabricados en suave silicona, nuestros tapones son reutilizables y ofrecen una protecci\u00f3n auditiva duradera.<br \/>\n&#8211; [M\u00e1xima comodidad] Los tapones est\u00e1n hechos de una silicona ultrasuave que se adapta gentilmente a la forma de tu canal auditivo. Cada punto de contacto est\u00e1 cuidadosamente dise\u00f1ado para ofrecer una comodidad prolongada, lo que los hace perfectos para un uso extendido o para llevarlos puestos toda la noche.<br \/>\n&#8211; [Ajuste perfecto y estilo] El dise\u00f1o circular de estos tapones reductores de ruido se sit\u00faa perfectamente en tus o\u00eddos, funcionando como un accesorio elegante que protege tu audici\u00f3n y reduce el ruido. Aviso: si los tapones no reducen suficiente sonido o se caen, prueba una talla m\u00e1s grande; si te duelen los o\u00eddos, usa una talla m\u00e1s peque\u00f1a.<br \/>\n&#8211; [Vers\u00e1tiles y multiprop\u00f3sito] Ya sea para dormir, trabajar, concentrarte o simplemente bloquear el ruido de fondo, estos tapones son un imprescindible para adultos. El ciclo cerrado opcional de los dos pares de tapones favorece un descanso lateral y tranquilo.<br \/>\n&#8211; [Sostenibles y ecol\u00f3gicos] Nuestros tapones vienen en un estuche port\u00e1til, son reutilizables y lavables, ofreciendo una soluci\u00f3n sostenible frente a los tapones desechables. El paquete incluye 1 par de cuerpos de tapones, 3 juegos de puntas de silicona suave (S, M, L) y una caja de almacenamiento port\u00e1til.<\/p>\n","protected":false},"excerpt":{"rendered":"<p>Tkimat Tapones para los o\u00eddos protecci\u00f3n auditiva de alta fidelidad para conciertos y m\u00fasicos<br \/>#Publicidad <span class=\"read-more\"><a class=\"more-link btn btn-transparent\" href=\"https:\/\/rockkofertas.com.es\/index.php\/producto\/b0fwr3r4wy\/\">Leer m\u00e1s&#8230;<\/a><\/span><\/p>\n","protected":false},"featured_media":7010,"comment_status":"open","ping_status":"closed","template":"","meta":[],"product_cat":[15],"product_tag":[],"class_list":{"0":"post-7011","1":"product","2":"type-product","3":"status-publish","4":"has-post-thumbnail","6":"product_cat-sin-categorizar","8":"first","9":"instock","10":"shipping-taxable","11":"product-type-external"},"_links":{"self":[{"href":"https:\/\/rockkofertas.com.es\/index.php\/wp-json\/wp\/v2\/product\/7011","targetHints":{"allow":["GET"]}}],"collection":[{"href":"https:\/\/rockkofertas.com.es\/index.php\/wp-json\/wp\/v2\/product"}],"about":[{"href":"https:\/\/rockkofertas.com.es\/index.php\/wp-json\/wp\/v2\/types\/product"}],"replies":[{"embeddable":true,"href":"https:\/\/rockkofertas.com.es\/index.php\/wp-json\/wp\/v2\/comments?post=7011"}],"wp:featuredmedia":[{"embeddable":true,"href":"https:\/\/rockkofertas.com.es\/index.php\/wp-json\/wp\/v2\/media\/7010"}],"wp:attachment":[{"href":"https:\/\/rockkofertas.com.es\/index.php\/wp-json\/wp\/v2\/media?parent=7011"}],"wp:term":[{"taxonomy":"product_cat","embeddable":true,"href":"https:\/\/rockkofertas.com.es\/index.php\/wp-json\/wp\/v2\/product_cat?post=7011"},{"taxonomy":"product_tag","embeddable":true,"href":"https:\/\/rockkofertas.com.es\/index.php\/wp-json\/wp\/v2\/product_tag?post=7011"}],"curies":[{"name":"wp","href":"https:\/\/api.w.org\/{rel}","templated":true}]}}