{"id":7007,"date":"2025-11-14T17:04:16","date_gmt":"2025-11-14T17:04:16","guid":{"rendered":"https:\/\/rockkofertas.com.es\/index.php\/producto\/b0fxglhnwm\/"},"modified":"2025-11-14T17:04:16","modified_gmt":"2025-11-14T17:04:16","slug":"b0fxglhnwm","status":"publish","type":"product","link":"https:\/\/rockkofertas.com.es\/index.php\/producto\/b0fxglhnwm\/","title":{"rendered":"B0FXGLHNWM"},"content":{"rendered":"<p>&#8211; \u3010Cable m\u00e1s fuerte y mando a distancia\u3011: el auricular USB C est\u00e1 reforzado para garantizar una vida \u00fatil m\u00e1s larga. Soporta volumen +\/-, \u00faltima pista\/siguiente, pausa, contestar\/finalizar\/rechazar llamadas para que tengas las manos libres cuando escuchas m\u00fasica o haces llamadas mientras conduces, caminas, haces deporte, trabajas, compras, etc.<br \/>\n&#8211; Amplia compatibilidad: auriculares USB C para iPhone 16\/16 plus\/16 pro\/16 pro max, iPhone15\/15 plus\/15 pro\/15 pro max, para iPad Pro 2020 2021 2022 2023, para iPad Air 4th 2022 2023, para iPad Mini 6th (2022 21,20 22,2023), para MacBook\/MacBook Pro, para Samsung Galaxy S21 FE\/S21\/S21 Plus\/ S21 Ultra\/S20 FE\/S20\/S20 Plus\/ S20 Ultra\/Note 20\/20 Ultra\/10\/10 Plus Galaxy Z Fold \/ Flip 3 \/ S22 + \/ S22 Ultra. \/ A53\/ A33\/ Galaxy Tab S8+ 5G, otros dispositivos con puerto de audio USB C.<br \/>\n&#8211; \u3010Auriculares iPhone 16 de material de alta calidad\u3011Auriculares iPhone 16 con cable conectores revestidos de metal reducen significativamente el fen\u00f3meno del mal contacto, resistente al estiramiento, duradero; 1 metro de longitud, chip DAC potente incorporado para mantener la ac\u00fastica de alta resoluci\u00f3n de sus dispositivos, sin zumbidos, estallidos u otros problemas de audio deficientes, simplemente con\u00e9ctelo y comience a disfrutar de su m\u00fasica favorita.<br \/>\n&#8211; Dise\u00f1o ergon\u00f3mico: auriculares iPhone 15 Pro ergon\u00f3micos con cancelaci\u00f3n de ruido hechos de materiales de alta calidad que minimizan el ruido circundante y te ofrecen una mejor experiencia musical. Son adecuados para su trabajo diario, estudios y deportes. Si los llevas durante mucho tiempo, no sentir\u00e1s ninguna molestia en los o\u00eddos.<\/p>\n","protected":false},"excerpt":{"rendered":"<p>Anferu Auriculares USB C iPhone16 ProMax Auriculares con Cable Tipo C con Micr\u00f3fono y Mando<br \/>#Publicidad <span class=\"read-more\"><a class=\"more-link btn btn-transparent\" href=\"https:\/\/rockkofertas.com.es\/index.php\/producto\/b0fxglhnwm\/\">Leer m\u00e1s&#8230;<\/a><\/span><\/p>\n","protected":false},"featured_media":7006,"comment_status":"open","ping_status":"closed","template":"","meta":[],"product_cat":[15],"product_tag":[],"class_list":{"0":"post-7007","1":"product","2":"type-product","3":"status-publish","4":"has-post-thumbnail","6":"product_cat-sin-categorizar","8":"first","9":"instock","10":"shipping-taxable","11":"product-type-external"},"_links":{"self":[{"href":"https:\/\/rockkofertas.com.es\/index.php\/wp-json\/wp\/v2\/product\/7007","targetHints":{"allow":["GET"]}}],"collection":[{"href":"https:\/\/rockkofertas.com.es\/index.php\/wp-json\/wp\/v2\/product"}],"about":[{"href":"https:\/\/rockkofertas.com.es\/index.php\/wp-json\/wp\/v2\/types\/product"}],"replies":[{"embeddable":true,"href":"https:\/\/rockkofertas.com.es\/index.php\/wp-json\/wp\/v2\/comments?post=7007"}],"wp:featuredmedia":[{"embeddable":true,"href":"https:\/\/rockkofertas.com.es\/index.php\/wp-json\/wp\/v2\/media\/7006"}],"wp:attachment":[{"href":"https:\/\/rockkofertas.com.es\/index.php\/wp-json\/wp\/v2\/media?parent=7007"}],"wp:term":[{"taxonomy":"product_cat","embeddable":true,"href":"https:\/\/rockkofertas.com.es\/index.php\/wp-json\/wp\/v2\/product_cat?post=7007"},{"taxonomy":"product_tag","embeddable":true,"href":"https:\/\/rockkofertas.com.es\/index.php\/wp-json\/wp\/v2\/product_tag?post=7007"}],"curies":[{"name":"wp","href":"https:\/\/api.w.org\/{rel}","templated":true}]}}