{"id":7005,"date":"2025-11-14T16:16:32","date_gmt":"2025-11-14T16:16:32","guid":{"rendered":"https:\/\/rockkofertas.com.es\/index.php\/producto\/b0fqp6d56w-2\/"},"modified":"2025-11-14T16:16:32","modified_gmt":"2025-11-14T16:16:32","slug":"b0fqp6d56w-2","status":"publish","type":"product","link":"https:\/\/rockkofertas.com.es\/index.php\/producto\/b0fqp6d56w-2\/","title":{"rendered":"B0FQP6D56W"},"content":{"rendered":"<p>&#8211; Bluetooth 5.3 y Acoplamiento Autom\u00e1tico: Los auriculares inalambricos bluetooth adoptan la avanzada tecnolog\u00eda Bluetooth 5.3, que ofrece una velocidad de transmisi\u00f3n m\u00e1s r\u00e1pida (2 veces m\u00e1s r\u00e1pida que la generaci\u00f3n anterior), una mayor estabilidad de conexi\u00f3n y un rango Bluetooth m\u00e1s largo (hasta 15 m). Los cascos inalambricos bluetooth son compatibles con los protocolos HSP, HFP, A2DP y AVRCP. Simplemente saca los auriculares inalambricos del estuche de carga y se conectar\u00e1n autom\u00e1ticamente con el \u00faltimo dispositivo al que estaban vinculados.<br \/>\n&#8211; Llamadas de Alta Definici\u00f3n y Est\u00e9reo HiFi: Los cascos inalambricos cuentan con altavoces de alta eficiencia de 13mm y tecnolog\u00eda de reproducci\u00f3n de alta definici\u00f3n, que brindan una calidad de sonido 3D envolvente y una experiencia auditiva din\u00e1mica. Los auriculares bluetooth incluyen 4 micr\u00f3fonos HD con tecnolog\u00eda ENC de supresi\u00f3n de ruido, capaz de suprimir el 90% del ruido de fondo en el entorno de la llamada, manteniendo tu voz con claridad constante en cada conversaci\u00f3n.<br \/>\n&#8211; 40 Horas de Reproducci\u00f3n y Pantalla Digital de Potencia LED: Los audifonos inalambricos brindan hasta 8 horas de reproducci\u00f3n musical con una sola carga, y el estuche de carga extiende la autonom\u00eda a 40 horas (sumando un total de 40 horas). Gracias al cable USB-C incluido, el estuche de carga se puede cargar completamente en solo 1,5 horas. Los auriculares inal\u00e1mbricos tienen una funci\u00f3n de visualizaci\u00f3n de energ\u00eda LED, lo que te permite verificar f\u00e1cilmente el nivel de potencia (de 1 a 100%) y el progreso de carga en tiempo real de ambos dispositivos.<br \/>\n&#8211; C\u00f3modo de Uso y Resistencia al Agua IP7: Los cascos bluetooth tienen un dise\u00f1o ergon\u00f3mico, y cada auricular solo pesa 3 gramos, lo que te brinda una experiencia de uso estable y confortable. Los auriculares deportivos a prueba de agua cuentan con la certificaci\u00f3n de impermeabilidad IP7, y su material con nanorrevestimiento protege los auriculares inalambricos deportivos de la lluvia intensa y el sudor durante el trabajo y la vida cotidiana.<br \/>\n&#8211; Control T\u00e1ctil y Bot\u00f3n de Reinicio: Los auriculares in ear cuentan con un chip t\u00e1ctil de alta precisi\u00f3n, que te permite realizar f\u00e1cilmente m\u00faltiples funciones como reproducir\/pausar m\u00fasica, responder\/rechazar llamadas, ajustar el volumen, cambiar de canci\u00f3n y activar el asistente de voz, entre otras. Adem\u00e1s, hay un bot\u00f3n de reinicio en la parte inferior del estuche de carga: basta con mantenerlo pulsado durante unos segundos para restablecer los ajustes de f\u00e1brica de los auriculares.<\/p>\n","protected":false},"excerpt":{"rendered":"<p>Auriculares Inalambricos Bluetooth, Auriculares Bluetooth 5.3 con 4 HD Mic, 40H Ccascos Inalambricos Bluetooth HiFi Est\u00e9reo, Doble Pantalla LED, IP7 Impermeable Audifonos Inalambricos, Control T\u00e1ctil.<br \/>#Publicidad <span class=\"read-more\"><a class=\"more-link btn btn-transparent\" href=\"https:\/\/rockkofertas.com.es\/index.php\/producto\/b0fqp6d56w-2\/\">Leer m\u00e1s&#8230;<\/a><\/span><\/p>\n","protected":false},"featured_media":7004,"comment_status":"open","ping_status":"closed","template":"","meta":[],"product_cat":[15],"product_tag":[],"class_list":{"0":"post-7005","1":"product","2":"type-product","3":"status-publish","4":"has-post-thumbnail","6":"product_cat-sin-categorizar","8":"first","9":"instock","10":"shipping-taxable","11":"product-type-external"},"_links":{"self":[{"href":"https:\/\/rockkofertas.com.es\/index.php\/wp-json\/wp\/v2\/product\/7005","targetHints":{"allow":["GET"]}}],"collection":[{"href":"https:\/\/rockkofertas.com.es\/index.php\/wp-json\/wp\/v2\/product"}],"about":[{"href":"https:\/\/rockkofertas.com.es\/index.php\/wp-json\/wp\/v2\/types\/product"}],"replies":[{"embeddable":true,"href":"https:\/\/rockkofertas.com.es\/index.php\/wp-json\/wp\/v2\/comments?post=7005"}],"wp:featuredmedia":[{"embeddable":true,"href":"https:\/\/rockkofertas.com.es\/index.php\/wp-json\/wp\/v2\/media\/7004"}],"wp:attachment":[{"href":"https:\/\/rockkofertas.com.es\/index.php\/wp-json\/wp\/v2\/media?parent=7005"}],"wp:term":[{"taxonomy":"product_cat","embeddable":true,"href":"https:\/\/rockkofertas.com.es\/index.php\/wp-json\/wp\/v2\/product_cat?post=7005"},{"taxonomy":"product_tag","embeddable":true,"href":"https:\/\/rockkofertas.com.es\/index.php\/wp-json\/wp\/v2\/product_tag?post=7005"}],"curies":[{"name":"wp","href":"https:\/\/api.w.org\/{rel}","templated":true}]}}