{"id":7003,"date":"2025-11-14T16:00:49","date_gmt":"2025-11-14T16:00:49","guid":{"rendered":"https:\/\/rockkofertas.com.es\/index.php\/producto\/b0ff43jy1z\/"},"modified":"2025-11-14T16:00:49","modified_gmt":"2025-11-14T16:00:49","slug":"b0ff43jy1z","status":"publish","type":"product","link":"https:\/\/rockkofertas.com.es\/index.php\/producto\/b0ff43jy1z\/","title":{"rendered":"B0FF43JY1Z"},"content":{"rendered":"<p>&#8211; \ud83d\udc8d ARTESAN\u00cdA EXQUISITA: La expositor collares est\u00e1 hecha de una combinaci\u00f3n de materiales de metal y madera de alta calidad, que es estable, resistente a la corrosi\u00f3n y resistente. Con un acabado galvanizado claro y suave, la expositor de joyas no se decolora f\u00e1cilmente y es f\u00e1cil de limpiar.<br \/>\n&#8211; \ud83c\udf0a F\u00c1CIL DE INSTALAR LA ESTANTE DE JOYAS: La soporte para cadena desmontable viene con sus propias herramientas de instalaci\u00f3n, simplemente inserte la parte met\u00e1lica del organizador de pendientes en el orificio de la bandeja de madera correspondiente y apriete los tornillos con un destornillador para completar el montaje f\u00e1cilmente, ideal para guardar joyas, guardar cadenas y colocar collares.<br \/>\n&#8211; \ud83d\udca1 VERS\u00c1TIL Y PR\u00c1CTICO SOPORTE COLLARES: Con un dise\u00f1o de 4 niveles, la expositor pulseras es ampliamente utilizada. La soporte para pendientes viene con 48 orificios para pendientes, 6 soportes para collares con gancho, 2 soportes para pulseras, 1 bandeja de madera y 1 soporte para anillos para guardar relojes, collares, pulseras, pendientes, relojes, anillos, accesorios para el cabello y m\u00e1s al mismo tiempo para satisfacer tus necesidades diarias.<br \/>\n&#8211; \ud83c\udf08 SOPORTE PARA ARETES CON DISE\u00d1O PERFECTO: Combinando elementos de madera con acabados met\u00e1licos, la organizador de collares simple y elegante se integra perfectamente con cualquier decoraci\u00f3n, perfecta para familia o joyer\u00edas. El conveniente m\u00e9todo de exhibici\u00f3n le permite encontrar f\u00e1cilmente los art\u00edculos que desea, haciendo que sus joyas sean ordenadas y convenientes.<br \/>\n&#8211; \ud83c\udf81 SIGNIFICATIVO SOPORTE ORGANIZADOR DE JOYAS: Benxdara colgador collares es ideal para tu esposa, hija, novia o amiga en diversas fiestas, como San Valent\u00edn, el D\u00eda de la Madre, Acci\u00f3n de Gracias, cumplea\u00f1os y Navidad. Coloca los soportes para pendientes en c\u00f3modas, mesitas de noche y otras superficies para ahorrar espacio y a\u00f1adir un toque de color a tu vida.<\/p>\n","protected":false},"excerpt":{"rendered":"<p>Benxdara Soporte Para Joyas, Organizador y Expositor de Joyas de 4 Niveles con Bandeja, Organizador Pendientes Soporte de Exhibici\u00f3n para Collares, Pendientes, Anillos, Pulseras, Negro<br \/>\n#Publicidad <span class=\"read-more\"><a class=\"more-link btn btn-transparent\" href=\"https:\/\/rockkofertas.com.es\/index.php\/producto\/b0ff43jy1z\/\">Leer m\u00e1s&#8230;<\/a><\/span><\/p>\n","protected":false},"featured_media":7002,"comment_status":"open","ping_status":"closed","template":"","meta":[],"product_cat":[15],"product_tag":[],"class_list":{"0":"post-7003","1":"product","2":"type-product","3":"status-publish","4":"has-post-thumbnail","6":"product_cat-sin-categorizar","8":"first","9":"instock","10":"shipping-taxable","11":"product-type-external"},"_links":{"self":[{"href":"https:\/\/rockkofertas.com.es\/index.php\/wp-json\/wp\/v2\/product\/7003","targetHints":{"allow":["GET"]}}],"collection":[{"href":"https:\/\/rockkofertas.com.es\/index.php\/wp-json\/wp\/v2\/product"}],"about":[{"href":"https:\/\/rockkofertas.com.es\/index.php\/wp-json\/wp\/v2\/types\/product"}],"replies":[{"embeddable":true,"href":"https:\/\/rockkofertas.com.es\/index.php\/wp-json\/wp\/v2\/comments?post=7003"}],"wp:featuredmedia":[{"embeddable":true,"href":"https:\/\/rockkofertas.com.es\/index.php\/wp-json\/wp\/v2\/media\/7002"}],"wp:attachment":[{"href":"https:\/\/rockkofertas.com.es\/index.php\/wp-json\/wp\/v2\/media?parent=7003"}],"wp:term":[{"taxonomy":"product_cat","embeddable":true,"href":"https:\/\/rockkofertas.com.es\/index.php\/wp-json\/wp\/v2\/product_cat?post=7003"},{"taxonomy":"product_tag","embeddable":true,"href":"https:\/\/rockkofertas.com.es\/index.php\/wp-json\/wp\/v2\/product_tag?post=7003"}],"curies":[{"name":"wp","href":"https:\/\/api.w.org\/{rel}","templated":true}]}}