{"id":6995,"date":"2025-11-14T13:05:05","date_gmt":"2025-11-14T13:05:05","guid":{"rendered":"https:\/\/rockkofertas.com.es\/index.php\/producto\/b0fw4zjdcr\/"},"modified":"2025-11-14T13:05:05","modified_gmt":"2025-11-14T13:05:05","slug":"b0fw4zjdcr","status":"publish","type":"product","link":"https:\/\/rockkofertas.com.es\/index.php\/producto\/b0fw4zjdcr\/","title":{"rendered":"B0FW4ZJDCR"},"content":{"rendered":"<p>&#8211; Bater\u00eda externa, 22,5 W, 20000 mAh Power Bank, bater\u00eda port\u00e1til USB C de entrada y salida PD3.0 QC4.0 Carga r\u00e1pida Powerbank compatible con smartphones, etc<\/p>\n","protected":false},"excerpt":{"rendered":"<p>Bater\u00eda Externa, 22,5 W, 20000 mAh Power Bank, bater\u00eda port\u00e1til USB C de Entrada y Salida PD3.0 QC4.0 Carga r\u00e1pida Powerbank Compatible con Smartphones, etc<br \/>#Publicidad <span class=\"read-more\"><a class=\"more-link btn btn-transparent\" href=\"https:\/\/rockkofertas.com.es\/index.php\/producto\/b0fw4zjdcr\/\">Leer m\u00e1s&#8230;<\/a><\/span><\/p>\n","protected":false},"featured_media":6994,"comment_status":"open","ping_status":"closed","template":"","meta":[],"product_cat":[15],"product_tag":[],"class_list":{"0":"post-6995","1":"product","2":"type-product","3":"status-publish","4":"has-post-thumbnail","6":"product_cat-sin-categorizar","8":"first","9":"instock","10":"shipping-taxable","11":"product-type-external"},"_links":{"self":[{"href":"https:\/\/rockkofertas.com.es\/index.php\/wp-json\/wp\/v2\/product\/6995","targetHints":{"allow":["GET"]}}],"collection":[{"href":"https:\/\/rockkofertas.com.es\/index.php\/wp-json\/wp\/v2\/product"}],"about":[{"href":"https:\/\/rockkofertas.com.es\/index.php\/wp-json\/wp\/v2\/types\/product"}],"replies":[{"embeddable":true,"href":"https:\/\/rockkofertas.com.es\/index.php\/wp-json\/wp\/v2\/comments?post=6995"}],"wp:featuredmedia":[{"embeddable":true,"href":"https:\/\/rockkofertas.com.es\/index.php\/wp-json\/wp\/v2\/media\/6994"}],"wp:attachment":[{"href":"https:\/\/rockkofertas.com.es\/index.php\/wp-json\/wp\/v2\/media?parent=6995"}],"wp:term":[{"taxonomy":"product_cat","embeddable":true,"href":"https:\/\/rockkofertas.com.es\/index.php\/wp-json\/wp\/v2\/product_cat?post=6995"},{"taxonomy":"product_tag","embeddable":true,"href":"https:\/\/rockkofertas.com.es\/index.php\/wp-json\/wp\/v2\/product_tag?post=6995"}],"curies":[{"name":"wp","href":"https:\/\/api.w.org\/{rel}","templated":true}]}}