{"id":6987,"date":"2025-11-14T08:44:06","date_gmt":"2025-11-14T08:44:06","guid":{"rendered":"https:\/\/rockkofertas.com.es\/index.php\/producto\/b0fp5brthj\/"},"modified":"2025-11-14T08:44:06","modified_gmt":"2025-11-14T08:44:06","slug":"b0fp5brthj","status":"publish","type":"product","link":"https:\/\/rockkofertas.com.es\/index.php\/producto\/b0fp5brthj\/","title":{"rendered":"B0FP5BRTHJ"},"content":{"rendered":"<p>&#8211; \u30108000Pa Succi\u00f3n + 3 en 1: Aspirar\/Barrer\/Fregar\u3011El robot aspirador Q10 cuenta con un potente ventilador de 8000Pa que, manteniendo un bajo nivel de ruido (60dB), elimina f\u00e1cilmente el 99% del pelo de mascotas, polvo y al\u00e9rgenos. Su sensor autom\u00e1tico de alfombras detecta estas superficies y aumenta instant\u00e1neamente la succi\u00f3n para eliminar la suciedad incrustada. Puede aspirar y fregar simult\u00e1neamente o realizar ambas funciones, con tres niveles ajustables de suministro de agua. Ideal para baldosas, suelos de madera y alfombras. (Dise\u00f1o 2 en 1 con dep\u00f3sito de polvo de 350 ml y dep\u00f3sito de agua de 250 ml).<br \/>\n&#8211; \u3010200 Min Autonom\u00eda + 230 m\u00b2 de Cobertura\u3011La bater\u00eda de 3200 mAh de este aspirador robot ofrece hasta 200 minutos de autonom\u00eda y una cobertura de limpieza de 230 m\u00b2. Incluso en viviendas con superficies mayores a 230 m\u00b2 no hay de qu\u00e9 preocuparse: cuando la bater\u00eda est\u00e9 baja, el robot regresar\u00e1 autom\u00e1ticamente a la base de carga para recargarse y luego reanudar\u00e1 la limpieza desde el punto donde se interrumpi\u00f3, garantizando as\u00ed la limpieza completa de toda la vivienda.<br \/>\n&#8211; \u3010Navegaci\u00f3n LIDAR 360\u00b0 + Dise\u00f1o Delgado de 9.7 cm\u3011A diferencia de otros productos, la navegaci\u00f3n LIDAR 360\u00b0 crea un mapa preciso del hogar en solo 15 minutos (68% m\u00e1s eficiente que los robots con navegaci\u00f3n aleatoria). Tanto de d\u00eda como de noche, este robot limpia identifica con precisi\u00f3n y esquiva obst\u00e1culos como juguetes y muebles. Con una altura de solo 9.7 cm, se desliza f\u00e1cilmente bajo camas y sof\u00e1s, donde suelen acumularse polvo y pelo. Proporciona un entorno de limpieza confortable para personas sensibles a los olores.<br \/>\n&#8211; \u3010Limpieza Personalizada + Memoria Multimapa\u3011Q10 le permite personalizar la configuraci\u00f3n de limpieza para cada habitaci\u00f3n, como el tiempo de limpieza, la potencia de succi\u00f3n y el flujo de agua. Tambi\u00e9n puede crear barreras virtuales para evitar limpiezas en \u00e1reas no deseadas. Adem\u00e1s, es capaz de guardar hasta 5 mapas editables(Adecuado para m\u00faltiples plantas) . Al configurar el ciclo de limpieza de 1 a 2, se activa el \u00abModo Matriz\u00bb que logra una cobertura de limpieza del 99% para una limpieza exhaustiva. Equipado con 15 sensores, incluidos 6 sensores \u00f3pticos, detecta y esquiva paredes blancas, escaleras y obst\u00e1culos para manejar eficazmente situaciones complejas.<br \/>\n&#8211; \u30104 Modos de Control\u3011El robot puede manejarse de 4 formas: App, Voz, Mando a Distancia y Apple Watch. Programe limpiezas f\u00e1cilmente desde la app Proscenic (solo compatible con Wi-Fi de 2.4 GHz), o inicie la limpieza por comando de voz usando Alexa, Google Assistant o Siri. Tambi\u00e9n puede utilizar el mando a distancia para enviar instrucciones, permitiendo que cualquier persona en el hogar active el robot limpiador.<br \/>\n&#8211; \u3010Servicio de Atenci\u00f3n al Cliente de Confianza\u3011Proscenic ofrece un servicio de garant\u00eda confiable y soporte t\u00e9cnico especializado. Si encuentra cualquier inconveniente durante el uso, no dude en contactarnos.(service-es@proscenic.com)<\/p>\n","protected":false},"excerpt":{"rendered":"<p>Proscenic Q10 Robot Aspirador y Fregasuelos con navegaci\u00f3n l\u00e1ser, 8000Pa\/200Min Autonom\u00eda, Adaptaci\u00f3n Alfombras, por App\/Voz\/Control Remoto\/Apple Watch para Suelos, Alfombras y pelos de Mascotas<br \/>#Publicidad <span class=\"read-more\"><a class=\"more-link btn btn-transparent\" href=\"https:\/\/rockkofertas.com.es\/index.php\/producto\/b0fp5brthj\/\">Leer m\u00e1s&#8230;<\/a><\/span><\/p>\n","protected":false},"featured_media":6986,"comment_status":"open","ping_status":"closed","template":"","meta":[],"product_cat":[15],"product_tag":[],"class_list":{"0":"post-6987","1":"product","2":"type-product","3":"status-publish","4":"has-post-thumbnail","6":"product_cat-sin-categorizar","8":"first","9":"instock","10":"shipping-taxable","11":"product-type-external"},"_links":{"self":[{"href":"https:\/\/rockkofertas.com.es\/index.php\/wp-json\/wp\/v2\/product\/6987","targetHints":{"allow":["GET"]}}],"collection":[{"href":"https:\/\/rockkofertas.com.es\/index.php\/wp-json\/wp\/v2\/product"}],"about":[{"href":"https:\/\/rockkofertas.com.es\/index.php\/wp-json\/wp\/v2\/types\/product"}],"replies":[{"embeddable":true,"href":"https:\/\/rockkofertas.com.es\/index.php\/wp-json\/wp\/v2\/comments?post=6987"}],"wp:featuredmedia":[{"embeddable":true,"href":"https:\/\/rockkofertas.com.es\/index.php\/wp-json\/wp\/v2\/media\/6986"}],"wp:attachment":[{"href":"https:\/\/rockkofertas.com.es\/index.php\/wp-json\/wp\/v2\/media?parent=6987"}],"wp:term":[{"taxonomy":"product_cat","embeddable":true,"href":"https:\/\/rockkofertas.com.es\/index.php\/wp-json\/wp\/v2\/product_cat?post=6987"},{"taxonomy":"product_tag","embeddable":true,"href":"https:\/\/rockkofertas.com.es\/index.php\/wp-json\/wp\/v2\/product_tag?post=6987"}],"curies":[{"name":"wp","href":"https:\/\/api.w.org\/{rel}","templated":true}]}}