{"id":6985,"date":"2025-11-14T08:00:56","date_gmt":"2025-11-14T08:00:56","guid":{"rendered":"https:\/\/rockkofertas.com.es\/index.php\/producto\/b0bcp4mm87\/"},"modified":"2025-11-14T08:00:56","modified_gmt":"2025-11-14T08:00:56","slug":"b0bcp4mm87","status":"publish","type":"product","link":"https:\/\/rockkofertas.com.es\/index.php\/producto\/b0bcp4mm87\/","title":{"rendered":"B0BCP4MM87"},"content":{"rendered":"<p>&#8211; Pluma estilogr\u00e1fica Parker con dise\u00f1o monocrom\u00e1tico en gris acerado oscuro, desde los detalles hasta el plum\u00edn<br \/>\n&#8211; Esta pluma estilogr\u00e1fica de lujo presenta un dise\u00f1o moderno y elegante, perfecto para j\u00f3venes profesionales y su lugar de trabajo<br \/>\n&#8211; Los exclusivos detalles en PVD ofrecen una resistencia superior al desgaste y la corrosi\u00f3n, as\u00ed como un look inconfundible<br \/>\n&#8211; Plum\u00edn fino de acero inoxidable muy duradero que proporciona una experiencia de escritura fiable a la vez que personal<br \/>\n&#8211; Se presenta en un estuche de regalo de Parker con recambios, y es un regalo sofisticado para j\u00f3venes profesionales<\/p>\n","protected":false},"excerpt":{"rendered":"<p>Pluma Estilogr\u00e1fica Parker IM Monocrom\u00e1tica | Tinta Azul | Acabado y Detalles en gris acerado oscuro | Punta Fina | Estuche de Regalo<br \/>\n#Publicidad <span class=\"read-more\"><a class=\"more-link btn btn-transparent\" href=\"https:\/\/rockkofertas.com.es\/index.php\/producto\/b0bcp4mm87\/\">Leer m\u00e1s&#8230;<\/a><\/span><\/p>\n","protected":false},"featured_media":6984,"comment_status":"open","ping_status":"closed","template":"","meta":[],"product_cat":[15],"product_tag":[],"class_list":{"0":"post-6985","1":"product","2":"type-product","3":"status-publish","4":"has-post-thumbnail","6":"product_cat-sin-categorizar","8":"first","9":"instock","10":"shipping-taxable","11":"product-type-external"},"_links":{"self":[{"href":"https:\/\/rockkofertas.com.es\/index.php\/wp-json\/wp\/v2\/product\/6985","targetHints":{"allow":["GET"]}}],"collection":[{"href":"https:\/\/rockkofertas.com.es\/index.php\/wp-json\/wp\/v2\/product"}],"about":[{"href":"https:\/\/rockkofertas.com.es\/index.php\/wp-json\/wp\/v2\/types\/product"}],"replies":[{"embeddable":true,"href":"https:\/\/rockkofertas.com.es\/index.php\/wp-json\/wp\/v2\/comments?post=6985"}],"wp:featuredmedia":[{"embeddable":true,"href":"https:\/\/rockkofertas.com.es\/index.php\/wp-json\/wp\/v2\/media\/6984"}],"wp:attachment":[{"href":"https:\/\/rockkofertas.com.es\/index.php\/wp-json\/wp\/v2\/media?parent=6985"}],"wp:term":[{"taxonomy":"product_cat","embeddable":true,"href":"https:\/\/rockkofertas.com.es\/index.php\/wp-json\/wp\/v2\/product_cat?post=6985"},{"taxonomy":"product_tag","embeddable":true,"href":"https:\/\/rockkofertas.com.es\/index.php\/wp-json\/wp\/v2\/product_tag?post=6985"}],"curies":[{"name":"wp","href":"https:\/\/api.w.org\/{rel}","templated":true}]}}