{"id":6983,"date":"2025-11-14T07:47:16","date_gmt":"2025-11-14T07:47:16","guid":{"rendered":"https:\/\/rockkofertas.com.es\/index.php\/producto\/b0fyr15m7m\/"},"modified":"2025-11-14T07:47:16","modified_gmt":"2025-11-14T07:47:16","slug":"b0fyr15m7m","status":"publish","type":"product","link":"https:\/\/rockkofertas.com.es\/index.php\/producto\/b0fyr15m7m\/","title":{"rendered":"B0FYR15M7M"},"content":{"rendered":"<p>&#8211; Comedero de calefacci\u00f3n de 80 W de alta potencia: Adopte la tecnolog\u00eda de calefacci\u00f3n PTC de ahorro de energ\u00eda, que proporciona seguridad contra el sobrecalentamiento. mantener los alimentos a una temperatura adecuada y mantener su humedad. Se necesita s\u00f3lo 15-30 minutos para calentar los alimentos, muy eficiente y ahorro de energ\u00eda<br \/>\n&#8211; Resistente a las fugas: estructura y dise\u00f1o mejorados, la tapa impermeable garantiza la ausencia de fugas incluso si el calentador de alimentos el\u00e9ctrico est\u00e1 inclinado a 45 \u00b0. Se puede usar para calentar sopas y guisos, y se puede usar sin problemas en autom\u00f3viles en carreteras accidentadas<br \/>\n&#8211; 3 EN 1 Lunchbox Calefacci\u00f3n: Esta caja de almuerzo con 2 cables de carga diferentes, 220 V para uso dom\u00e9stico 24 V para un cami\u00f3n y 12 V para un coche. Y el puerto est\u00e1 dise\u00f1ado para ser resistente al agua, muy seguro<br \/>\n&#8211; Nueva caja de almuerzo de color con calefacci\u00f3n: la caja de almuerzo el\u00e9ctrica est\u00e1 hecha de pl\u00e1stico PP de grado alimenticio, el contenedor interior es de acero inoxidable 304 de alta calidad, totalmente no t\u00f3xico, respetuoso con el medio ambiente y seguro para la salud humana. Los recipientes interiores extra\u00edbles separan sus diferentes platos de manera conveniente, se puede lavar en el lavavajillas<br \/>\n&#8211; F\u00e1cil de Transportar: Su dise\u00f1o compacto y port\u00e1til, junto con un asa ergon\u00f3mica, facilita llevarla a cualquier lugar. Ideal para quienes valoran la practicidad en su d\u00eda a d\u00eda<\/p>\n","protected":false},"excerpt":{"rendered":"<p>Wlikeit Fiambrera Electrica, 80 W 1.5 L Calentador Comida, 12 V\/24 V\/220 V, 3 en 1 Lancheira Portatil R\u00e1pida Aquecedor con Cubiertos y Bolsa de Aislamiento para Coche, Cami\u00f3n, Azul-rosa<br \/>#Publicidad <span class=\"read-more\"><a class=\"more-link btn btn-transparent\" href=\"https:\/\/rockkofertas.com.es\/index.php\/producto\/b0fyr15m7m\/\">Leer m\u00e1s&#8230;<\/a><\/span><\/p>\n","protected":false},"featured_media":6982,"comment_status":"open","ping_status":"closed","template":"","meta":[],"product_cat":[15],"product_tag":[],"class_list":{"0":"post-6983","1":"product","2":"type-product","3":"status-publish","4":"has-post-thumbnail","6":"product_cat-sin-categorizar","8":"first","9":"instock","10":"shipping-taxable","11":"product-type-external"},"_links":{"self":[{"href":"https:\/\/rockkofertas.com.es\/index.php\/wp-json\/wp\/v2\/product\/6983","targetHints":{"allow":["GET"]}}],"collection":[{"href":"https:\/\/rockkofertas.com.es\/index.php\/wp-json\/wp\/v2\/product"}],"about":[{"href":"https:\/\/rockkofertas.com.es\/index.php\/wp-json\/wp\/v2\/types\/product"}],"replies":[{"embeddable":true,"href":"https:\/\/rockkofertas.com.es\/index.php\/wp-json\/wp\/v2\/comments?post=6983"}],"wp:featuredmedia":[{"embeddable":true,"href":"https:\/\/rockkofertas.com.es\/index.php\/wp-json\/wp\/v2\/media\/6982"}],"wp:attachment":[{"href":"https:\/\/rockkofertas.com.es\/index.php\/wp-json\/wp\/v2\/media?parent=6983"}],"wp:term":[{"taxonomy":"product_cat","embeddable":true,"href":"https:\/\/rockkofertas.com.es\/index.php\/wp-json\/wp\/v2\/product_cat?post=6983"},{"taxonomy":"product_tag","embeddable":true,"href":"https:\/\/rockkofertas.com.es\/index.php\/wp-json\/wp\/v2\/product_tag?post=6983"}],"curies":[{"name":"wp","href":"https:\/\/api.w.org\/{rel}","templated":true}]}}