{"id":6979,"date":"2025-11-14T04:00:36","date_gmt":"2025-11-14T04:00:36","guid":{"rendered":"https:\/\/rockkofertas.com.es\/index.php\/producto\/b0dp1tw25k\/"},"modified":"2025-11-14T04:00:36","modified_gmt":"2025-11-14T04:00:36","slug":"b0dp1tw25k","status":"publish","type":"product","link":"https:\/\/rockkofertas.com.es\/index.php\/producto\/b0dp1tw25k\/","title":{"rendered":"B0DP1TW25K"},"content":{"rendered":"<p>&#8211; DIENTES 100 % M\u00c1S LIMPIOS que con un cepillo de dientes manual normal gracias a la tecnolog\u00eda iO de Oral-B: DURO CON LA PLACA, SUAVE CON LAS ENC\u00cdAS<br \/>\n&#8211; DISE\u00d1ADO PARA CAMBIAR F\u00c1CILMENTE A CEPILLOS EL\u00c9CTRICOS gracias a su \u00fanico bot\u00f3n, sonido silencioso y bater\u00eda duradera<br \/>\n&#8211; PROTEGE TUS ENC\u00cdAS con el SENSOR DE PRESI\u00d3N DE ENC\u00cdAS AUTOM\u00c1TICO, que reduce la velocidad y emite una se\u00f1al roja cuando te cepillas demasiado fuerte<br \/>\n&#8211; ELIGE F\u00c1CILMENTE TU LIMPIEZA PERFECTA con 3 NIVELES DE INTENSIDAD SILENCIOSA: extrasuave, suave y limpieza diaria<br \/>\n&#8211; CEP\u00cdLLATE DURANTE EL TIEMPO RECOMENDADO POR DENTISTAS con el TEMPORIZADOR DE 2 MINUTOS DE CEPILLADO, que te avisa cada 30 segundos para cambiar tu zona de cepillado<br \/>\n&#8211; Benef\u00edciate de una BATER\u00cdA DURADERA con indicador de carga baja<br \/>\n&#8211; Los cabezales REDONDOS de ORAL-B llegan donde NO llegan los cepillos manuales rectangulares. Disfruta de una mejor limpieza con Oral-B, la marca n.\u00ba 1 m\u00e1s usada por dentistas en todo el mundo<br \/>\n&#8211; CAMBIA AHORA A ORAL-B iO para disfrutar de una LIMPIEZA PERFECTA<\/p>\n","protected":false},"excerpt":{"rendered":"<p>Oral-B iO 2 Cepillo de Dientes El\u00e9ctrico Rosa Suave, 1 Cabezal, 1 Estuche De Viaje, 1 Portarrecambios, 3 Modos De Cepillado, Sensor De Presi\u00f3n y Temporizador, Dise\u00f1ado por Braun<br \/>\n#Publicidad <span class=\"read-more\"><a class=\"more-link btn btn-transparent\" href=\"https:\/\/rockkofertas.com.es\/index.php\/producto\/b0dp1tw25k\/\">Leer m\u00e1s&#8230;<\/a><\/span><\/p>\n","protected":false},"featured_media":6978,"comment_status":"open","ping_status":"closed","template":"","meta":[],"product_cat":[15],"product_tag":[],"class_list":{"0":"post-6979","1":"product","2":"type-product","3":"status-publish","4":"has-post-thumbnail","6":"product_cat-sin-categorizar","8":"first","9":"instock","10":"shipping-taxable","11":"product-type-external"},"_links":{"self":[{"href":"https:\/\/rockkofertas.com.es\/index.php\/wp-json\/wp\/v2\/product\/6979","targetHints":{"allow":["GET"]}}],"collection":[{"href":"https:\/\/rockkofertas.com.es\/index.php\/wp-json\/wp\/v2\/product"}],"about":[{"href":"https:\/\/rockkofertas.com.es\/index.php\/wp-json\/wp\/v2\/types\/product"}],"replies":[{"embeddable":true,"href":"https:\/\/rockkofertas.com.es\/index.php\/wp-json\/wp\/v2\/comments?post=6979"}],"wp:featuredmedia":[{"embeddable":true,"href":"https:\/\/rockkofertas.com.es\/index.php\/wp-json\/wp\/v2\/media\/6978"}],"wp:attachment":[{"href":"https:\/\/rockkofertas.com.es\/index.php\/wp-json\/wp\/v2\/media?parent=6979"}],"wp:term":[{"taxonomy":"product_cat","embeddable":true,"href":"https:\/\/rockkofertas.com.es\/index.php\/wp-json\/wp\/v2\/product_cat?post=6979"},{"taxonomy":"product_tag","embeddable":true,"href":"https:\/\/rockkofertas.com.es\/index.php\/wp-json\/wp\/v2\/product_tag?post=6979"}],"curies":[{"name":"wp","href":"https:\/\/api.w.org\/{rel}","templated":true}]}}