{"id":6977,"date":"2025-11-14T00:00:42","date_gmt":"2025-11-14T00:00:42","guid":{"rendered":"https:\/\/rockkofertas.com.es\/index.php\/producto\/b0dn67t63n\/"},"modified":"2025-11-14T00:00:42","modified_gmt":"2025-11-14T00:00:42","slug":"b0dn67t63n","status":"publish","type":"product","link":"https:\/\/rockkofertas.com.es\/index.php\/producto\/b0dn67t63n\/","title":{"rendered":"B0DN67T63N"},"content":{"rendered":"<p>&#8211; \u3010Gran Capacidad de Almacenamiento\u3011 Este escritorio cuenta con 3 cajones de tela que ofrecen un amplio espacio para guardar de todo, desde material de oficina hasta juguetes o \u00fatiles escolares. Sobre la superficie de trabajo, amplia y despejada, por fin podr\u00e1s tener todo lo importante a mano en un espacio perfectamente ordenado.<br \/>\n&#8211; \u3010Dise\u00f1o Reversible\u3011 Esta escritorio peque\u00f1o adopta un dise\u00f1o reversible, y los cajones se pueden instalar libremente a la izquierda o a la derecha para satisfacer las necesidades de diferentes distribuciones de habitaciones. Esta flexibilidad se adapta a las necesidades de cualquier distribuci\u00f3n, ya sea en el sal\u00f3n, dormitorio, oficina, residencia o habitaci\u00f3n infantil. Su estilo elegante y sencillo se integra con facilidad y a\u00f1ade un toque de modernidad a tu espacio.<br \/>\n&#8211; \u3010Amplia Zona de Trabajo\u3011 Nuestro mesa escritorio ofrece una generosa superficie de trabajo de 120 x 48 cm. Esta \u00e1rea inteligente tiene espacio para tu port\u00e1til, tus libros de texto y tu impresora, creando as\u00ed un espacio de trabajo organizado donde la eficiencia y la comodidad van de la mano.<br \/>\n&#8211; \u3010Estable y Duradera\u3011Las patas de metal y la tapa de madera de alta calidad garantizan la estabilidad y la gran capacidad de carga de la escritorio de ordenador. ya sean libros pesados, equipos inform\u00e1ticos u otros suministros de oficina, se pueden transportar de forma segura. Las patas est\u00e1n equipadas con pies antideslizantes que evitan eficazmente ara\u00f1azos en el suelo, son estables y no se tambalean cuando est\u00e1n en uso.<br \/>\n&#8211; \u3010F\u00e1cil Montaje y Excelente Servicio al Cliente\u3011Nuestro escritorio viene con instrucciones detalladas y f\u00e1ciles de seguir, y cada parte est\u00e1 claramente etiquetada para un f\u00e1cil montaje. si su escritorio con cajones llega con alg\u00fan problema, nuestro excelente equipo de servicio al cliente puede ayudarle a resolver el problema dentro de las 24 horas.<\/p>\n","protected":false},"excerpt":{"rendered":"<p>Coleshome Escritorio con 3 Cajones de Tela, 120x48cm Escritorio Espacioso con Soporte para Auriculares, Blanco Escritorio de Ordenador Reversible para Oficina en Casa<br \/>\n#Publicidad <span class=\"read-more\"><a class=\"more-link btn btn-transparent\" href=\"https:\/\/rockkofertas.com.es\/index.php\/producto\/b0dn67t63n\/\">Leer m\u00e1s&#8230;<\/a><\/span><\/p>\n","protected":false},"featured_media":6976,"comment_status":"open","ping_status":"closed","template":"","meta":[],"product_cat":[15],"product_tag":[],"class_list":{"0":"post-6977","1":"product","2":"type-product","3":"status-publish","4":"has-post-thumbnail","6":"product_cat-sin-categorizar","8":"first","9":"instock","10":"shipping-taxable","11":"product-type-external"},"_links":{"self":[{"href":"https:\/\/rockkofertas.com.es\/index.php\/wp-json\/wp\/v2\/product\/6977","targetHints":{"allow":["GET"]}}],"collection":[{"href":"https:\/\/rockkofertas.com.es\/index.php\/wp-json\/wp\/v2\/product"}],"about":[{"href":"https:\/\/rockkofertas.com.es\/index.php\/wp-json\/wp\/v2\/types\/product"}],"replies":[{"embeddable":true,"href":"https:\/\/rockkofertas.com.es\/index.php\/wp-json\/wp\/v2\/comments?post=6977"}],"wp:featuredmedia":[{"embeddable":true,"href":"https:\/\/rockkofertas.com.es\/index.php\/wp-json\/wp\/v2\/media\/6976"}],"wp:attachment":[{"href":"https:\/\/rockkofertas.com.es\/index.php\/wp-json\/wp\/v2\/media?parent=6977"}],"wp:term":[{"taxonomy":"product_cat","embeddable":true,"href":"https:\/\/rockkofertas.com.es\/index.php\/wp-json\/wp\/v2\/product_cat?post=6977"},{"taxonomy":"product_tag","embeddable":true,"href":"https:\/\/rockkofertas.com.es\/index.php\/wp-json\/wp\/v2\/product_tag?post=6977"}],"curies":[{"name":"wp","href":"https:\/\/api.w.org\/{rel}","templated":true}]}}