{"id":6965,"date":"2025-11-13T17:40:27","date_gmt":"2025-11-13T17:40:27","guid":{"rendered":"https:\/\/rockkofertas.com.es\/index.php\/producto\/b0fnm5564z\/"},"modified":"2025-11-13T17:40:27","modified_gmt":"2025-11-13T17:40:27","slug":"b0fnm5564z","status":"publish","type":"product","link":"https:\/\/rockkofertas.com.es\/index.php\/producto\/b0fnm5564z\/","title":{"rendered":"B0FNM5564Z"},"content":{"rendered":"<p>&#8211; Rendimiento \u00d3ptico Superior: El telescopio refractor HUGERSTAR de 80mm con longitud focal de 500mm ofrece una excelente captaci\u00f3n de luz y un amplio campo de visi\u00f3n. Las lentes totalmente multicapa (FMC) mejoran la transmisi\u00f3n de la luz y la nitidez, protegiendo tus ojos \u2014 ideal para observar la Luna, los planetas y las estrellas. Un telescopio astron\u00f3mico para ni\u00f1os, adultos y principiantes<br \/>\n&#8211; Gran Aumento (20X\u2013150X): Este telescopio para adultos y ni\u00f1os incluye dos oculares (25mm y 10mm) y una lente Barlow 3X, que triplica el aumento hasta 150 veces. El buscador 5&#215;24 ayuda a localizar f\u00e1cilmente los objetos \u2014 perfecto para observar la Luna, aves, vida silvestre, paisajes y el cielo estrellado<br \/>\n&#8211; Kit Completo de Accesorios: Incluye un tr\u00edpode de aluminio ajustable (55\u2013125 cm) para una observaci\u00f3n estable, un adaptador de tel\u00e9fono para hacer y compartir fotos y v\u00eddeos, y un buscador 5&#215;24 para apuntar f\u00e1cilmente. El espejo cenital de 45\u00b0 ofrece una imagen vertical para una visualizaci\u00f3n c\u00f3moda \u2014 ideal para principiantes y familias<br \/>\n&#8211; Montaje F\u00e1cil &amp; Uso Intuitivo: El telescopio para ni\u00f1os y principiantes se monta en pocos minutos sin necesidad de herramientas. El manual con instrucciones paso a paso facilita la instalaci\u00f3n \u2014 perfecto para familias que desean iniciarse en la astronom\u00eda de forma sencilla y divertida<br \/>\n&#8211; Diversi\u00f3n para Toda la Familia: El telescopio port\u00e1til HUGERSTAR encanta tanto a ni\u00f1os como a adultos. Incluye pegatinas coloridas con temas espaciales, cohetes y letras para personalizar el telescopio \u2014 una experiencia educativa, creativa y divertida para toda la familia. Ideal para noches familiares, acampadas y observaciones al aire libre<\/p>\n","protected":false},"excerpt":{"rendered":"<p>HUGERSTAR Telescopio Astron\u00f3mico Adultos Profesional, 80\/500 mm Refractor Port\u00e1til Telescopio Principiantes y Ni\u00f1os con Tr\u00edpode y Adaptador para Tel\u00e9fono \u2013 Ideal para Observar la Luna y la Naturaleza<br \/>#Publicidad <span class=\"read-more\"><a class=\"more-link btn btn-transparent\" href=\"https:\/\/rockkofertas.com.es\/index.php\/producto\/b0fnm5564z\/\">Leer m\u00e1s&#8230;<\/a><\/span><\/p>\n","protected":false},"featured_media":6964,"comment_status":"open","ping_status":"closed","template":"","meta":[],"product_cat":[15],"product_tag":[],"class_list":{"0":"post-6965","1":"product","2":"type-product","3":"status-publish","4":"has-post-thumbnail","6":"product_cat-sin-categorizar","8":"first","9":"instock","10":"shipping-taxable","11":"product-type-external"},"_links":{"self":[{"href":"https:\/\/rockkofertas.com.es\/index.php\/wp-json\/wp\/v2\/product\/6965","targetHints":{"allow":["GET"]}}],"collection":[{"href":"https:\/\/rockkofertas.com.es\/index.php\/wp-json\/wp\/v2\/product"}],"about":[{"href":"https:\/\/rockkofertas.com.es\/index.php\/wp-json\/wp\/v2\/types\/product"}],"replies":[{"embeddable":true,"href":"https:\/\/rockkofertas.com.es\/index.php\/wp-json\/wp\/v2\/comments?post=6965"}],"wp:featuredmedia":[{"embeddable":true,"href":"https:\/\/rockkofertas.com.es\/index.php\/wp-json\/wp\/v2\/media\/6964"}],"wp:attachment":[{"href":"https:\/\/rockkofertas.com.es\/index.php\/wp-json\/wp\/v2\/media?parent=6965"}],"wp:term":[{"taxonomy":"product_cat","embeddable":true,"href":"https:\/\/rockkofertas.com.es\/index.php\/wp-json\/wp\/v2\/product_cat?post=6965"},{"taxonomy":"product_tag","embeddable":true,"href":"https:\/\/rockkofertas.com.es\/index.php\/wp-json\/wp\/v2\/product_tag?post=6965"}],"curies":[{"name":"wp","href":"https:\/\/api.w.org\/{rel}","templated":true}]}}