{"id":6961,"date":"2025-11-13T16:00:53","date_gmt":"2025-11-13T16:00:53","guid":{"rendered":"https:\/\/rockkofertas.com.es\/index.php\/producto\/b091pm61v8\/"},"modified":"2025-11-13T16:00:53","modified_gmt":"2025-11-13T16:00:53","slug":"b091pm61v8","status":"publish","type":"product","link":"https:\/\/rockkofertas.com.es\/index.php\/producto\/b091pm61v8\/","title":{"rendered":"B091PM61V8"},"content":{"rendered":"<p>&#8211; Abrigo amortiguador de JDY<br \/>\n&#8211; Cremallera delantera<br \/>\n&#8211; Cuello alto con capucha<br \/>\n&#8211; Composici\u00f3n: material exterior: 100% poli\u00e9ster; forro: 100% poli\u00e9ster; material de relleno: 100% poli\u00e9ster; revestimiento: 100% poliuretano<\/p>\n","protected":false},"excerpt":{"rendered":"<p>JDY Jdyulrikka Water Rep Puffa Otw Noos Chaqueta, Negro, M para Mujer<br \/>\n#Publicidad <span class=\"read-more\"><a class=\"more-link btn btn-transparent\" href=\"https:\/\/rockkofertas.com.es\/index.php\/producto\/b091pm61v8\/\">Leer m\u00e1s&#8230;<\/a><\/span><\/p>\n","protected":false},"featured_media":6960,"comment_status":"open","ping_status":"closed","template":"","meta":[],"product_cat":[15],"product_tag":[],"class_list":{"0":"post-6961","1":"product","2":"type-product","3":"status-publish","4":"has-post-thumbnail","6":"product_cat-sin-categorizar","8":"first","9":"instock","10":"shipping-taxable","11":"product-type-external"},"_links":{"self":[{"href":"https:\/\/rockkofertas.com.es\/index.php\/wp-json\/wp\/v2\/product\/6961","targetHints":{"allow":["GET"]}}],"collection":[{"href":"https:\/\/rockkofertas.com.es\/index.php\/wp-json\/wp\/v2\/product"}],"about":[{"href":"https:\/\/rockkofertas.com.es\/index.php\/wp-json\/wp\/v2\/types\/product"}],"replies":[{"embeddable":true,"href":"https:\/\/rockkofertas.com.es\/index.php\/wp-json\/wp\/v2\/comments?post=6961"}],"wp:featuredmedia":[{"embeddable":true,"href":"https:\/\/rockkofertas.com.es\/index.php\/wp-json\/wp\/v2\/media\/6960"}],"wp:attachment":[{"href":"https:\/\/rockkofertas.com.es\/index.php\/wp-json\/wp\/v2\/media?parent=6961"}],"wp:term":[{"taxonomy":"product_cat","embeddable":true,"href":"https:\/\/rockkofertas.com.es\/index.php\/wp-json\/wp\/v2\/product_cat?post=6961"},{"taxonomy":"product_tag","embeddable":true,"href":"https:\/\/rockkofertas.com.es\/index.php\/wp-json\/wp\/v2\/product_tag?post=6961"}],"curies":[{"name":"wp","href":"https:\/\/api.w.org\/{rel}","templated":true}]}}