{"id":6955,"date":"2025-11-13T09:04:58","date_gmt":"2025-11-13T09:04:58","guid":{"rendered":"https:\/\/rockkofertas.com.es\/index.php\/producto\/b0fwqtzp67\/"},"modified":"2025-11-13T09:04:58","modified_gmt":"2025-11-13T09:04:58","slug":"b0fwqtzp67","status":"publish","type":"product","link":"https:\/\/rockkofertas.com.es\/index.php\/producto\/b0fwqtzp67\/","title":{"rendered":"B0FWQTZP67"},"content":{"rendered":"<p>&#8211; \u3010\u00daltimo sistema Android 16\u3011El DOOGEE Note 56 Plus tel\u00e9fono m\u00f3vil libre funciona con el nuevo sistema Android 16 y cuenta con un potente chip octa-core, Disfruta de un rendimiento fluido y sin retrasos sin esfuerzo con este smartphone DOOGEE de excelente relaci\u00f3n calidad-precio. En cuanto al dise\u00f1o, el DOOGEE Note56 Plus es extraordinariamente ligero y port\u00e1til. Su perfil ultradelgado de 8,45mm y su peso de tan solo 195g crean una apariencia elegante, compacta y con estilo que se adapta perfectamente a la palma de la mano. Adem\u00e1s, este smartphone est\u00e1 disponible en una gama de colores que se adapta a diversas preferencias est\u00e9ticas.<br \/>\n&#8211; \u301048GB + 256GB\/TF 2TB de almacenamiento masivo\u3011 El moviles libres baratos DOOGEE Note 56 Plus Android 16 cuenta con 48GB de RAM (6GB de memoria f\u00edsica + 42GB de memoria virtual), impulsado por el chipset Unisoc T7225 para garantizar que todas las operaciones se ejecuten de forma fluida y r\u00e1pida. Ya sea para estudiar, crear o entretenerse, el Note 56 Plus gestiona sin esfuerzo la multitarea con facilidad. Sus 256GB de amplio almacenamiento dan cabida a todo tu contenido m\u00e1s preciado, eliminando la necesidad de borrar archivos para liberar espacio. Captura, conserva y disfruta de la vida al m\u00e1ximo.<br \/>\n&#8211; \u3010Bater\u00eda de silicio-carbono de larga duraci\u00f3n de 6150mAh\u3011 El smartphone Android 16 desbloqueado DOOGEE Note56 Plus cuenta con una bater\u00eda de silicio-carbono de 6150mAh que ofrece autonom\u00eda para todo el d\u00eda, lo que garantiza que tu dispositivo permanezca completamente cargado dondequiera que vayas. Gracias a la calidad superior de sus materiales, admite hasta 1000 ciclos de carga y descarga. Adem\u00e1s, la funci\u00f3n de carga inversa de 5W transforma tu tel\u00e9fono en un pr\u00e1ctico banco de energ\u00eda port\u00e1til, listo para cargar otros dispositivos en cualquier momento.<br \/>\n&#8211; \u3010Pantalla IPS HD+ de 6,56 pulgadas con frecuencia de actualizaci\u00f3n de 90Hz\u3011 El DOOGEE Note56 Plus android 16 tel\u00e9fono movil, un smartphone Android 16 asequible, cuenta con una pantalla con forma de gota de agua y una frecuencia de actualizaci\u00f3n de 90Hz. Su dise\u00f1o de pantalla completa con forma de gota de agua ampl\u00eda los \u00e1ngulos de visi\u00f3n, presentando m\u00e1s contenido dentro de las mismas dimensiones de pantalla. Cada deslizamiento se realiza con suavidad, mientras que cada car\u00e1cter aparece n\u00edtido y definido.<br \/>\n&#8211; \u301050MP + 8MP y 14 modos de c\u00e1mara\u3011 El Tel\u00e9fono Movil DOOGEE Note56 Plus cuenta con una c\u00e1mara trasera de 50 megap\u00edxeles y una c\u00e1mara frontal de 8 megap\u00edxeles, que capturan sin esfuerzo fotograf\u00edas n\u00edtidas y detalladas, as\u00ed como retratos naturales y vibrantes. La c\u00e1mara trasera de 50 megap\u00edxeles del Note56 Plus incorpora m\u00faltiples funciones, como reconocimiento por IA, tecnolog\u00eda HDR y un modo profesional, lo que ofrece resultados de imagen claros y naturales. Desde fotos panor\u00e1micas y modo r\u00e1faga hasta selfies personalizados, te ayuda a capturar recuerdos vibrantes y creativos.<br \/>\n&#8211; \u3010Caracter\u00edsticas pr\u00e1cticas y servicios oficiales\u3011El smartphone DOOGEE Note56 Plus cuenta con un dise\u00f1o de ranura dual para tarjetas SIM 5G Nano SIM + Nano SIM + TF, compatible con navegaci\u00f3n GPS, NFC, carga inversa OTG y mucho m\u00e1s, al tiempo que conserva un conector para auriculares de 3,5mm para combinar tradici\u00f3n y practicidad. Viene con una funda protectora y un protector de pantalla preinstalado para una protecci\u00f3n completa de cada detalle. Adem\u00e1s, ofrecemos una pol\u00edtica de devoluci\u00f3n de 30 d\u00edas sin preguntas, asistencia t\u00e9cnica y una garant\u00eda de dos a\u00f1os. Si tiene alguna pregunta, no dude en ponerse en contacto con nosotros.<\/p>\n","protected":false},"excerpt":{"rendered":"<p>DOOGEE Note 56 Plus Tel\u00e9fono Movil Andriod 16,48GB+256GB\/TF 2TB Moviles Libres,6.56&#8243; HD+ IPS M\u00f3vil 6150mAh,50MP+8MP C\u00e1mara,8.45mm Cuerpo Smartphone Octa Core,Doble SIM\/NFC\/GPS\/OTG\/Face ID<br \/>#Publicidad <span class=\"read-more\"><a class=\"more-link btn btn-transparent\" href=\"https:\/\/rockkofertas.com.es\/index.php\/producto\/b0fwqtzp67\/\">Leer m\u00e1s&#8230;<\/a><\/span><\/p>\n","protected":false},"featured_media":6954,"comment_status":"open","ping_status":"closed","template":"","meta":[],"product_cat":[15],"product_tag":[],"class_list":{"0":"post-6955","1":"product","2":"type-product","3":"status-publish","4":"has-post-thumbnail","6":"product_cat-sin-categorizar","8":"first","9":"instock","10":"shipping-taxable","11":"product-type-external"},"_links":{"self":[{"href":"https:\/\/rockkofertas.com.es\/index.php\/wp-json\/wp\/v2\/product\/6955","targetHints":{"allow":["GET"]}}],"collection":[{"href":"https:\/\/rockkofertas.com.es\/index.php\/wp-json\/wp\/v2\/product"}],"about":[{"href":"https:\/\/rockkofertas.com.es\/index.php\/wp-json\/wp\/v2\/types\/product"}],"replies":[{"embeddable":true,"href":"https:\/\/rockkofertas.com.es\/index.php\/wp-json\/wp\/v2\/comments?post=6955"}],"wp:featuredmedia":[{"embeddable":true,"href":"https:\/\/rockkofertas.com.es\/index.php\/wp-json\/wp\/v2\/media\/6954"}],"wp:attachment":[{"href":"https:\/\/rockkofertas.com.es\/index.php\/wp-json\/wp\/v2\/media?parent=6955"}],"wp:term":[{"taxonomy":"product_cat","embeddable":true,"href":"https:\/\/rockkofertas.com.es\/index.php\/wp-json\/wp\/v2\/product_cat?post=6955"},{"taxonomy":"product_tag","embeddable":true,"href":"https:\/\/rockkofertas.com.es\/index.php\/wp-json\/wp\/v2\/product_tag?post=6955"}],"curies":[{"name":"wp","href":"https:\/\/api.w.org\/{rel}","templated":true}]}}