{"id":6953,"date":"2025-11-13T08:51:57","date_gmt":"2025-11-13T08:51:57","guid":{"rendered":"https:\/\/rockkofertas.com.es\/index.php\/producto\/b0dcw34g9t-3\/"},"modified":"2025-11-13T08:51:57","modified_gmt":"2025-11-13T08:51:57","slug":"b0dcw34g9t-3","status":"publish","type":"product","link":"https:\/\/rockkofertas.com.es\/index.php\/producto\/b0dcw34g9t-3\/","title":{"rendered":"B0DCW34G9T"},"content":{"rendered":"<p>&#8211; \u3010Dual Control Mode\u3011El proyector GM300 tiene un modo de control del rat\u00f3n y un modo de control remoto. El modo de control dual es m\u00e1s conveniente y m\u00e1s r\u00e1pido.<br \/>\n&#8211; \u3010Aplicaciones integradas con Android TV\u3011El proyector GM300 viene con Android TV, que tiene aplicaciones integradas como Youtube y Video, y tambi\u00e9n puede descargar m\u00e1s aplicaciones a trav\u00e9s de Play Store.<br \/>\n&#8211; \u3010WIFI 6 + Bluetooth 5.2\u3011Utilizando la \u00faltima tecnolog\u00eda WIFI 6, la velocidad de conexi\u00f3n es m\u00e1s r\u00e1pida y estable, lo que le permite disfrutar de una experiencia de v\u00eddeo m\u00e1s fluida. Mientras tanto, Bluetooth 5.2 le permite conectar varios dispositivos Bluetooth. Se abre una extraordinaria fiesta audiovisual para usted.<br \/>\n&#8211; \u3010Compatible con 4K, 1080P y 720P\u3011Nueva tecnolog\u00eda de proyecci\u00f3n. El proyector ofrece una calidad de imagen asombrosa, proporcionando a los clientes una calidad de imagen de proyecci\u00f3n realista, din\u00e1mica y de colores vivos. Permite disfrutar de una experiencia de calidad cinematogr\u00e1fica en casa. El proyector admite la reproducci\u00f3n de v\u00eddeo en formatos 4K, 1080P y 720P.<br \/>\n&#8211; \u3010180\u00b0Adjustable Angle\u3011Este proyector port\u00e1til est\u00e1 dise\u00f1ado con un soporte giratorio de 180\u00b0, ya sea que est\u00e9 acostado o de pie, puede ajustar el proyector de acuerdo con su posici\u00f3n de visualizaci\u00f3n \u00f3ptima para un mejor efecto de visualizaci\u00f3n, \u00a1adecuado tanto para interiores como para exteriores!<br \/>\n&#8211; \u3010Funci\u00f3n Potente\u3011Este proyector tiene funci\u00f3n de protecci\u00f3n ocular. Puede filtrar eficazmente la luz azul y proteger sus ojos de forma inteligente. Adopta tecnolog\u00eda de disipaci\u00f3n de calor y tecnolog\u00eda de optimizaci\u00f3n de bajo ruido.Tan bajo como 28 dB(A), ver pel\u00edculas es m\u00e1s silencioso. El altavoz integrado cumple los requisitos b\u00e1sicos de calidad de sonido al ver pel\u00edculas o escuchar m\u00fasica, lo que le permite disfrutar de una gran experiencia auditiva sin tener que conectar altavoces externos.<br \/>\n&#8211; \u3010Correcci\u00f3n Trapezoidal Autom\u00e1tica\u3011Con enfoque manual y tecnolog\u00eda de correcci\u00f3n trapezoidal autom\u00e1tica, la correcci\u00f3n trapezoidal autom\u00e1tica puede corregir autom\u00e1ticamente la imagen hacia arriba y hacia abajo, el sensor incorporado puede ayudarle r\u00e1pidamente a corregir la imagen trapezoidal en situaciones de movimiento.<br \/>\n&#8211; \u3010Peque\u00f1o Tama\u00f1o, Gran Energ\u00eda\u3011 Mini proyector, ligero y peque\u00f1o, no ocupa espacio, ya sea en interiores o al aire libre, puede llevarlo en cualquier momento y en cualquier lugar, \u00a1tray\u00e9ndole gran conveniencia!<br \/>\n&#8211; \u3010Qu\u00e9 Hay en el Paquete\u30111*proyector, 1*rat\u00f3n*, 1*mando a distancia, 1*cable de alimentaci\u00f3n, etc. Si surge alg\u00fan problema durante el uso, estaremos encantados de ayudarle a resolverlo.<\/p>\n","protected":false},"excerpt":{"rendered":"<p>[App Integrada] 2025 Upgraded Proyector Port\u00e1til 1920x1080P 4K Supote Videoproyector Dual Control TV WiFi 6 BT5.2 180\u00b0 Rotation Compatible con HDMI\/TV Stick\/USB\/Laptop, Negro<br \/>#Publicidad <span class=\"read-more\"><a class=\"more-link btn btn-transparent\" href=\"https:\/\/rockkofertas.com.es\/index.php\/producto\/b0dcw34g9t-3\/\">Leer m\u00e1s&#8230;<\/a><\/span><\/p>\n","protected":false},"featured_media":6952,"comment_status":"open","ping_status":"closed","template":"","meta":[],"product_cat":[15],"product_tag":[],"class_list":{"0":"post-6953","1":"product","2":"type-product","3":"status-publish","4":"has-post-thumbnail","6":"product_cat-sin-categorizar","8":"first","9":"instock","10":"shipping-taxable","11":"product-type-external"},"_links":{"self":[{"href":"https:\/\/rockkofertas.com.es\/index.php\/wp-json\/wp\/v2\/product\/6953","targetHints":{"allow":["GET"]}}],"collection":[{"href":"https:\/\/rockkofertas.com.es\/index.php\/wp-json\/wp\/v2\/product"}],"about":[{"href":"https:\/\/rockkofertas.com.es\/index.php\/wp-json\/wp\/v2\/types\/product"}],"replies":[{"embeddable":true,"href":"https:\/\/rockkofertas.com.es\/index.php\/wp-json\/wp\/v2\/comments?post=6953"}],"wp:featuredmedia":[{"embeddable":true,"href":"https:\/\/rockkofertas.com.es\/index.php\/wp-json\/wp\/v2\/media\/6952"}],"wp:attachment":[{"href":"https:\/\/rockkofertas.com.es\/index.php\/wp-json\/wp\/v2\/media?parent=6953"}],"wp:term":[{"taxonomy":"product_cat","embeddable":true,"href":"https:\/\/rockkofertas.com.es\/index.php\/wp-json\/wp\/v2\/product_cat?post=6953"},{"taxonomy":"product_tag","embeddable":true,"href":"https:\/\/rockkofertas.com.es\/index.php\/wp-json\/wp\/v2\/product_tag?post=6953"}],"curies":[{"name":"wp","href":"https:\/\/api.w.org\/{rel}","templated":true}]}}