{"id":6951,"date":"2025-11-13T08:49:17","date_gmt":"2025-11-13T08:49:17","guid":{"rendered":"https:\/\/rockkofertas.com.es\/index.php\/producto\/b0brs166bw\/"},"modified":"2025-11-13T08:49:17","modified_gmt":"2025-11-13T08:49:17","slug":"b0brs166bw","status":"publish","type":"product","link":"https:\/\/rockkofertas.com.es\/index.php\/producto\/b0brs166bw\/","title":{"rendered":"B0BRS166BW"},"content":{"rendered":"<p>&#8211; \ud83c\udfa7\u3010Adattatore USB C 3 in 1\u3011Questo adattatore per cuffie da USBC a jack 3,5 include una porta USB OTG e una porta di ricarica rapida Type C PD 60w. Supporta 3 porte che funzionano simultaneamente, in modo da poter caricare il dispositivo mentre si ascolta la musica, si gioca, si effettuano chiamate, si guardano video o si trasferiscono dati.<br \/>\n&#8211; \ud83c\udfa7\u3010Suono Audio HIFI\u3011Questo adattatore jack per cuffie \u00e8 dotato di chip DAC KTO210 ad alta fedelt\u00e0, per garantire una qualit\u00e0 vocale e sonora pura e senza distorsioni. Questo splitter per cuffie USB C supporta anche un microfono e tutti i controlli remoti (telefonate, riproduzione o pausa della musica, volume+\/-).<br \/>\n&#8211; \u26a1\u3010Carica rapida PD 60W \u3011Lo splitter audio USB C e l&#8217;adattatore di ricarica supportano la ricarica rapida PD con un&#8217;uscita massima di 60W (20V\/3A). Potrete godervi la musica o i video a vostro piacimento, senza pi\u00f9 preoccuparvi della batteria scarica.<br \/>\n&#8211; \ud83c\udfa7\u3010 Ampia Compatibilit\u00e0\u3011 Il nostro adattatore da USB C ad auricolari AUX \u00e8 quasi compatibile con tutti i telefoni cellulari con interfaccia di tipo C, come iPhone 15,iPhone 16, Samsung Galaxy S24\/ S23\/ S22\/S21\/S20, Google Pixel 10\/ 6 Pro\/6\/5\/4, i-Pad Pro 2024 2023 2022 M2\/2021 M1\/2020\/2018, i-Pad Air 2020\/2022, i-Pad Mini 6, Huawei P60\/ P40\/P30 Pro\/P20 Pro, ecc.<br \/>\n&#8211; \u26a1\u3010Trasferimento dati USB 2.0\u3011Con l&#8217;adattatore USB OTG 3-in-1, \u00e8 facile trasferire foto e video dalla fotocamera al telefono\/i-Pad, inoltre \u00e8 possibile collegare periferiche USB come hub, tastiera, mouse, lettori di schede, unit\u00e0 flash USB, audio e altro ancora.<\/p>\n","protected":false},"excerpt":{"rendered":"<p>\u30103 en 1\u3011 Adaptador USB C a 3.5mm Jack HiFi de Auriculares con 60W Cargador USB OTG Adaptador, Tipo C a Aux Audio Splitter para iPhone 15\/16 Samsung Galaxy S24 S23 S22 Ultra S21 S20, i-Pad Pro, Xiaomi<br \/>#Publicidad <span class=\"read-more\"><a class=\"more-link btn btn-transparent\" href=\"https:\/\/rockkofertas.com.es\/index.php\/producto\/b0brs166bw\/\">Leer m\u00e1s&#8230;<\/a><\/span><\/p>\n","protected":false},"featured_media":6950,"comment_status":"open","ping_status":"closed","template":"","meta":[],"product_cat":[15],"product_tag":[],"class_list":{"0":"post-6951","1":"product","2":"type-product","3":"status-publish","4":"has-post-thumbnail","6":"product_cat-sin-categorizar","8":"first","9":"instock","10":"shipping-taxable","11":"product-type-external"},"_links":{"self":[{"href":"https:\/\/rockkofertas.com.es\/index.php\/wp-json\/wp\/v2\/product\/6951","targetHints":{"allow":["GET"]}}],"collection":[{"href":"https:\/\/rockkofertas.com.es\/index.php\/wp-json\/wp\/v2\/product"}],"about":[{"href":"https:\/\/rockkofertas.com.es\/index.php\/wp-json\/wp\/v2\/types\/product"}],"replies":[{"embeddable":true,"href":"https:\/\/rockkofertas.com.es\/index.php\/wp-json\/wp\/v2\/comments?post=6951"}],"wp:featuredmedia":[{"embeddable":true,"href":"https:\/\/rockkofertas.com.es\/index.php\/wp-json\/wp\/v2\/media\/6950"}],"wp:attachment":[{"href":"https:\/\/rockkofertas.com.es\/index.php\/wp-json\/wp\/v2\/media?parent=6951"}],"wp:term":[{"taxonomy":"product_cat","embeddable":true,"href":"https:\/\/rockkofertas.com.es\/index.php\/wp-json\/wp\/v2\/product_cat?post=6951"},{"taxonomy":"product_tag","embeddable":true,"href":"https:\/\/rockkofertas.com.es\/index.php\/wp-json\/wp\/v2\/product_tag?post=6951"}],"curies":[{"name":"wp","href":"https:\/\/api.w.org\/{rel}","templated":true}]}}