{"id":6949,"date":"2025-11-13T08:32:28","date_gmt":"2025-11-13T08:32:28","guid":{"rendered":"https:\/\/rockkofertas.com.es\/index.php\/producto\/b0fszndyq2\/"},"modified":"2025-11-13T08:32:28","modified_gmt":"2025-11-13T08:32:28","slug":"b0fszndyq2","status":"publish","type":"product","link":"https:\/\/rockkofertas.com.es\/index.php\/producto\/b0fszndyq2\/","title":{"rendered":"B0FSZNDYQ2"},"content":{"rendered":"<p>&#8211; \ud83d\udcdeLlamadas de Video Bidireccionales 4G: Reloj inteligente ni\u00f1o permiten a padres e hijos comunicarse cara a cara con video HD, para que los padres puedan conocer el estado de sus hijos en cualquier momento. Tambi\u00e9n permiten llamadas de voz y video con amigos, tanto individuales como en grupo. Los m\u00e9todos de comunicaci\u00f3n son variados, incluyendo mensajes de voz, texto, emoticonos e im\u00e1genes. Equipado con una pantalla Retina de 1,4 pulgadas para una imagen clara y visualizaci\u00f3n c\u00f3moda.<br \/>\n&#8211; \ud83c\udd98Ayuda de Emergencia SOS: En caso de emergencia, como si tu hijo se pierde, se cae o se encuentra con mal tiempo, mant\u00e9n pulsado el bot\u00f3n lateral durante 5 segundos para activar la alerta SOS, que llamar\u00e1 autom\u00e1ticamente a tus padres y enviar\u00e1 un mensaje de ayuda. Puedes guardar hasta 10 contactos de emergencia para proteger eficazmente la seguridad de tu hijo. Las funciones de gesti\u00f3n de contactos y desconocidos garantizan interacciones seguras y controlables.<br \/>\n&#8211; \ud83c\udf0dProtecci\u00f3n de Localizaci\u00f3n Triple: Utiliza un algoritmo de localizaci\u00f3n IA, combinado con tecnolog\u00edas de GPS, Wi-Fi y LBS para una localizaci\u00f3n m\u00e1s precisa. Admite la visualizaci\u00f3n del historial de rutas. Los padres pueden ver la ruta de su hijo a trav\u00e9s de Setracker2 y recibir alertas. Despu\u00e9s de establecer una zona segura, los padres reciben una notificaci\u00f3n inmediata si el ni\u00f1o sale de ella. Protecci\u00f3n de localizaci\u00f3n las 24 horas para la seguridad y tranquilidad de los padres.<br \/>\n&#8211; \ud83c\udfebModo Escuela, Gesti\u00f3n Inteligente: Los padres pueden personalizar cuatro periodos de \u00abModo Escuela\u00bb, bloqueando autom\u00e1ticamente los mensajes de texto y las llamadas para garantizar que el aprendizaje de sus hijos no se interrumpa. La aplicaci\u00f3n complementaria permite a los usuarios establecer rutinas diarias y tareas de estudio para ayudar a los ni\u00f1os a administrar su tiempo eficientemente. Los recordatorios inteligentes ayudan a los ni\u00f1os a alcanzar sus objetivos de aprendizaje a tiempo.<br \/>\n&#8211; \ud83d\udc9dReloj Inteligente Multifunci\u00f3n para Ni\u00f1os: El JoJoego reloj inteligente ni\u00f1os combina llamadas de video, chat de voz, GPS, SMS, modo escuela, \u00e1lbum de fotos, zona segura, SOS, resistencia al agua IP68, alarma, pod\u00f3metro, m\u00fasica, bloqueo de llamadas y linterna. Adecuado para ni\u00f1os de 5 a 14 a\u00f1os. Un regalo perfecto para cumplea\u00f1os, fiestas infantiles o Navidad.<br \/>\n&#8211; \ud83c\udf80Recompensas de Coraz\u00f3n &amp; Comodidad de Uso: Cuando los ni\u00f1os se esfuerzan por alcanzar objetivos en su vida diaria, pueden ganar corazones de recompensa, incentiv\u00e1ndolos a progresar positivamente. El smartwatch ni\u00f1os incluye una cuerda para colgar para mayor comodidad al llevarlo. La pulsera est\u00e1 fabricada con material tratado, suave con la piel y que cuida la delicada dermis de los ni\u00f1os, haciendo que siempre se sientan queridos y acompa\u00f1ados.<\/p>\n","protected":false},"excerpt":{"rendered":"<p>JoJoego 4G Reloj Inteligente Ni\u00f1o con Videollamadas y Tel\u00e9fono, SOS, GPS, Smartwatch Ni\u00f1as con IP68 Impermeable, Chat de Voz, Modo Escuela, Linterna, Pod\u00f3metro, Regalo para Ni\u00f1os y Ni\u00f1as, Negro<br \/>#Publicidad <span class=\"read-more\"><a class=\"more-link btn btn-transparent\" href=\"https:\/\/rockkofertas.com.es\/index.php\/producto\/b0fszndyq2\/\">Leer m\u00e1s&#8230;<\/a><\/span><\/p>\n","protected":false},"featured_media":6948,"comment_status":"open","ping_status":"closed","template":"","meta":[],"product_cat":[15],"product_tag":[],"class_list":{"0":"post-6949","1":"product","2":"type-product","3":"status-publish","4":"has-post-thumbnail","6":"product_cat-sin-categorizar","8":"first","9":"instock","10":"shipping-taxable","11":"product-type-external"},"_links":{"self":[{"href":"https:\/\/rockkofertas.com.es\/index.php\/wp-json\/wp\/v2\/product\/6949","targetHints":{"allow":["GET"]}}],"collection":[{"href":"https:\/\/rockkofertas.com.es\/index.php\/wp-json\/wp\/v2\/product"}],"about":[{"href":"https:\/\/rockkofertas.com.es\/index.php\/wp-json\/wp\/v2\/types\/product"}],"replies":[{"embeddable":true,"href":"https:\/\/rockkofertas.com.es\/index.php\/wp-json\/wp\/v2\/comments?post=6949"}],"wp:featuredmedia":[{"embeddable":true,"href":"https:\/\/rockkofertas.com.es\/index.php\/wp-json\/wp\/v2\/media\/6948"}],"wp:attachment":[{"href":"https:\/\/rockkofertas.com.es\/index.php\/wp-json\/wp\/v2\/media?parent=6949"}],"wp:term":[{"taxonomy":"product_cat","embeddable":true,"href":"https:\/\/rockkofertas.com.es\/index.php\/wp-json\/wp\/v2\/product_cat?post=6949"},{"taxonomy":"product_tag","embeddable":true,"href":"https:\/\/rockkofertas.com.es\/index.php\/wp-json\/wp\/v2\/product_tag?post=6949"}],"curies":[{"name":"wp","href":"https:\/\/api.w.org\/{rel}","templated":true}]}}