{"id":6947,"date":"2025-11-13T08:27:49","date_gmt":"2025-11-13T08:27:49","guid":{"rendered":"https:\/\/rockkofertas.com.es\/index.php\/producto\/b0frfnw3gw\/"},"modified":"2025-11-13T08:27:49","modified_gmt":"2025-11-13T08:27:49","slug":"b0frfnw3gw","status":"publish","type":"product","link":"https:\/\/rockkofertas.com.es\/index.php\/producto\/b0frfnw3gw\/","title":{"rendered":"B0FRFNW3GW"},"content":{"rendered":"<p>&#8211; \u30103 Ajustes de Temperatura\u3011Este rizador autom\u00e1tico giratorio tiene tres ajustes de temperatura: 160 \u00b0C (cabello fino), 180 \u00b0C (cabello normal) y 200 \u00b0C (cabello grueso). Puedes ajustar la temperatura seg\u00fan tu tipo de cabello, creando f\u00e1cilmente ondas vibrantes en todo tipo de cabello.<br \/>\n&#8211; \u3010Tecnolog\u00eda de Iones Negativos\u3011La plancha de cer\u00e1mica libera hasta 10 millones de iones negativos para retener la humedad, reducir el encrespamiento y proteger el cabello del da\u00f1o t\u00e9rmico. El resultado: rizos suaves, brillantes y duraderos hasta por 48 horas.<br \/>\n&#8211; \u3010Cable de Alimentaci\u00f3n de 1.8 m, Dise\u00f1o de Seguridad\u3011El cable de alimentaci\u00f3n de 1.8 m gira 360\u00b0 para un uso f\u00e1cil y un peinado perfecto. Este rizador autom\u00e1tico tambi\u00e9n cuenta con una funci\u00f3n de apagado inteligente que se apaga autom\u00e1ticamente despu\u00e9s de un largo per\u00edodo de inactividad para mayor seguridad. Adem\u00e1s, cuenta con aislamiento t\u00e9rmico para proteger tu rostro y manos de quemaduras.<br \/>\n&#8211; \u3010F\u00e1cil de usar\u3011Este rizador autom\u00e1tico cuenta con funci\u00f3n de inversi\u00f3n autom\u00e1tica para cambiar de peinado al instante. Tanto si eres zurda como diestra, crea f\u00e1cilmente rizos perfectos, duraderos y con calidad de sal\u00f3n en solo cinco minutos con solo pulsar un bot\u00f3n. Ahorra tiempo y crea tu propio peinado en casa. Apto para todas las edades: convi\u00e9rtete en tu propia experta en peinados.<br \/>\n&#8211; \u3010El regalo perfecto\u3011Este rizador autom\u00e1tico satisface todas tus necesidades para conseguir ondas r\u00e1pidas y naturales. Ideal para citas, San Valent\u00edn, cumplea\u00f1os y bodas. Es el regalo perfecto para mujeres, ni\u00f1as y toda la familia.<\/p>\n","protected":false},"excerpt":{"rendered":"<p>Anluomafuy Rizador de Pelo Autom\u00e1tico, Rizador Pelo de Iones Negativos con 3 Temperaturas Ajustables, Port\u00e1til Moldeador Tenacilla de Pelo Automatico de 32mm para Cabello Largo, Antiquemaduras<br \/>#Publicidad <span class=\"read-more\"><a class=\"more-link btn btn-transparent\" href=\"https:\/\/rockkofertas.com.es\/index.php\/producto\/b0frfnw3gw\/\">Leer m\u00e1s&#8230;<\/a><\/span><\/p>\n","protected":false},"featured_media":6946,"comment_status":"open","ping_status":"closed","template":"","meta":[],"product_cat":[15],"product_tag":[],"class_list":{"0":"post-6947","1":"product","2":"type-product","3":"status-publish","4":"has-post-thumbnail","6":"product_cat-sin-categorizar","8":"first","9":"instock","10":"shipping-taxable","11":"product-type-external"},"_links":{"self":[{"href":"https:\/\/rockkofertas.com.es\/index.php\/wp-json\/wp\/v2\/product\/6947","targetHints":{"allow":["GET"]}}],"collection":[{"href":"https:\/\/rockkofertas.com.es\/index.php\/wp-json\/wp\/v2\/product"}],"about":[{"href":"https:\/\/rockkofertas.com.es\/index.php\/wp-json\/wp\/v2\/types\/product"}],"replies":[{"embeddable":true,"href":"https:\/\/rockkofertas.com.es\/index.php\/wp-json\/wp\/v2\/comments?post=6947"}],"wp:featuredmedia":[{"embeddable":true,"href":"https:\/\/rockkofertas.com.es\/index.php\/wp-json\/wp\/v2\/media\/6946"}],"wp:attachment":[{"href":"https:\/\/rockkofertas.com.es\/index.php\/wp-json\/wp\/v2\/media?parent=6947"}],"wp:term":[{"taxonomy":"product_cat","embeddable":true,"href":"https:\/\/rockkofertas.com.es\/index.php\/wp-json\/wp\/v2\/product_cat?post=6947"},{"taxonomy":"product_tag","embeddable":true,"href":"https:\/\/rockkofertas.com.es\/index.php\/wp-json\/wp\/v2\/product_tag?post=6947"}],"curies":[{"name":"wp","href":"https:\/\/api.w.org\/{rel}","templated":true}]}}