{"id":6945,"date":"2025-11-13T08:18:54","date_gmt":"2025-11-13T08:18:54","guid":{"rendered":"https:\/\/rockkofertas.com.es\/index.php\/producto\/b0d3f4fvjq\/"},"modified":"2025-11-13T08:18:54","modified_gmt":"2025-11-13T08:18:54","slug":"b0d3f4fvjq","status":"publish","type":"product","link":"https:\/\/rockkofertas.com.es\/index.php\/producto\/b0d3f4fvjq\/","title":{"rendered":"B0D3F4FVJQ"},"content":{"rendered":"<p>&#8211; \u3010Material del bol\u00edgrafo de tela\u3011: 1 pieza de tinta acr\u00edlica, color Blanco, punta suave, ancho de trazo de 1,0 a 6,0 mm, adecuado para escribir y pintar patrones personalizados en zapatos de lona, camisetas, sombreros.<br \/>\n&#8211; \u3010Amplia aplicaci\u00f3n\u3011: con marcadores acr\u00edlicos, se pueden crear pinturas en textiles y papel, lienzo, piedra, cer\u00e1mica, madera, metal, vidrio, huevos de Pascua y decoraciones navide\u00f1as.<br \/>\n&#8211; \u3010Caracter\u00edsticas del bol\u00edgrafo de tela\u3011: resistente al agua y a la decoloraci\u00f3n despu\u00e9s de secar la tinta, buena opacidad del color, lavable a m\u00e1quina despu\u00e9s del secado. (No frote fuertemente con las manos!)<br \/>\n&#8211; \u3010F\u00e1cil de usar\u3011: con el bol\u00edgrafo de tela, puede dise\u00f1ar una variedad de patrones originales para cualquier prop\u00f3sito (bolsas de tela, delantales, camisetas).<br \/>\n&#8211; \u3010Idea de regalo\u3011: los l\u00e1pices de tela Blanco son ideales como regalos de fiesta, Halloween, Acci\u00f3n de Gracias, bar mitzv\u00e1 y Navidad, y permiten a su familia crear sus propios dise\u00f1os.<\/p>\n","protected":false},"excerpt":{"rendered":"<p>RiyaNed Rotuladores Tela,Blanco Marcador de pintura 1 l\u00e1piz 1.0-6.0mm<br \/>#Publicidad <span class=\"read-more\"><a class=\"more-link btn btn-transparent\" href=\"https:\/\/rockkofertas.com.es\/index.php\/producto\/b0d3f4fvjq\/\">Leer m\u00e1s&#8230;<\/a><\/span><\/p>\n","protected":false},"featured_media":6944,"comment_status":"open","ping_status":"closed","template":"","meta":[],"product_cat":[15],"product_tag":[],"class_list":{"0":"post-6945","1":"product","2":"type-product","3":"status-publish","4":"has-post-thumbnail","6":"product_cat-sin-categorizar","8":"first","9":"instock","10":"shipping-taxable","11":"product-type-external"},"_links":{"self":[{"href":"https:\/\/rockkofertas.com.es\/index.php\/wp-json\/wp\/v2\/product\/6945","targetHints":{"allow":["GET"]}}],"collection":[{"href":"https:\/\/rockkofertas.com.es\/index.php\/wp-json\/wp\/v2\/product"}],"about":[{"href":"https:\/\/rockkofertas.com.es\/index.php\/wp-json\/wp\/v2\/types\/product"}],"replies":[{"embeddable":true,"href":"https:\/\/rockkofertas.com.es\/index.php\/wp-json\/wp\/v2\/comments?post=6945"}],"wp:featuredmedia":[{"embeddable":true,"href":"https:\/\/rockkofertas.com.es\/index.php\/wp-json\/wp\/v2\/media\/6944"}],"wp:attachment":[{"href":"https:\/\/rockkofertas.com.es\/index.php\/wp-json\/wp\/v2\/media?parent=6945"}],"wp:term":[{"taxonomy":"product_cat","embeddable":true,"href":"https:\/\/rockkofertas.com.es\/index.php\/wp-json\/wp\/v2\/product_cat?post=6945"},{"taxonomy":"product_tag","embeddable":true,"href":"https:\/\/rockkofertas.com.es\/index.php\/wp-json\/wp\/v2\/product_tag?post=6945"}],"curies":[{"name":"wp","href":"https:\/\/api.w.org\/{rel}","templated":true}]}}