{"id":6943,"date":"2025-11-13T08:13:26","date_gmt":"2025-11-13T08:13:26","guid":{"rendered":"https:\/\/rockkofertas.com.es\/index.php\/producto\/b0fqtcj44x\/"},"modified":"2025-11-13T08:13:26","modified_gmt":"2025-11-13T08:13:26","slug":"b0fqtcj44x","status":"publish","type":"product","link":"https:\/\/rockkofertas.com.es\/index.php\/producto\/b0fqtcj44x\/","title":{"rendered":"B0FQTCJ44X"},"content":{"rendered":"<p>&#8211; Nueva Tecnolog\u00eda Bluetooth 5.3 y Acoplamiento Autom\u00e1tico R\u00e1pido: Los auriculares inalambricos bluetooth est\u00e1n equipados con un chip Bluetooth 5.3, que garantiza una conexi\u00f3n m\u00e1s estable, menor latencia y menor consumo de energ\u00eda durante la transmisi\u00f3n de datos, adem\u00e1s de una distancia de transmisi\u00f3n mayor (hasta 15 m). Los auriculares Bluetooth son f\u00e1ciles y r\u00e1pidos de conectar: despu\u00e9s de la primera conexi\u00f3n inicial, basta con sacarlos del estuche y se conectar\u00e1n autom\u00e1ticamente al dispositivo.<br \/>\n&#8211; HD Micr\u00f3fono y Sonido Est\u00e9reo: Los cascos inalambricos bluetooth utilizan un altavoz profesional de 14,2 mm de di\u00e1metro, que incorpora un dise\u00f1o de diafragma compuesto para evitar distorsiones del sonido, permiti\u00e9ndote obtener una experiencia de escucha m\u00e1s realista. Los auriculares inalambricos, con dos micr\u00f3fonos integrados cada uno, est\u00e1n equipados con la tecnolog\u00eda CVC8.0, que reduce eficazmente el ruido ambiental y el eco, adem\u00e1s de brindar una experiencia est\u00e9reo HiFi extremadamente estable. Disfruta de m\u00fasica de alta calidad en cualquier momento y situaci\u00f3n.<br \/>\n&#8211; 40 horas de reproducci\u00f3n y pantalla LED: El indicador LED digital de bater\u00eda muestra en tiempo real la carga restante del estuche de carga y el estado de los cascos inalambricos. Una sola carga es suficiente para que los auriculares bluetooth funcionen durante 8 horas, mientras que con el estuche de carga la autonom\u00eda total llega a 40 horas. Adem\u00e1s, el estuche de carga se carga completamente en solo 1,5 horas usando el cable USB-C de carga.<br \/>\n&#8211; Elegantes, compactos y dise\u00f1o ergon\u00f3mico: Los audifonos inalambricos T19 cuentan con un dise\u00f1o ergon\u00f3mico que los hace muy ligeros y f\u00e1ciles de transportar. Cada uno pesa solo 4 g, por lo que no se sienten inc\u00f3modos al usarlos durante largos per\u00edodos, incluso durante ejercicios intensos. Adem\u00e1s, el estuche de carga es compacto, pesa solo 40 g y se puede guardar f\u00e1cilmente en el bolsillo.<br \/>\n&#8211; Control t\u00e1ctil inteligente: Los auriculares inal\u00e1mbricos, junto con sus sensores t\u00e1ctiles inteligentes, te brindan un control total. Al tocarlos, puedes realizar acciones como cambiar de canci\u00f3n, ajustar el volumen, gestionar las llamadas, activar el asistente de voz y m\u00e1s. Su panel t\u00e1ctil sensible te permite disfrutar de una excelente experiencia de usuario sin esfuerzo adicional.<\/p>\n","protected":false},"excerpt":{"rendered":"<p>Auriculares Inalambricos Bluetooth, Cascos Inalambricos Bluetooth 5.3 con 4 HD Mic, Auriculares Inal\u00e1mbricos 40H HiFi Est\u00e9reo Cancelaci\u00f3n Ruido ENC, Audifonos Inalambricos IP7 Impermeable Pantalla LED<br \/>#Publicidad <span class=\"read-more\"><a class=\"more-link btn btn-transparent\" href=\"https:\/\/rockkofertas.com.es\/index.php\/producto\/b0fqtcj44x\/\">Leer m\u00e1s&#8230;<\/a><\/span><\/p>\n","protected":false},"featured_media":6942,"comment_status":"open","ping_status":"closed","template":"","meta":[],"product_cat":[15],"product_tag":[],"class_list":{"0":"post-6943","1":"product","2":"type-product","3":"status-publish","4":"has-post-thumbnail","6":"product_cat-sin-categorizar","8":"first","9":"instock","10":"shipping-taxable","11":"product-type-external"},"_links":{"self":[{"href":"https:\/\/rockkofertas.com.es\/index.php\/wp-json\/wp\/v2\/product\/6943","targetHints":{"allow":["GET"]}}],"collection":[{"href":"https:\/\/rockkofertas.com.es\/index.php\/wp-json\/wp\/v2\/product"}],"about":[{"href":"https:\/\/rockkofertas.com.es\/index.php\/wp-json\/wp\/v2\/types\/product"}],"replies":[{"embeddable":true,"href":"https:\/\/rockkofertas.com.es\/index.php\/wp-json\/wp\/v2\/comments?post=6943"}],"wp:featuredmedia":[{"embeddable":true,"href":"https:\/\/rockkofertas.com.es\/index.php\/wp-json\/wp\/v2\/media\/6942"}],"wp:attachment":[{"href":"https:\/\/rockkofertas.com.es\/index.php\/wp-json\/wp\/v2\/media?parent=6943"}],"wp:term":[{"taxonomy":"product_cat","embeddable":true,"href":"https:\/\/rockkofertas.com.es\/index.php\/wp-json\/wp\/v2\/product_cat?post=6943"},{"taxonomy":"product_tag","embeddable":true,"href":"https:\/\/rockkofertas.com.es\/index.php\/wp-json\/wp\/v2\/product_tag?post=6943"}],"curies":[{"name":"wp","href":"https:\/\/api.w.org\/{rel}","templated":true}]}}