{"id":6935,"date":"2025-11-13T04:00:41","date_gmt":"2025-11-13T04:00:41","guid":{"rendered":"https:\/\/rockkofertas.com.es\/index.php\/producto\/b07jvf73sh\/"},"modified":"2025-11-13T04:00:41","modified_gmt":"2025-11-13T04:00:41","slug":"b07jvf73sh","status":"publish","type":"product","link":"https:\/\/rockkofertas.com.es\/index.php\/producto\/b07jvf73sh\/","title":{"rendered":"B07JVF73SH"},"content":{"rendered":"<p>&#8211; El cl\u00e1sico y legendario cuaderno Moleskine se actualiza una vez m\u00e1s con nuevos colores y dise\u00f1os, pero manteniendo la iconicidad y las caracter\u00edsticas del cl\u00e1sico cuaderno m\u00e1s vendido de la marca<br \/>\n&#8211; Dise\u00f1o cl\u00e1sico con cierre el\u00e1stico y un c\u00f3modo marcap\u00e1ginas para no perder nunca la p\u00e1gina; en la parte posterior hay una solapa plegable para guardar notas y papeles importantes<br \/>\n&#8211; El cuaderno tiene 192 p\u00e1ginas punteadas y papel marfil de 70 g\/m\u00b2 sin \u00e1cido y el ic\u00f3nico aviso \u00abEn caso de p\u00e9rdida\u00bb para escribir tu informaci\u00f3n de contacto en caso de que pierdas tu cuaderno<br \/>\n&#8211; En la contraportada del cuaderno aparecen dise\u00f1os tem\u00e1ticos y la inconfundible historia de Moleskine en el interior de todos nuestros productos, un detalle ic\u00f3nico de la marca; se puede abrir 180\u00ba<br \/>\n&#8211; El paquete contiene un cuaderno Moleskine Cl\u00e1sico con hojas punteadas y tapa dura, disponible en tama\u00f1o extra grande 19 x 25 cm, 192 p\u00e1ginas, color verde mirto<\/p>\n","protected":false},"excerpt":{"rendered":"<p>Moleskine &#8211; Cuaderno Cl\u00e1sico con Hojas Punteadas, Tapa Dura y Cierre El\u00e1stico, Color Verde Mirto, Tama\u00f1o Extra Grande 19 x 25 cm, 192 Hojas<br \/>\n#Publicidad <span class=\"read-more\"><a class=\"more-link btn btn-transparent\" href=\"https:\/\/rockkofertas.com.es\/index.php\/producto\/b07jvf73sh\/\">Leer m\u00e1s&#8230;<\/a><\/span><\/p>\n","protected":false},"featured_media":6934,"comment_status":"open","ping_status":"closed","template":"","meta":[],"product_cat":[15],"product_tag":[],"class_list":{"0":"post-6935","1":"product","2":"type-product","3":"status-publish","4":"has-post-thumbnail","6":"product_cat-sin-categorizar","8":"first","9":"instock","10":"shipping-taxable","11":"product-type-external"},"_links":{"self":[{"href":"https:\/\/rockkofertas.com.es\/index.php\/wp-json\/wp\/v2\/product\/6935","targetHints":{"allow":["GET"]}}],"collection":[{"href":"https:\/\/rockkofertas.com.es\/index.php\/wp-json\/wp\/v2\/product"}],"about":[{"href":"https:\/\/rockkofertas.com.es\/index.php\/wp-json\/wp\/v2\/types\/product"}],"replies":[{"embeddable":true,"href":"https:\/\/rockkofertas.com.es\/index.php\/wp-json\/wp\/v2\/comments?post=6935"}],"wp:featuredmedia":[{"embeddable":true,"href":"https:\/\/rockkofertas.com.es\/index.php\/wp-json\/wp\/v2\/media\/6934"}],"wp:attachment":[{"href":"https:\/\/rockkofertas.com.es\/index.php\/wp-json\/wp\/v2\/media?parent=6935"}],"wp:term":[{"taxonomy":"product_cat","embeddable":true,"href":"https:\/\/rockkofertas.com.es\/index.php\/wp-json\/wp\/v2\/product_cat?post=6935"},{"taxonomy":"product_tag","embeddable":true,"href":"https:\/\/rockkofertas.com.es\/index.php\/wp-json\/wp\/v2\/product_tag?post=6935"}],"curies":[{"name":"wp","href":"https:\/\/api.w.org\/{rel}","templated":true}]}}