{"id":6933,"date":"2025-11-13T00:00:50","date_gmt":"2025-11-13T00:00:50","guid":{"rendered":"https:\/\/rockkofertas.com.es\/index.php\/producto\/b0bcwgc7gj\/"},"modified":"2025-11-13T00:00:50","modified_gmt":"2025-11-13T00:00:50","slug":"b0bcwgc7gj","status":"publish","type":"product","link":"https:\/\/rockkofertas.com.es\/index.php\/producto\/b0bcwgc7gj\/","title":{"rendered":"B0BCWGC7GJ"},"content":{"rendered":"<p>&#8211; \u2764\u3010Aseg\u00farate de que tu Modelo de iPad sea Compatible\u3011El L\u00e1piz Metapen A11 es compatible con los modelos de serie de iPad 2018-2025: Para iPad 11 A16\/10\/9\/8\/7\/6 Gen, para iPad Air 11 &amp; 13 pulgadas (M2,M3), para iPad Pro 11 &amp; 13 pulgadas (M4), para iPad Air 3\/4\/5\/6(M2)\/7(M3) Gen, para iPad Pro 11 pulgadas 1\/2\/3\/4 Gen,para iPad Pro 12.9 pulgadas 3\/4\/5\/6 Gen, para iPad Mini 5\/6 Gen. (NOTA: El L\u00e1piz A11 NO es compatible con modelos de iPad antes de 2018, no compatible con iPhone, Android y dispositivos Microsoft. Por favor, verifica el modelo del producto antes de realizar un pedido).( NO es compatible con ipad mini 7 A17 Pro)<br \/>\n&#8211; \u3010Alta Autonom\u00eda &amp; 2 X Carga R\u00e1pida\u3011El Pencil A11 para apple pad se puede cargar completamente en solo 30 minutos con USB-C y funcionar durante hasta 10 horas. Carga de 1 minuto = 50 minutos de uso, carga de 4 minutos = 2 horas de uso. El indicador LED muestra diferentes colores seg\u00fan la potencia, record\u00e1ndote cargar a tiempo. Apagado autom\u00e1tico despu\u00e9s de 5 minutos de inactividad para un ahorro energ\u00e9tico eficiente.<br \/>\n&#8211; \u3010Sensible al Inclinarse &amp; Rechazo de Palma\u3011El pencil para tableta detecta distintos \u00e1ngulos para crear trazos y sombras en la pantalla. Al inclinar el l\u00e1piz, puedes usar el pincel de l\u00e1piz para sombrear o el pincel marcador para dibujar l\u00edneas m\u00e1s gruesas. Nuestro L\u00e1piz t\u00e1ctil para iPad A11 incorpora la funci\u00f3n de rechazo de palma y permite apoyar c\u00f3modamente la mano o los dedos en la pantalla sin necesidad de guantes al dibujar, escribir o marcar.<br \/>\n&#8211; \u3010Bot\u00f3n Multifunci\u00f3n &amp; Bluetooth\u3011Un clic para encender y mant\u00e9n presionado por 2 segundos para apagar. Consigue 3 accesos directos predeterminados (Deshacer \/ Ir a inicio \/ Tomar fotos) despu\u00e9s de emparejar Bluetooth. Si es necesario, tambi\u00e9n puedes obtener m\u00e1s funciones personalizadas a trav\u00e9s de la APP\u300cWellnote\u300d. Cada paso es m\u00e1s r\u00e1pido y conveniente, mejorando tu eficiencia.<br \/>\n&#8211; \u3010Precisi\u00f3n de P\u00edxel 0.1mm Sin Demoras\u3011Nuevo chip inteligente P2 de nueva generaci\u00f3n para una se\u00f1al m\u00e1s fuerte y una precisi\u00f3n a nivel de p\u00edxeles de hasta 0.1 mm, sin demoras, sin puntos de interrupci\u00f3n y sin desviaciones. Este l\u00e1piz para ipad 2025 No hay problema para escribir peque\u00f1as notas entre l\u00edneas, \u00a1como si fuera un l\u00e1piz real! (NOTA: El pencil para apple i-Pad A11 no tiene un dise\u00f1o sensible a la presi\u00f3n).<br \/>\n&#8211; \u3010Mismas Puntas que Apple Pencil &amp; Doble Im\u00e1n\u3011Las mismas puntas de material POM, suaves y sin retrasos. Nunca te preocupes por la durabilidad. Cada L\u00e1piz A11 viene con 2 Puntas adicionales reemplazables, ahorrando mucho costo a los usuarios que reemplazan puntas con frecuencia. Con dos imanes incorporados, el l\u00e1piz Metapen para iPad de Apple siempre est\u00e1 listo para fijarse firmemente a tu i-Pad en cualquier momento, sin rodar ni perderse.<\/p>\n","protected":false},"excerpt":{"rendered":"<p>Metapen A11 L\u00e1piz para iPad 2018-2025,2X Carga R\u00e1pida,Hotkey Bluetooth,Rechazo de Palma,Stylus Pencil Compatible con Apple iPad 11 A16\/10\/9\/8\/7\/6,Air 5\/4\/3\/M2\/M3,Pro 12.9\u00bb\/11\u00bb\/M4,Mini 5\/6<br \/>\n#Publicidad <span class=\"read-more\"><a class=\"more-link btn btn-transparent\" href=\"https:\/\/rockkofertas.com.es\/index.php\/producto\/b0bcwgc7gj\/\">Leer m\u00e1s&#8230;<\/a><\/span><\/p>\n","protected":false},"featured_media":6932,"comment_status":"open","ping_status":"closed","template":"","meta":[],"product_cat":[15],"product_tag":[],"class_list":{"0":"post-6933","1":"product","2":"type-product","3":"status-publish","4":"has-post-thumbnail","6":"product_cat-sin-categorizar","8":"first","9":"instock","10":"shipping-taxable","11":"product-type-external"},"_links":{"self":[{"href":"https:\/\/rockkofertas.com.es\/index.php\/wp-json\/wp\/v2\/product\/6933","targetHints":{"allow":["GET"]}}],"collection":[{"href":"https:\/\/rockkofertas.com.es\/index.php\/wp-json\/wp\/v2\/product"}],"about":[{"href":"https:\/\/rockkofertas.com.es\/index.php\/wp-json\/wp\/v2\/types\/product"}],"replies":[{"embeddable":true,"href":"https:\/\/rockkofertas.com.es\/index.php\/wp-json\/wp\/v2\/comments?post=6933"}],"wp:featuredmedia":[{"embeddable":true,"href":"https:\/\/rockkofertas.com.es\/index.php\/wp-json\/wp\/v2\/media\/6932"}],"wp:attachment":[{"href":"https:\/\/rockkofertas.com.es\/index.php\/wp-json\/wp\/v2\/media?parent=6933"}],"wp:term":[{"taxonomy":"product_cat","embeddable":true,"href":"https:\/\/rockkofertas.com.es\/index.php\/wp-json\/wp\/v2\/product_cat?post=6933"},{"taxonomy":"product_tag","embeddable":true,"href":"https:\/\/rockkofertas.com.es\/index.php\/wp-json\/wp\/v2\/product_tag?post=6933"}],"curies":[{"name":"wp","href":"https:\/\/api.w.org\/{rel}","templated":true}]}}