{"id":6929,"date":"2025-11-12T20:54:16","date_gmt":"2025-11-12T20:54:16","guid":{"rendered":"https:\/\/rockkofertas.com.es\/index.php\/producto\/b0dpflsqvh\/"},"modified":"2025-11-12T20:54:16","modified_gmt":"2025-11-12T20:54:16","slug":"b0dpflsqvh","status":"publish","type":"product","link":"https:\/\/rockkofertas.com.es\/index.php\/producto\/b0dpflsqvh\/","title":{"rendered":"B0DPFLSQVH"},"content":{"rendered":"<p>&#8211; Luces de Navidad: Esta es una l\u00e1mpara de hadas para \u00e1rbol de Navidad con 280 luces y una longitud de 2 metros, que emite una luz suave y agradable. Con un cable de alimentaci\u00f3n de 2 metros, el cable verde oscuro se integra perfectamente en su \u00e1rbol de Navidad.<br \/>\n&#8211; Instalaci\u00f3n r\u00e1pida en 3 minutos: Con la cadena de luces para \u00e1rbol de Navidad con anillo, puede distribuir f\u00e1cilmente las luces en el \u00e1rbol. Puede consultar el video en el enlace para guiar el anillo hacia la parte superior. Puede doblarlo f\u00e1cilmente a la posici\u00f3n necesaria y retirarlo r\u00e1pidamente.<br \/>\n&#8211; 8 modos y 4 niveles de brillo: La iluminaci\u00f3n del \u00e1rbol de Navidad tiene 8 modos diferentes: combinaci\u00f3n, ola, secuencia, brillo suave, destello, desvanecimiento lento, parpadeo y modo estable. Y el cable de luces tiene 4 niveles de brillo (25%, 50%, 75%, 100%). \u00a1Haz que tu \u00e1rbol de Navidad y tus vacaciones sean m\u00e1s hermosos!<br \/>\n&#8211; Funci\u00f3n de memoria y temporizaci\u00f3n: en comparaci\u00f3n con otra cadena ligera, la l\u00e1mpara de \u00e1rbol de Navidad KimuWote tiene una funci\u00f3n de memoria y puede mantener sus configuraciones finales. Abra el modo de temporizaci\u00f3n a trav\u00e9s del bot\u00f3n de enchufe o el control remoto. Se enciende durante 6 horas y se apaga por 18 horas, volviendo a encenderse para ahorrar energ\u00eda.<br \/>\n&#8211; Impermeable IP44 y servicio de 365 d\u00edas: las hadas de Navidad pueden resistir la lluvia ligera y las salpicaduras. 31V de baja tensi\u00f3n, no se sobrecalienta despu\u00e9s de unas horas de uso, seguridad para ni\u00f1os y mascotas. [Postventa] Si encuentra alg\u00fan problema, puede enviarnos un correo electr\u00f3nico para contactarnos.<\/p>\n","protected":false},"excerpt":{"rendered":"<p>Kimuwote Cadena de Luces para \u00c1rbol, 2M 280LED Luces Arbol Navidad, Control Remoto 8 Modos, para Decoraci\u00f3n Navide\u00f1a de Interior y Exterior<br \/>#Publicidad <span class=\"read-more\"><a class=\"more-link btn btn-transparent\" href=\"https:\/\/rockkofertas.com.es\/index.php\/producto\/b0dpflsqvh\/\">Leer m\u00e1s&#8230;<\/a><\/span><\/p>\n","protected":false},"featured_media":6928,"comment_status":"open","ping_status":"closed","template":"","meta":[],"product_cat":[15],"product_tag":[],"class_list":{"0":"post-6929","1":"product","2":"type-product","3":"status-publish","4":"has-post-thumbnail","6":"product_cat-sin-categorizar","8":"first","9":"instock","10":"shipping-taxable","11":"product-type-external"},"_links":{"self":[{"href":"https:\/\/rockkofertas.com.es\/index.php\/wp-json\/wp\/v2\/product\/6929","targetHints":{"allow":["GET"]}}],"collection":[{"href":"https:\/\/rockkofertas.com.es\/index.php\/wp-json\/wp\/v2\/product"}],"about":[{"href":"https:\/\/rockkofertas.com.es\/index.php\/wp-json\/wp\/v2\/types\/product"}],"replies":[{"embeddable":true,"href":"https:\/\/rockkofertas.com.es\/index.php\/wp-json\/wp\/v2\/comments?post=6929"}],"wp:featuredmedia":[{"embeddable":true,"href":"https:\/\/rockkofertas.com.es\/index.php\/wp-json\/wp\/v2\/media\/6928"}],"wp:attachment":[{"href":"https:\/\/rockkofertas.com.es\/index.php\/wp-json\/wp\/v2\/media?parent=6929"}],"wp:term":[{"taxonomy":"product_cat","embeddable":true,"href":"https:\/\/rockkofertas.com.es\/index.php\/wp-json\/wp\/v2\/product_cat?post=6929"},{"taxonomy":"product_tag","embeddable":true,"href":"https:\/\/rockkofertas.com.es\/index.php\/wp-json\/wp\/v2\/product_tag?post=6929"}],"curies":[{"name":"wp","href":"https:\/\/api.w.org\/{rel}","templated":true}]}}