{"id":6925,"date":"2025-11-12T16:00:54","date_gmt":"2025-11-12T16:00:54","guid":{"rendered":"https:\/\/rockkofertas.com.es\/index.php\/producto\/b0dzndthyd\/"},"modified":"2025-11-12T16:00:54","modified_gmt":"2025-11-12T16:00:54","slug":"b0dzndthyd","status":"publish","type":"product","link":"https:\/\/rockkofertas.com.es\/index.php\/producto\/b0dzndthyd\/","title":{"rendered":"B0DZNDTHYD"},"content":{"rendered":"<p>&#8211; Solo apto para jab\u00f3n l\u00edquido (sin espuma)<br \/>\n&#8211; Carga USB-C Conveniente: No m\u00e1s pilas &#8211; ecol\u00f3gico y econ\u00f3mico. (Adaptador no incluido; se requiere cargador 5V\/1A)<br \/>\n&#8211; Dispensador de Acero Inoxidable: Robusto y duradero, combina con cocinas y ba\u00f1os modernos. Abertura ancha para rellenar f\u00e1cilmente<br \/>\n&#8211; Dispensado Autom\u00e1tico Sin Contacto: Sin necesidad de tocar &#8211; dispensa al detectar. Uso con una mano, incluso con las manos sucias<br \/>\n&#8211; 5 Niveles de Dosificaci\u00f3n: Suave para manos, potente para vajilla &#8211; cubre todas las necesidades familiares<br \/>\n&#8211; Soporte AIKE: Garant\u00eda de 1 a\u00f1o. Cont\u00e1ctenos ante cualquier problema<\/p>\n","protected":false},"excerpt":{"rendered":"<p>AIKE SensePro Dispensador de jab\u00f3n autom\u00e1tico, Recargable USB-C, Acero Inoxidable Negro Mate 380ml para Jab\u00f3n L\u00edquido<br \/>\n#Publicidad <span class=\"read-more\"><a class=\"more-link btn btn-transparent\" href=\"https:\/\/rockkofertas.com.es\/index.php\/producto\/b0dzndthyd\/\">Leer m\u00e1s&#8230;<\/a><\/span><\/p>\n","protected":false},"featured_media":6924,"comment_status":"open","ping_status":"closed","template":"","meta":[],"product_cat":[15],"product_tag":[],"class_list":{"0":"post-6925","1":"product","2":"type-product","3":"status-publish","4":"has-post-thumbnail","6":"product_cat-sin-categorizar","8":"first","9":"instock","10":"shipping-taxable","11":"product-type-external"},"_links":{"self":[{"href":"https:\/\/rockkofertas.com.es\/index.php\/wp-json\/wp\/v2\/product\/6925","targetHints":{"allow":["GET"]}}],"collection":[{"href":"https:\/\/rockkofertas.com.es\/index.php\/wp-json\/wp\/v2\/product"}],"about":[{"href":"https:\/\/rockkofertas.com.es\/index.php\/wp-json\/wp\/v2\/types\/product"}],"replies":[{"embeddable":true,"href":"https:\/\/rockkofertas.com.es\/index.php\/wp-json\/wp\/v2\/comments?post=6925"}],"wp:featuredmedia":[{"embeddable":true,"href":"https:\/\/rockkofertas.com.es\/index.php\/wp-json\/wp\/v2\/media\/6924"}],"wp:attachment":[{"href":"https:\/\/rockkofertas.com.es\/index.php\/wp-json\/wp\/v2\/media?parent=6925"}],"wp:term":[{"taxonomy":"product_cat","embeddable":true,"href":"https:\/\/rockkofertas.com.es\/index.php\/wp-json\/wp\/v2\/product_cat?post=6925"},{"taxonomy":"product_tag","embeddable":true,"href":"https:\/\/rockkofertas.com.es\/index.php\/wp-json\/wp\/v2\/product_tag?post=6925"}],"curies":[{"name":"wp","href":"https:\/\/api.w.org\/{rel}","templated":true}]}}