{"id":6923,"date":"2025-11-12T12:04:26","date_gmt":"2025-11-12T12:04:26","guid":{"rendered":"https:\/\/rockkofertas.com.es\/index.php\/producto\/b0f7xyftjt\/"},"modified":"2025-11-12T12:04:26","modified_gmt":"2025-11-12T12:04:26","slug":"b0f7xyftjt","status":"publish","type":"product","link":"https:\/\/rockkofertas.com.es\/index.php\/producto\/b0f7xyftjt\/","title":{"rendered":"B0F7XYFTJT"},"content":{"rendered":"<p>&#8211; \u3010Fortalece y Protege el Esmalte Dental\u3011Esta pasta de dientes de hidroxiapatita con 9,9 % de nano-hidroxiapatita reconstruye activamente y fortalece el esmalte, el escudo protector natural de tus dientes. Aumenta la densidad del esmalte para prevenir la caries, reducir la erosi\u00f3n \u00e1cida y promover la salud de las enc\u00edas a largo plazo.<br \/>\n&#8211; \u3010Alivio R\u00e1pido de la Sensibilidad Dental\u3011 Bloquea los desencadenantes del dolor en la fuente. La nanohidroxiapatita llena los espacios microsc\u00f3picos en el esmalte y sella los t\u00fabulos dentinos expuestos para minimizar las molestias de los alimentos calientes, fr\u00edos o azucarados. Experimente un alivio persistente en unas pocas semanas.<br \/>\n&#8211; \u3010Eliminaci\u00f3n de Manchas Suave y Eficaz\u3011Elimina las manchas de caf\u00e9, vino y placa sin productos qu\u00edmicos agresivos. Nuestra pasta de dientes de hidroxiapatita pule los dientes para una sonrisa m\u00e1s blanca natural mientras previene la formaci\u00f3n de sarro.<br \/>\n&#8211; \u3010Aliento Fresco de Larga Duraci\u00f3n\u3011Disfruta del sabor fresco y natural de menta que neutraliza el mal aliento y mantiene tu aliento fresco durante horas.<br \/>\n&#8211; \u3010Sin Fl\u00faor y Apto para Familias\u3011Seguro para ni\u00f1os a partir de 6 a\u00f1os e ideal para un estilo de vida sin fl\u00faor. Libre de parabenos y aditivos agresivos. Recomendado por dentistas para uso diario para mantener una salud bucal hol\u00edstica.<\/p>\n","protected":false},"excerpt":{"rendered":"<p>Pasta de Dientes de Hidroxiapatita Paquete de 2, Sin Fl\u00faor Pasta Dental con 9,9% Nano Hidroxiapatita, Protege el Esmalte Dental, Alivia la Sensibilidad, Fortalece los Dientes, Cuidado Bucal<br \/>#Publicidad <span class=\"read-more\"><a class=\"more-link btn btn-transparent\" href=\"https:\/\/rockkofertas.com.es\/index.php\/producto\/b0f7xyftjt\/\">Leer m\u00e1s&#8230;<\/a><\/span><\/p>\n","protected":false},"featured_media":6922,"comment_status":"open","ping_status":"closed","template":"","meta":[],"product_cat":[15],"product_tag":[],"class_list":{"0":"post-6923","1":"product","2":"type-product","3":"status-publish","4":"has-post-thumbnail","6":"product_cat-sin-categorizar","8":"first","9":"instock","10":"shipping-taxable","11":"product-type-external"},"_links":{"self":[{"href":"https:\/\/rockkofertas.com.es\/index.php\/wp-json\/wp\/v2\/product\/6923","targetHints":{"allow":["GET"]}}],"collection":[{"href":"https:\/\/rockkofertas.com.es\/index.php\/wp-json\/wp\/v2\/product"}],"about":[{"href":"https:\/\/rockkofertas.com.es\/index.php\/wp-json\/wp\/v2\/types\/product"}],"replies":[{"embeddable":true,"href":"https:\/\/rockkofertas.com.es\/index.php\/wp-json\/wp\/v2\/comments?post=6923"}],"wp:featuredmedia":[{"embeddable":true,"href":"https:\/\/rockkofertas.com.es\/index.php\/wp-json\/wp\/v2\/media\/6922"}],"wp:attachment":[{"href":"https:\/\/rockkofertas.com.es\/index.php\/wp-json\/wp\/v2\/media?parent=6923"}],"wp:term":[{"taxonomy":"product_cat","embeddable":true,"href":"https:\/\/rockkofertas.com.es\/index.php\/wp-json\/wp\/v2\/product_cat?post=6923"},{"taxonomy":"product_tag","embeddable":true,"href":"https:\/\/rockkofertas.com.es\/index.php\/wp-json\/wp\/v2\/product_tag?post=6923"}],"curies":[{"name":"wp","href":"https:\/\/api.w.org\/{rel}","templated":true}]}}