{"id":6919,"date":"2025-11-12T09:23:37","date_gmt":"2025-11-12T09:23:37","guid":{"rendered":"https:\/\/rockkofertas.com.es\/index.php\/producto\/b0fq59kyh3\/"},"modified":"2025-11-12T09:23:37","modified_gmt":"2025-11-12T09:23:37","slug":"b0fq59kyh3","status":"publish","type":"product","link":"https:\/\/rockkofertas.com.es\/index.php\/producto\/b0fq59kyh3\/","title":{"rendered":"B0FQ59KYH3"},"content":{"rendered":"<p>&#8211; Este repelente de ratas ultras\u00f3nicas en el hogar utiliza ultrasonido que interfiere con el sistema nervioso y auditivo de los ratones para hacerlos sentir inc\u00f3modos y, por lo tanto, escapar.<br \/>\n&#8211; Adecuado para uso Interior. Puede usarlo en casa, oficina, cocina, ba\u00f1o, garaje, etc., evitando al mismo tiempo el agua y la humedad. atenci\u00f3n<br \/>\n&#8211; Es f\u00e1cil de instalar en cualquier lugar. Tiene un sensor rojo y una Luz LED que indica si el dispositivo est\u00e1 encendido.<br \/>\n&#8211; El dise\u00f1o de este repelente de ratas es muy humano, ya que puede ahuyentar eficazmente a los roedores sin da\u00f1arlos. Adem\u00e1s, la ecograf\u00eda es casi imperceptible y no representa un peligro para el cuerpo humano ni para las mascotas.<br \/>\n&#8211; Los repelentes de ratas son adecuados para casas, garajes, bibliotecas, \u00e1ticos, s\u00f3tanos, dormitorios, cocinas, oficinas.<\/p>\n","protected":false},"excerpt":{"rendered":"<p>YOUKK Repelente Ultrasonico Ahuyentador de Ratas,360\u00b0Ultras\u00f3nico Repelente Topos,con Infrared Sensing, Luz Intermitente,Repelente Murci\u00e9lagos,para Casa,Garaje,Desv\u00e1n,Jard\u00edn.<br \/>#Publicidad <span class=\"read-more\"><a class=\"more-link btn btn-transparent\" href=\"https:\/\/rockkofertas.com.es\/index.php\/producto\/b0fq59kyh3\/\">Leer m\u00e1s&#8230;<\/a><\/span><\/p>\n","protected":false},"featured_media":6918,"comment_status":"open","ping_status":"closed","template":"","meta":[],"product_cat":[15],"product_tag":[],"class_list":{"0":"post-6919","1":"product","2":"type-product","3":"status-publish","4":"has-post-thumbnail","6":"product_cat-sin-categorizar","8":"first","9":"instock","10":"shipping-taxable","11":"product-type-external"},"_links":{"self":[{"href":"https:\/\/rockkofertas.com.es\/index.php\/wp-json\/wp\/v2\/product\/6919","targetHints":{"allow":["GET"]}}],"collection":[{"href":"https:\/\/rockkofertas.com.es\/index.php\/wp-json\/wp\/v2\/product"}],"about":[{"href":"https:\/\/rockkofertas.com.es\/index.php\/wp-json\/wp\/v2\/types\/product"}],"replies":[{"embeddable":true,"href":"https:\/\/rockkofertas.com.es\/index.php\/wp-json\/wp\/v2\/comments?post=6919"}],"wp:featuredmedia":[{"embeddable":true,"href":"https:\/\/rockkofertas.com.es\/index.php\/wp-json\/wp\/v2\/media\/6918"}],"wp:attachment":[{"href":"https:\/\/rockkofertas.com.es\/index.php\/wp-json\/wp\/v2\/media?parent=6919"}],"wp:term":[{"taxonomy":"product_cat","embeddable":true,"href":"https:\/\/rockkofertas.com.es\/index.php\/wp-json\/wp\/v2\/product_cat?post=6919"},{"taxonomy":"product_tag","embeddable":true,"href":"https:\/\/rockkofertas.com.es\/index.php\/wp-json\/wp\/v2\/product_tag?post=6919"}],"curies":[{"name":"wp","href":"https:\/\/api.w.org\/{rel}","templated":true}]}}