{"id":6915,"date":"2025-11-12T08:31:04","date_gmt":"2025-11-12T08:31:04","guid":{"rendered":"https:\/\/rockkofertas.com.es\/index.php\/producto\/b0dsfqv89r-2\/"},"modified":"2025-11-12T08:31:04","modified_gmt":"2025-11-12T08:31:04","slug":"b0dsfqv89r-2","status":"publish","type":"product","link":"https:\/\/rockkofertas.com.es\/index.php\/producto\/b0dsfqv89r-2\/","title":{"rendered":"B0DSFQV89R"},"content":{"rendered":"<p>&#8211; Pantalla IPS HD de 4.3 pulgadas: endoscopio industrial HD con una pantalla LCD a color de 4.3 pulgadas que te permite ver im\u00e1genes de alta definici\u00f3n en tiempo real. F\u00e1cil de operar, se enciende y se puede utilizar inmediatamente. No hay necesidad de utilizar tu smartphone para conectarte al WiFi y no hay necesidad de descargar ning\u00fan software de controlador. (Ten en cuenta que las im\u00e1genes no se pueden guardar)<br \/>\n&#8211; C\u00e1mara de serpiente de alta calidad: los boroscopios impermeables IP67 pueden manejar f\u00e1cilmente d\u00edas lluviosos y entornos h\u00famedos, suficiente para satisfacer diversas necesidades en tu trabajo. Bater\u00eda recargable de 2000 mAh, una carga completa puede funcionar hasta 3-4 horas.<br \/>\n&#8211; C\u00e1mara de inspecci\u00f3n profesional: 8 luces LED ajustables para garantizar una imagen clara incluso en condiciones oscuras. La mejor distancia de enfoque (2 cm-10 cm) facilitando las inspecciones. El cable semirr\u00edgido de 5 m permite que el endoscopio USB se doble arbitrariamente y puede llegar f\u00e1cilmente a varias \u00e1reas estrechas y peque\u00f1as.<br \/>\n&#8211; Dise\u00f1o ergon\u00f3mico de mano: una c\u00e1mara de inspecci\u00f3n de boroscopio de dise\u00f1o ergon\u00f3mico con un pr\u00e1ctico dise\u00f1o de mano que se puede operar con una mano mientras trabajas. El cuerpo mate antideslizante hace que la c\u00e1mara endosc\u00f3pica con luz sea c\u00f3moda de sostener, ligera y c\u00f3moda de usar.<br \/>\n&#8211; Herramienta ideal: excelente para la inspecci\u00f3n en tuber\u00edas o \u00e1reas que no son visibles a simple vista. Es ampliamente utilizado en campos como mantenimiento de autom\u00f3viles, inspecci\u00f3n mec\u00e1nica, reparaci\u00f3n de tuber\u00edas, inspecci\u00f3n de electrodom\u00e9sticos, mantenimiento de la casa, inspecci\u00f3n de estructuras de paredes e inspecci\u00f3n de alcantarillado\/drenaje, etc.<\/p>\n","protected":false},"excerpt":{"rendered":"<p>Lightswim &#8211; Boroscopio Digital Industrial HD 1080P, c\u00e1mara de inspecci\u00f3n endosc\u00f3pica IPS de 4.3 Pulgadas con alcantarillado de Serpiente Impermeable IP67 de Mano con 8 Luces LED, Cable semirr\u00edgido de<br \/>#Publicidad <span class=\"read-more\"><a class=\"more-link btn btn-transparent\" href=\"https:\/\/rockkofertas.com.es\/index.php\/producto\/b0dsfqv89r-2\/\">Leer m\u00e1s&#8230;<\/a><\/span><\/p>\n","protected":false},"featured_media":6914,"comment_status":"open","ping_status":"closed","template":"","meta":[],"product_cat":[15],"product_tag":[],"class_list":{"0":"post-6915","1":"product","2":"type-product","3":"status-publish","4":"has-post-thumbnail","6":"product_cat-sin-categorizar","8":"first","9":"instock","10":"shipping-taxable","11":"product-type-external"},"_links":{"self":[{"href":"https:\/\/rockkofertas.com.es\/index.php\/wp-json\/wp\/v2\/product\/6915","targetHints":{"allow":["GET"]}}],"collection":[{"href":"https:\/\/rockkofertas.com.es\/index.php\/wp-json\/wp\/v2\/product"}],"about":[{"href":"https:\/\/rockkofertas.com.es\/index.php\/wp-json\/wp\/v2\/types\/product"}],"replies":[{"embeddable":true,"href":"https:\/\/rockkofertas.com.es\/index.php\/wp-json\/wp\/v2\/comments?post=6915"}],"wp:featuredmedia":[{"embeddable":true,"href":"https:\/\/rockkofertas.com.es\/index.php\/wp-json\/wp\/v2\/media\/6914"}],"wp:attachment":[{"href":"https:\/\/rockkofertas.com.es\/index.php\/wp-json\/wp\/v2\/media?parent=6915"}],"wp:term":[{"taxonomy":"product_cat","embeddable":true,"href":"https:\/\/rockkofertas.com.es\/index.php\/wp-json\/wp\/v2\/product_cat?post=6915"},{"taxonomy":"product_tag","embeddable":true,"href":"https:\/\/rockkofertas.com.es\/index.php\/wp-json\/wp\/v2\/product_tag?post=6915"}],"curies":[{"name":"wp","href":"https:\/\/api.w.org\/{rel}","templated":true}]}}