{"id":6897,"date":"2025-11-11T18:00:47","date_gmt":"2025-11-11T18:00:47","guid":{"rendered":"https:\/\/rockkofertas.com.es\/index.php\/producto\/b0fp52xlrg\/"},"modified":"2025-11-11T18:00:47","modified_gmt":"2025-11-11T18:00:47","slug":"b0fp52xlrg","status":"publish","type":"product","link":"https:\/\/rockkofertas.com.es\/index.php\/producto\/b0fp52xlrg\/","title":{"rendered":"B0FP52XLRG"},"content":{"rendered":"<p>&#8211; \u30103 modos de trabajo inteligentes\u3011Modo 1 (azul): Ultrasonido permanente de 25 kHz. Modo 2 (Amarillo): Modulaci\u00f3n De Frecuencia Autom\u00e1tica 13-32 kHz. Modo 3 (rojo): Combina ultrasonido de 25 kHz + 13-32 kHz con se\u00f1ales de advertencia audibles para una disuasi\u00f3n amplificada.<br \/>\n&#8211; \u3010F\u00e1cil instalaci\u00f3n y sin mantenimiento\u3011Operaci\u00f3n directa con la red sin cambio de bater\u00eda. Efecto \u00f3ptimo con funcionamiento continuo durante al menos 2 semanas. Ideal para cocinas, s\u00f3tanos, \u00e1ticos y trasteros de hasta 120 m\u00b2.<br \/>\n&#8211; \u3010Repelencia profesional contra las plagas por ultrasonidos\u3011Combate eficazmente ratones, cucarachas, murci\u00e9lagos y roedores mediante ultrasonidos de alta frecuencia (13-32 kHz \u00b11 kHz). La presi\u00f3n ac\u00fastica de 100-125 dB crea una presi\u00f3n ambiental insoportable para las plagas, mientras que el funcionamiento sigue siendo seguro para personas y mascotas.<br \/>\n&#8211; \u3010Fuente de alimentaci\u00f3n energ\u00e9ticamente eficiente\u3011 Amplio rango de voltaje de entrada AC 90-240V\/50-60Hz, compatible con enchufes USB. El bajo consumo de energ\u00eda de solo 6-8 vatios (DC 5V\/300 mA) permite un funcionamiento continuo sin altos costos de energ\u00eda.<br \/>\n&#8211; \u3010Service excellent\u3011Nous travaillons sans rel\u00e2che pour am\u00e9liorer notre r\u00e9pulsif anti-insectes \u00e0 ultrasons pour nous assurer de vous offrir des produits de meilleure qualit\u00e9, durables et confortables. Nous offrons un service en ligne 24 heures sur 24 et une dur\u00e9e de vie de 12 mois. Si vous avez des questions, veuillez nous contacter. Venez l&#8217;essayer.<\/p>\n","protected":false},"excerpt":{"rendered":"<p>Ahuyentador de Ratas,Ultras\u00f3nico para murci\u00e9lagos,Repelente de Ratas, 360 \u00b0 con luz LED, Ardilla y cucaracha ultras\u00f3nica,Repelente ultras\u00f3nico para Ratones Cucarachas enchufables para jard\u00edn<br \/>#Publicidad <span class=\"read-more\"><a class=\"more-link btn btn-transparent\" href=\"https:\/\/rockkofertas.com.es\/index.php\/producto\/b0fp52xlrg\/\">Leer m\u00e1s&#8230;<\/a><\/span><\/p>\n","protected":false},"featured_media":6896,"comment_status":"open","ping_status":"closed","template":"","meta":[],"product_cat":[15],"product_tag":[],"class_list":{"0":"post-6897","1":"product","2":"type-product","3":"status-publish","4":"has-post-thumbnail","6":"product_cat-sin-categorizar","8":"first","9":"instock","10":"shipping-taxable","11":"product-type-external"},"_links":{"self":[{"href":"https:\/\/rockkofertas.com.es\/index.php\/wp-json\/wp\/v2\/product\/6897","targetHints":{"allow":["GET"]}}],"collection":[{"href":"https:\/\/rockkofertas.com.es\/index.php\/wp-json\/wp\/v2\/product"}],"about":[{"href":"https:\/\/rockkofertas.com.es\/index.php\/wp-json\/wp\/v2\/types\/product"}],"replies":[{"embeddable":true,"href":"https:\/\/rockkofertas.com.es\/index.php\/wp-json\/wp\/v2\/comments?post=6897"}],"wp:featuredmedia":[{"embeddable":true,"href":"https:\/\/rockkofertas.com.es\/index.php\/wp-json\/wp\/v2\/media\/6896"}],"wp:attachment":[{"href":"https:\/\/rockkofertas.com.es\/index.php\/wp-json\/wp\/v2\/media?parent=6897"}],"wp:term":[{"taxonomy":"product_cat","embeddable":true,"href":"https:\/\/rockkofertas.com.es\/index.php\/wp-json\/wp\/v2\/product_cat?post=6897"},{"taxonomy":"product_tag","embeddable":true,"href":"https:\/\/rockkofertas.com.es\/index.php\/wp-json\/wp\/v2\/product_tag?post=6897"}],"curies":[{"name":"wp","href":"https:\/\/api.w.org\/{rel}","templated":true}]}}