{"id":6895,"date":"2025-11-11T17:46:59","date_gmt":"2025-11-11T17:46:59","guid":{"rendered":"https:\/\/rockkofertas.com.es\/index.php\/producto\/b0fgk8cpx5\/"},"modified":"2025-11-11T17:46:59","modified_gmt":"2025-11-11T17:46:59","slug":"b0fgk8cpx5","status":"publish","type":"product","link":"https:\/\/rockkofertas.com.es\/index.php\/producto\/b0fgk8cpx5\/","title":{"rendered":"B0FGK8CPX5"},"content":{"rendered":"<p>&#8211; Dise\u00f1o con cuerpo de acero inoxidable, corona con cortes multifac\u00e9ticos y asas minimalistas inspiradas en la est\u00e9tica de los relojes cl\u00e1sicos. La versi\u00f3n met\u00e1lica incluye una corona con incrustaciones de diamante que aporta un toque de brillo en la mu\u00f1eca. Caja compacta de 41 mm, cuerpo ultraligero de 32 g y grosor de solo 9,5 mm.<br \/>\n&#8211; Predicci\u00f3n del ciclo menstrual mejorada, gracias a un sensor de temperatura de alta precisi\u00f3n (0,1 \u00b0C) que monitoriza continuamente la temperatura de la piel para identificar patrones y anticipar el ciclo.<br \/>\n&#8211; Chequeo de salud en un solo toque: permite evaluar frecuencia card\u00edaca, ox\u00edgeno en sangre, nivel de estr\u00e9s y calidad del sue\u00f1o de forma r\u00e1pida y sencilla.<br \/>\n&#8211; Funciones de seguridad avanzadas: Triple clic en la corona para llamar autom\u00e1ticamente a los contactos de emergencia y compartir la ubicaci\u00f3n precisa (requiere configuraci\u00f3n previa en la app Mi Fitness). Pulsaci\u00f3n larga de 3 segundos para activar el Modo de Seguridad, que permite compartir ubicaci\u00f3n en tiempo real o activar una alarma sonora.<br \/>\n&#8211; Xiaomi HyperOS 3 con notificaciones enfocadas y alertas priorizadas de las apps del sistema y de Mi Home.<\/p>\n","protected":false},"excerpt":{"rendered":"<p>XIAOMI Watch S4 41mm, Smartwatch, Di\u00e1metro de 41 mm, Cuerpo Ultraligero de 32g, Pron\u00f3stico Menstrual, 150+ Modos Deportivos, Funciones de Seguridad, HyperOS 3, Correa de Cuero (Blanco)<br \/>#Publicidad <span class=\"read-more\"><a class=\"more-link btn btn-transparent\" href=\"https:\/\/rockkofertas.com.es\/index.php\/producto\/b0fgk8cpx5\/\">Leer m\u00e1s&#8230;<\/a><\/span><\/p>\n","protected":false},"featured_media":6894,"comment_status":"open","ping_status":"closed","template":"","meta":[],"product_cat":[15],"product_tag":[],"class_list":{"0":"post-6895","1":"product","2":"type-product","3":"status-publish","4":"has-post-thumbnail","6":"product_cat-sin-categorizar","8":"first","9":"instock","10":"shipping-taxable","11":"product-type-external"},"_links":{"self":[{"href":"https:\/\/rockkofertas.com.es\/index.php\/wp-json\/wp\/v2\/product\/6895","targetHints":{"allow":["GET"]}}],"collection":[{"href":"https:\/\/rockkofertas.com.es\/index.php\/wp-json\/wp\/v2\/product"}],"about":[{"href":"https:\/\/rockkofertas.com.es\/index.php\/wp-json\/wp\/v2\/types\/product"}],"replies":[{"embeddable":true,"href":"https:\/\/rockkofertas.com.es\/index.php\/wp-json\/wp\/v2\/comments?post=6895"}],"wp:featuredmedia":[{"embeddable":true,"href":"https:\/\/rockkofertas.com.es\/index.php\/wp-json\/wp\/v2\/media\/6894"}],"wp:attachment":[{"href":"https:\/\/rockkofertas.com.es\/index.php\/wp-json\/wp\/v2\/media?parent=6895"}],"wp:term":[{"taxonomy":"product_cat","embeddable":true,"href":"https:\/\/rockkofertas.com.es\/index.php\/wp-json\/wp\/v2\/product_cat?post=6895"},{"taxonomy":"product_tag","embeddable":true,"href":"https:\/\/rockkofertas.com.es\/index.php\/wp-json\/wp\/v2\/product_tag?post=6895"}],"curies":[{"name":"wp","href":"https:\/\/api.w.org\/{rel}","templated":true}]}}