{"id":6891,"date":"2025-11-11T16:00:47","date_gmt":"2025-11-11T16:00:47","guid":{"rendered":"https:\/\/rockkofertas.com.es\/index.php\/producto\/b0f8f1gxcv\/"},"modified":"2025-11-11T16:00:47","modified_gmt":"2025-11-11T16:00:47","slug":"b0f8f1gxcv","status":"publish","type":"product","link":"https:\/\/rockkofertas.com.es\/index.php\/producto\/b0f8f1gxcv\/","title":{"rendered":"B0F8F1GXCV"},"content":{"rendered":"<p>&#8211; Visuales de impacto: Su pantalla IPS de 23.8\u201d, 16:9, 1920 x 1080 px y sus 3 bordes ultradelgados, te permiten una visualizaci\u00f3n m\u00e1s amplia con un dise\u00f1o que se ajusta a tu espacio de trabajo<br \/>\n&#8211; Conexi\u00f3n vers\u00e1til: Sus puertos HDMI y VGA garantizan una conexi\u00f3n r\u00e1pida y compatible con ordenadores, consolas de videojuego y otros dispositivos con rapidez y sin interferencias<br \/>\n&#8211; Experimenta el confort: Dile adi\u00f3s al cansancio visual gracias a la tecnolog\u00eda integrada libre de parpadeos mientras disfrutas de las ventajas de su soporte con inclinaci\u00f3n ajustable<br \/>\n&#8211; Alta precisi\u00f3n: La cobertura de color del 99% sRGB, brillo de 250 cd\/m2 y tasa de refresco de 48 Hz \u2013 100 Hz, te proporcionan mayor nitidez y fluidez visual, mejorando tu productividad<br \/>\n&#8211; Enfoque ecol\u00f3gico: Su empaque, responsable con el medio ambiente, garantiza la protecci\u00f3n de tu monitor con un dise\u00f1o sostenible que minimiza residuos, facilita el reciclaje y ayuda a cuidar el planeta<\/p>\n","protected":false},"excerpt":{"rendered":"<p>Lenovo L24-4e &#8211; Monitor FHD 23.8&#8243; (IPS, 1920&#215;1080, Tasa de Refresco 48 Hz \u2013 100 Hz, Tiempo de Respuesta de 4 ms, HDMI 1.4, VGA, VESA 100 x 100 mm) Soporte de Inclinaci\u00f3n, Negro<br \/>\n#Publicidad <span class=\"read-more\"><a class=\"more-link btn btn-transparent\" href=\"https:\/\/rockkofertas.com.es\/index.php\/producto\/b0f8f1gxcv\/\">Leer m\u00e1s&#8230;<\/a><\/span><\/p>\n","protected":false},"featured_media":6890,"comment_status":"open","ping_status":"closed","template":"","meta":[],"product_cat":[15],"product_tag":[],"class_list":{"0":"post-6891","1":"product","2":"type-product","3":"status-publish","4":"has-post-thumbnail","6":"product_cat-sin-categorizar","8":"first","9":"instock","10":"shipping-taxable","11":"product-type-external"},"_links":{"self":[{"href":"https:\/\/rockkofertas.com.es\/index.php\/wp-json\/wp\/v2\/product\/6891","targetHints":{"allow":["GET"]}}],"collection":[{"href":"https:\/\/rockkofertas.com.es\/index.php\/wp-json\/wp\/v2\/product"}],"about":[{"href":"https:\/\/rockkofertas.com.es\/index.php\/wp-json\/wp\/v2\/types\/product"}],"replies":[{"embeddable":true,"href":"https:\/\/rockkofertas.com.es\/index.php\/wp-json\/wp\/v2\/comments?post=6891"}],"wp:featuredmedia":[{"embeddable":true,"href":"https:\/\/rockkofertas.com.es\/index.php\/wp-json\/wp\/v2\/media\/6890"}],"wp:attachment":[{"href":"https:\/\/rockkofertas.com.es\/index.php\/wp-json\/wp\/v2\/media?parent=6891"}],"wp:term":[{"taxonomy":"product_cat","embeddable":true,"href":"https:\/\/rockkofertas.com.es\/index.php\/wp-json\/wp\/v2\/product_cat?post=6891"},{"taxonomy":"product_tag","embeddable":true,"href":"https:\/\/rockkofertas.com.es\/index.php\/wp-json\/wp\/v2\/product_tag?post=6891"}],"curies":[{"name":"wp","href":"https:\/\/api.w.org\/{rel}","templated":true}]}}