{"id":6885,"date":"2025-11-11T08:44:06","date_gmt":"2025-11-11T08:44:06","guid":{"rendered":"https:\/\/rockkofertas.com.es\/index.php\/producto\/b0g1m2khwf\/"},"modified":"2025-11-11T08:44:06","modified_gmt":"2025-11-11T08:44:06","slug":"b0g1m2khwf","status":"publish","type":"product","link":"https:\/\/rockkofertas.com.es\/index.php\/producto\/b0g1m2khwf\/","title":{"rendered":"B0G1M2KHWF"},"content":{"rendered":"<p>&#8211; Confort R\u00e1pido: Alivia el dolor causado por el picor, la hinchaz\u00f3n, el sangrado y el ardor, al tiempo que reduce r\u00e1pidamente las hemorroides.<br \/>\n&#8211; Prevenci\u00f3n: Esta crema suave y calmante es delicada con la piel sensible y adecuada para pieles sensibles. Es ideal para el uso diario y adecuada para la inflamaci\u00f3n y la irritaci\u00f3n hemorroidal. Protege la piel y ayuda a prevenir el desarrollo de hemorroides.<br \/>\n&#8211; Alivio El malestar: ofrecer un alivio instant\u00e1neo para agregar comodidad y facilitar las heces.<br \/>\n&#8211; Confort diario: Ayuda a aliviar las molestias, lo que le permite concentrarse en el aprovechamiento de sus actividades diarias con mayor confianza y facilidad.<br \/>\n&#8211; F\u00e1cil Aplicaci\u00f3n: Paquete de 4 boquillas para una f\u00e1cil aplicaci\u00f3n justo donde lo necesita. Aplicar 1-2 veces al d\u00eda, masajeando suavemente la zona afectada hasta la recuperaci\u00f3n completa<\/p>\n","protected":false},"excerpt":{"rendered":"<p>Crema para Hemorrhoides 20g<br \/>#Publicidad <span class=\"read-more\"><a class=\"more-link btn btn-transparent\" href=\"https:\/\/rockkofertas.com.es\/index.php\/producto\/b0g1m2khwf\/\">Leer m\u00e1s&#8230;<\/a><\/span><\/p>\n","protected":false},"featured_media":6884,"comment_status":"open","ping_status":"closed","template":"","meta":[],"product_cat":[15],"product_tag":[],"class_list":{"0":"post-6885","1":"product","2":"type-product","3":"status-publish","4":"has-post-thumbnail","6":"product_cat-sin-categorizar","8":"first","9":"instock","10":"shipping-taxable","11":"product-type-external"},"_links":{"self":[{"href":"https:\/\/rockkofertas.com.es\/index.php\/wp-json\/wp\/v2\/product\/6885","targetHints":{"allow":["GET"]}}],"collection":[{"href":"https:\/\/rockkofertas.com.es\/index.php\/wp-json\/wp\/v2\/product"}],"about":[{"href":"https:\/\/rockkofertas.com.es\/index.php\/wp-json\/wp\/v2\/types\/product"}],"replies":[{"embeddable":true,"href":"https:\/\/rockkofertas.com.es\/index.php\/wp-json\/wp\/v2\/comments?post=6885"}],"wp:featuredmedia":[{"embeddable":true,"href":"https:\/\/rockkofertas.com.es\/index.php\/wp-json\/wp\/v2\/media\/6884"}],"wp:attachment":[{"href":"https:\/\/rockkofertas.com.es\/index.php\/wp-json\/wp\/v2\/media?parent=6885"}],"wp:term":[{"taxonomy":"product_cat","embeddable":true,"href":"https:\/\/rockkofertas.com.es\/index.php\/wp-json\/wp\/v2\/product_cat?post=6885"},{"taxonomy":"product_tag","embeddable":true,"href":"https:\/\/rockkofertas.com.es\/index.php\/wp-json\/wp\/v2\/product_tag?post=6885"}],"curies":[{"name":"wp","href":"https:\/\/api.w.org\/{rel}","templated":true}]}}