{"id":6883,"date":"2025-11-11T08:00:45","date_gmt":"2025-11-11T08:00:45","guid":{"rendered":"https:\/\/rockkofertas.com.es\/index.php\/producto\/b0f6v49n5y\/"},"modified":"2025-11-11T08:00:45","modified_gmt":"2025-11-11T08:00:45","slug":"b0f6v49n5y","status":"publish","type":"product","link":"https:\/\/rockkofertas.com.es\/index.php\/producto\/b0f6v49n5y\/","title":{"rendered":"B0F6V49N5Y"},"content":{"rendered":"<p>&#8211; Gran capacidad: Cada cubo de 40 x 30 x 30 cm est\u00e1 dividido en dos por un tablero, y cada espacio puede contener 2 pares de zapatos, un total de 20 pares, conseguir orden y limpieza en su casa<br \/>\n&#8211; F\u00e1cil montaje: Instrucciones sencillas, herramientas de instalaci\u00f3n y conectores para una instalaci\u00f3n r\u00e1pida y sencilla. No necesitar\u00e1 herramientas adicionales o buscar la forma de montarlos<br \/>\n&#8211; Multiusos: V\u00e1lido para zapatos u otros art\u00edculos. Puede retirar la separaci\u00f3n central seg\u00fan el tama\u00f1o de los objetos, ajustar el espacio para acomodar ropa, tejidos, accesorios, ropa de cama o juguetes<br \/>\n&#8211; Resistente: El mueble zapatero se compone de una estructura de metal estable y conexiones robustas de pl\u00e1stico PP y ABS. El dise\u00f1o de bricolaje le permite armar accesorios de manera flexible<br \/>\n&#8211; F\u00e1cil limpieza: El zapatero modular se limpia con una toalla h\u00fameda. El dise\u00f1o ventilado de la puerta favorece la circulaci\u00f3n del aire, lo que evita malos olores y ayuda a mantener secos y frescos<\/p>\n","protected":false},"excerpt":{"rendered":"<p>HOOBRO Zapatero, Zapatero Modular con 5 Compartimentos, Mueble Zapatero, Estanter\u00eda de Pl\u00e1stico, Cajas DIY, con Puerta, con Martillo, para Entrada, Armario, Pasilo, Blanco y Transparente EWW11SC01<br \/>\n#Publicidad <span class=\"read-more\"><a class=\"more-link btn btn-transparent\" href=\"https:\/\/rockkofertas.com.es\/index.php\/producto\/b0f6v49n5y\/\">Leer m\u00e1s&#8230;<\/a><\/span><\/p>\n","protected":false},"featured_media":6882,"comment_status":"open","ping_status":"closed","template":"","meta":[],"product_cat":[15],"product_tag":[],"class_list":{"0":"post-6883","1":"product","2":"type-product","3":"status-publish","4":"has-post-thumbnail","6":"product_cat-sin-categorizar","8":"first","9":"instock","10":"shipping-taxable","11":"product-type-external"},"_links":{"self":[{"href":"https:\/\/rockkofertas.com.es\/index.php\/wp-json\/wp\/v2\/product\/6883","targetHints":{"allow":["GET"]}}],"collection":[{"href":"https:\/\/rockkofertas.com.es\/index.php\/wp-json\/wp\/v2\/product"}],"about":[{"href":"https:\/\/rockkofertas.com.es\/index.php\/wp-json\/wp\/v2\/types\/product"}],"replies":[{"embeddable":true,"href":"https:\/\/rockkofertas.com.es\/index.php\/wp-json\/wp\/v2\/comments?post=6883"}],"wp:featuredmedia":[{"embeddable":true,"href":"https:\/\/rockkofertas.com.es\/index.php\/wp-json\/wp\/v2\/media\/6882"}],"wp:attachment":[{"href":"https:\/\/rockkofertas.com.es\/index.php\/wp-json\/wp\/v2\/media?parent=6883"}],"wp:term":[{"taxonomy":"product_cat","embeddable":true,"href":"https:\/\/rockkofertas.com.es\/index.php\/wp-json\/wp\/v2\/product_cat?post=6883"},{"taxonomy":"product_tag","embeddable":true,"href":"https:\/\/rockkofertas.com.es\/index.php\/wp-json\/wp\/v2\/product_tag?post=6883"}],"curies":[{"name":"wp","href":"https:\/\/api.w.org\/{rel}","templated":true}]}}