{"id":6875,"date":"2025-11-10T21:40:41","date_gmt":"2025-11-10T21:40:41","guid":{"rendered":"https:\/\/rockkofertas.com.es\/index.php\/producto\/b0fw54c92y\/"},"modified":"2025-11-10T21:40:41","modified_gmt":"2025-11-10T21:40:41","slug":"b0fw54c92y","status":"publish","type":"product","link":"https:\/\/rockkofertas.com.es\/index.php\/producto\/b0fw54c92y\/","title":{"rendered":"B0FW54C92Y"},"content":{"rendered":"<p>&#8211; \ud83d\udd25 QUEMAGRASAS POTENTE PARA ADELGAZAR SIN EFECTOS ADVERSOS \u2013 F\u00f3rmula natural con L-Carnitina, t\u00e9 verde y r\u00e1bano negro. Act\u00faa como quemador de grasa extremo y termog\u00e9nico, ideal para adelgazar y perder peso de forma segura.<br \/>\n&#8211; \ud83d\udca7 DRENANTE Y DIUR\u00c9TICO QUEMAGRASAS PARA ELIMINAR L\u00cdQUIDOS Y GRASAS CORPORAL \u2013 Con diur\u00e9ticos naturales como cola de caballo, boldo y alcachofa. Ayuda a eliminar la retenci\u00f3n de l\u00edquidos, toxinas y a mejorar la digesti\u00f3n. Drenante retenci\u00f3n de l\u00edquidos y retenci\u00f3n de l\u00edquidos y quema grasa.<br \/>\n&#8211; \u2705 APOYO HEP\u00c1TICO DETOX ADELGAZANTE POTENTE \u2013 Fumaria, bardana y naranja amarga favorecen la funci\u00f3n hep\u00e1tica y el tr\u00e1nsito intestinal. Potencia el efecto adelgazante potente muy r\u00e1pido y detox quemagrasas. Ideal como te detox adelgazante potente.<br \/>\n&#8211; \u26a1 VITAMINAS B PARA ENERG\u00cdA, METABOLISMO Y P\u00c9RDIDADE PESO MUJER R\u00c1PIDO \u2013 Con B6, B12, niacina, riboflavina y \u00e1cido f\u00f3lico. Favorecen el uso de grasa como energ\u00eda. Apoyo esencial en producto para adelgazar y saciante de apetito adelgazar.<br \/>\n&#8211; \ud83d\udcaa ADELGAZAR R\u00c1PIDO Y EFECTIVO CON UNO DE LOS PRODUCTOS ADELGAZANTES EFICACES R\u00c1PIDO \u2013 Complemento ideal para adelgazar muy r\u00e1pido, tanto en hombres como en mujeres, acompa\u00f1ando dieta y ejercicio. Adelgaza sin que te enga\u00f1en con este quemador de grasa y detox adelgazante potente. Especialmente \u00fatil en perdida de peso mujer r\u00e1pido y bajar de peso r\u00e1pido mujer.<br \/>\n&#8211; \ud83c\udf0d Fabricado en Espa\u00f1a. RGSEAA N\u00ba 26.024094\/GR (AECOSAN). Cumpliendo la normativa GMP para garantizar la calidad y seguridad de los productos elaborados. Consigue Asesoramiento, Regalos, Ofertas y Ebook Gratis en la web Masinmune.<\/p>\n","protected":false},"excerpt":{"rendered":"<p>MASBODY Jarabe detox adelgazante 500 ml \u2013 Quemagrasas potente con L-Carnitina, T\u00e9 verde, Cola de caballo y vitaminas B \u2013 Drenante diur\u00e9tico natural para eliminar l\u00edquidos y grasa \u2013 Masinmune<br \/>#Publicidad <span class=\"read-more\"><a class=\"more-link btn btn-transparent\" href=\"https:\/\/rockkofertas.com.es\/index.php\/producto\/b0fw54c92y\/\">Leer m\u00e1s&#8230;<\/a><\/span><\/p>\n","protected":false},"featured_media":6874,"comment_status":"open","ping_status":"closed","template":"","meta":[],"product_cat":[15],"product_tag":[],"class_list":{"0":"post-6875","1":"product","2":"type-product","3":"status-publish","4":"has-post-thumbnail","6":"product_cat-sin-categorizar","8":"first","9":"instock","10":"shipping-taxable","11":"product-type-external"},"_links":{"self":[{"href":"https:\/\/rockkofertas.com.es\/index.php\/wp-json\/wp\/v2\/product\/6875","targetHints":{"allow":["GET"]}}],"collection":[{"href":"https:\/\/rockkofertas.com.es\/index.php\/wp-json\/wp\/v2\/product"}],"about":[{"href":"https:\/\/rockkofertas.com.es\/index.php\/wp-json\/wp\/v2\/types\/product"}],"replies":[{"embeddable":true,"href":"https:\/\/rockkofertas.com.es\/index.php\/wp-json\/wp\/v2\/comments?post=6875"}],"wp:featuredmedia":[{"embeddable":true,"href":"https:\/\/rockkofertas.com.es\/index.php\/wp-json\/wp\/v2\/media\/6874"}],"wp:attachment":[{"href":"https:\/\/rockkofertas.com.es\/index.php\/wp-json\/wp\/v2\/media?parent=6875"}],"wp:term":[{"taxonomy":"product_cat","embeddable":true,"href":"https:\/\/rockkofertas.com.es\/index.php\/wp-json\/wp\/v2\/product_cat?post=6875"},{"taxonomy":"product_tag","embeddable":true,"href":"https:\/\/rockkofertas.com.es\/index.php\/wp-json\/wp\/v2\/product_tag?post=6875"}],"curies":[{"name":"wp","href":"https:\/\/api.w.org\/{rel}","templated":true}]}}