{"id":6871,"date":"2025-11-10T20:00:58","date_gmt":"2025-11-10T20:00:58","guid":{"rendered":"https:\/\/rockkofertas.com.es\/index.php\/producto\/b09dv3zds8\/"},"modified":"2025-11-10T20:00:58","modified_gmt":"2025-11-10T20:00:58","slug":"b09dv3zds8","status":"publish","type":"product","link":"https:\/\/rockkofertas.com.es\/index.php\/producto\/b09dv3zds8\/","title":{"rendered":"B09DV3ZDS8"},"content":{"rendered":"<p>&#8211; IC\u00d3NICO Y ATEMPORAL: Gracias a su dise\u00f1o sencillo, este cintur\u00f3n de Tommy Hilfiger es un accesorio perfecto y brinda un look moderno. Es f\u00e1cil de combinar y se puede llevar con vaqueros o pantalones de vestir.<br \/>\n&#8211; PARA CUALQUIER OCASI\u00d3N: El cintur\u00f3n de piel aut\u00e9ntica se puede usar para ir a la oficina o para ocasiones elegantes como bodas. Los detalles distintivos de Tommy Hilfiger con la bandera de Tommy completan el look.<br \/>\n&#8211; CINTUR\u00d3N PR\u00c1CTICO: Lo m\u00e1s destacado de este art\u00edculo es la hebilla de espiga cuadrada. La pr\u00e1ctica hebilla permite ajustar f\u00e1cilmente el tama\u00f1o del cintur\u00f3n y adaptarlo a nuestras necesidades.<br \/>\n&#8211; MATERIAL DE ALTA CALIDAD: El cintur\u00f3n, muy bien confeccionado, mide 3,5 cm de ancho y est\u00e1 hecho 100 % de piel resistente. Gracias a su excelente calidad, el cintur\u00f3n de hombre es muy flexible y muy c\u00f3modo de llevar.<br \/>\n&#8211; CALIDAD DEMOSTRADA: Desde 1985, esta marca de dise\u00f1ador lleva demostrando por todo el mundo la calidad y la ligereza mediante una gran variedad de dise\u00f1os en los m\u00edticos colores azul oscuro, blanco y rojo.<\/p>\n","protected":false},"excerpt":{"rendered":"<p>Tommy Hilfiger Cintur\u00f3n Hombre New Aly Belt Cintur\u00f3n de piel, Negro (Black), 95 cm<br \/>\n#Publicidad <span class=\"read-more\"><a class=\"more-link btn btn-transparent\" href=\"https:\/\/rockkofertas.com.es\/index.php\/producto\/b09dv3zds8\/\">Leer m\u00e1s&#8230;<\/a><\/span><\/p>\n","protected":false},"featured_media":6870,"comment_status":"open","ping_status":"closed","template":"","meta":[],"product_cat":[15],"product_tag":[],"class_list":{"0":"post-6871","1":"product","2":"type-product","3":"status-publish","4":"has-post-thumbnail","6":"product_cat-sin-categorizar","8":"first","9":"instock","10":"shipping-taxable","11":"product-type-external"},"_links":{"self":[{"href":"https:\/\/rockkofertas.com.es\/index.php\/wp-json\/wp\/v2\/product\/6871","targetHints":{"allow":["GET"]}}],"collection":[{"href":"https:\/\/rockkofertas.com.es\/index.php\/wp-json\/wp\/v2\/product"}],"about":[{"href":"https:\/\/rockkofertas.com.es\/index.php\/wp-json\/wp\/v2\/types\/product"}],"replies":[{"embeddable":true,"href":"https:\/\/rockkofertas.com.es\/index.php\/wp-json\/wp\/v2\/comments?post=6871"}],"wp:featuredmedia":[{"embeddable":true,"href":"https:\/\/rockkofertas.com.es\/index.php\/wp-json\/wp\/v2\/media\/6870"}],"wp:attachment":[{"href":"https:\/\/rockkofertas.com.es\/index.php\/wp-json\/wp\/v2\/media?parent=6871"}],"wp:term":[{"taxonomy":"product_cat","embeddable":true,"href":"https:\/\/rockkofertas.com.es\/index.php\/wp-json\/wp\/v2\/product_cat?post=6871"},{"taxonomy":"product_tag","embeddable":true,"href":"https:\/\/rockkofertas.com.es\/index.php\/wp-json\/wp\/v2\/product_tag?post=6871"}],"curies":[{"name":"wp","href":"https:\/\/api.w.org\/{rel}","templated":true}]}}