{"id":6869,"date":"2025-11-10T16:55:22","date_gmt":"2025-11-10T16:55:22","guid":{"rendered":"https:\/\/rockkofertas.com.es\/index.php\/producto\/b08g8gl1j1\/"},"modified":"2025-11-10T16:55:22","modified_gmt":"2025-11-10T16:55:22","slug":"b08g8gl1j1","status":"publish","type":"product","link":"https:\/\/rockkofertas.com.es\/index.php\/producto\/b08g8gl1j1\/","title":{"rendered":"B08G8GL1J1"},"content":{"rendered":"<p>&#8211; \u2705 CUCHILLO SANTOKU JANPAN\u00c9S &#8211; El cuchillo Santoku es un pr\u00e1ctico cuchillo de cocinero con una hoja de 17 cm de largo. Un cuchillo de cocina ideal para amigos de la cocina, cocineros caseros y profesionales para cortar, picar, pesar verduras, frutas, pescados y carnes. Dise\u00f1ado para una variedad de usos y aplicaciones profesionales, este es verdaderamente un cuchillo utilitario.<br \/>\n&#8211; \u2705 MATERIALES DE ALTA CALIDAD: el cuchillo de cocina profesional con hoja de 17 cm est\u00e1 hecho de acero inoxidable alem\u00e1n con alto contenido de carbono. (Cuchillo especial de acero inoxidable de alta calidad 5cr15mov, SIN Damasco) Presenta la dureza Rockwell de 56-58, que se caracteriza por su alta calidad, es rico en cortes, duradero y resistente a la suciedad.<br \/>\n&#8211; \u2705 MANGO ERGON\u00d3MICO: el mango de un cuchillo es conocido por su maniobrabilidad, comodidad, resistencia y estabilidad. Gracias a la empu\u00f1adura antideslizante de forma elegante de madera elegante con protecci\u00f3n para los dedos integrada, trabajar\u00e1 siempre de forma segura y r\u00e1pida. Ideal para diferentes manos.<br \/>\n&#8211; \u2705 HOJA ULTRAS\u00d3NICA: la hoja ultra afilada est\u00e1 hecha de acero inoxidable alem\u00e1n de alta calidad con 16-18% de cromo y 0,6-0,75% de carbono. La hoja es definitivamente resistente a la oxidaci\u00f3n. Esto le da al cuchillo de chef una superficie lisa y brillante, ideal para cortar carne o frutas y verduras sin esfuerzo.<br \/>\n&#8211; \u2705 COMPRA SIN RIESGOS: la satisfacci\u00f3n del 100% y la garant\u00eda de devoluci\u00f3n de dinero de Joyspot le permite probarlo sin riesgos. Debido a que tenemos tanta confianza en la calidad y el rendimiento excepcionales de este incre\u00edble cuchillo profesional, \u00a1le ofrecemos una garant\u00eda de por vida por defectos de fabricaci\u00f3n!<\/p>\n","protected":false},"excerpt":{"rendered":"<p>Cuchillo Santoku Japones, 7&#8243; Cuchillos de Cocina Profesionales -Acero Inoxidable Alem\u00e1n Carbono &#8211; Afilada &#8211; Resistente a las Manchas y a la Corrosi\u00f3n, ideal para Cocina Dom\u00e9stica y el Restaurante<br \/>#Publicidad <span class=\"read-more\"><a class=\"more-link btn btn-transparent\" href=\"https:\/\/rockkofertas.com.es\/index.php\/producto\/b08g8gl1j1\/\">Leer m\u00e1s&#8230;<\/a><\/span><\/p>\n","protected":false},"featured_media":6868,"comment_status":"open","ping_status":"closed","template":"","meta":[],"product_cat":[15],"product_tag":[],"class_list":{"0":"post-6869","1":"product","2":"type-product","3":"status-publish","4":"has-post-thumbnail","6":"product_cat-sin-categorizar","8":"first","9":"instock","10":"shipping-taxable","11":"product-type-external"},"_links":{"self":[{"href":"https:\/\/rockkofertas.com.es\/index.php\/wp-json\/wp\/v2\/product\/6869","targetHints":{"allow":["GET"]}}],"collection":[{"href":"https:\/\/rockkofertas.com.es\/index.php\/wp-json\/wp\/v2\/product"}],"about":[{"href":"https:\/\/rockkofertas.com.es\/index.php\/wp-json\/wp\/v2\/types\/product"}],"replies":[{"embeddable":true,"href":"https:\/\/rockkofertas.com.es\/index.php\/wp-json\/wp\/v2\/comments?post=6869"}],"wp:featuredmedia":[{"embeddable":true,"href":"https:\/\/rockkofertas.com.es\/index.php\/wp-json\/wp\/v2\/media\/6868"}],"wp:attachment":[{"href":"https:\/\/rockkofertas.com.es\/index.php\/wp-json\/wp\/v2\/media?parent=6869"}],"wp:term":[{"taxonomy":"product_cat","embeddable":true,"href":"https:\/\/rockkofertas.com.es\/index.php\/wp-json\/wp\/v2\/product_cat?post=6869"},{"taxonomy":"product_tag","embeddable":true,"href":"https:\/\/rockkofertas.com.es\/index.php\/wp-json\/wp\/v2\/product_tag?post=6869"}],"curies":[{"name":"wp","href":"https:\/\/api.w.org\/{rel}","templated":true}]}}