{"id":6859,"date":"2025-11-10T09:14:20","date_gmt":"2025-11-10T09:14:20","guid":{"rendered":"https:\/\/rockkofertas.com.es\/index.php\/producto\/b0dd6tkxsy-5\/"},"modified":"2025-11-10T09:14:20","modified_gmt":"2025-11-10T09:14:20","slug":"b0dd6tkxsy-5","status":"publish","type":"product","link":"https:\/\/rockkofertas.com.es\/index.php\/producto\/b0dd6tkxsy-5\/","title":{"rendered":"B0DD6TKXSY"},"content":{"rendered":"<p>&#8211; \u3010\u00daltima Pantalla Coche con Asistente de Voz\u3011 Volam pantalla para coche con CarPlay inal\u00e1mbrico y Android Auto conecta tu smartphone sin esfuerzo y trae las funciones y aplicaciones al carplay de 7 pulgadas. Compatible con Siri\/G00gle Assistant y pantalla t\u00e1ctil de 7 pulgadas para hacer llamadas, enviar mensajes de texto, navegar con mapas y escuchar m\u00fasica f\u00e1cilmente.<br \/>\n&#8211; \u3010 7 pulgadas A-pple Carplay con iOS y Android Mirror-Link\u3011Volam pantalla coche apple carplay admite la funci\u00f3n de enlace de espejo de smartphone para iOS y Android, por lo que algunas aplicaciones no son compatibles con CarPlay o Android Auto (por ejemplo, (por ejemplo, algunas aplicaciones de v\u00eddeo) se pueden mostrar en la pantalla del coche mediante la duplicaci\u00f3n. Volam pantalla para coche es tu segunda pantalla m\u00e1s grande y tambi\u00e9n puedes duplicar pel\u00edculas para que los ni\u00f1os puedan verlas en viajes m\u00e1s largos.<br \/>\n&#8211; \u3010Siri, G00gle Asistente de Voz , Navegaci\u00f3n GPS en Directo\u3011Volam Carplay port\u00e1til con pantalla t\u00e1ctil HD de 7 pulgadas para Carplay, que proporciona una determinaci\u00f3n precisa de ubicaci\u00f3n en tiempo real y navegaci\u00f3n GPS sin un segundo retraso. D\u00e9jate guiar por los altavoces de tu coche con navegaci\u00f3n por voz. Volam pantalla de A-pple Car Play es compatible con Siri y G00gle Assistant para que tengas tus manos libres.<br \/>\n&#8211; \u3010Calidad de Sonido Est\u00e9reo Bluetooth 5.0\u3011 las opciones de salida de audio mejoradas te permiten conectarte directamente al Bluetooth de tu coche para una experiencia de audio sin p\u00e9rdidas. (Este m\u00e9todo de conexi\u00f3n Bluetooth garantiza la mejor y m\u00e1s estable calidad de sonido, por lo que es su primera opci\u00f3n). Y hay 3 m\u00e9todos de salida de audio m\u00e1s disponibles: \u2460Conexi\u00f3n AUX: simplemente conecte el cable de audio incluido en el puerto AUX de su coche. \u2461Transmisi\u00f3n FM. \u2462 La pantalla Carplay tiene un altavoz incorporado.<br \/>\n&#8211; \u3010Conveniente y rentable\u3011 Esta instalaci\u00f3n pantalla carplay coche sin instalaci\u00f3n tarda solo 3 minutos, no es necesario quitar ning\u00fan equipo existente ni contratar a profesionales. Adem\u00e1s, el soporte de ventosa con \u00e1ngulo ajustable fija el dispositivo de forma segura a tu salpicadero o parabrisas. Se puede quitar f\u00e1cilmente cuando no est\u00e1 en uso y no deja marcas.<br \/>\n&#8211; [Consejo] Sin c\u00e1mara de marcha atr\u00e1s<br \/>\n&#8211; [Modelos de veh\u00edculos incompatibles]-T0yota; F0rd; H0nda; Volkswagen; V0lvo; S-eat; Re-nault; BM-W; Citr0\u00ebn; 0pel; Su-zuki; H0nda; Tri-umph; Yamaha; Te-sla<br \/>\n&#8211; [Modelos de tel\u00e9fonos incompatibles]-iPh0ne: iPh0ne 6, iPh0ne 13 mini, iPh0ne 16; Sam-sung: Sam-sung Galaxy S23, Sam-sung Galaxy S24; M0torola: M0torola G Stylus 5G 2024; Hua-wei: Hua-wei P30 Pro, ;Hua-wei P40 Pro Plus; Xiao-mi: Xiao-mi Redmi Note 9 Pro<\/p>\n","protected":false},"excerpt":{"rendered":"<p>Volam Pantalla para Coche con Carplay Android Auto Inal\u00e1mbrica,7 Pulgadas Pantalla T\u00e1ctil, Enlace Espejo, Navegaci\u00f3n, Siri, G00gle Asistente de Voz, FM, AUX, Bluetooth 5.0<br \/>#Publicidad <span class=\"read-more\"><a class=\"more-link btn btn-transparent\" href=\"https:\/\/rockkofertas.com.es\/index.php\/producto\/b0dd6tkxsy-5\/\">Leer m\u00e1s&#8230;<\/a><\/span><\/p>\n","protected":false},"featured_media":6858,"comment_status":"open","ping_status":"closed","template":"","meta":[],"product_cat":[15],"product_tag":[],"class_list":{"0":"post-6859","1":"product","2":"type-product","3":"status-publish","4":"has-post-thumbnail","6":"product_cat-sin-categorizar","8":"first","9":"instock","10":"shipping-taxable","11":"product-type-external"},"_links":{"self":[{"href":"https:\/\/rockkofertas.com.es\/index.php\/wp-json\/wp\/v2\/product\/6859","targetHints":{"allow":["GET"]}}],"collection":[{"href":"https:\/\/rockkofertas.com.es\/index.php\/wp-json\/wp\/v2\/product"}],"about":[{"href":"https:\/\/rockkofertas.com.es\/index.php\/wp-json\/wp\/v2\/types\/product"}],"replies":[{"embeddable":true,"href":"https:\/\/rockkofertas.com.es\/index.php\/wp-json\/wp\/v2\/comments?post=6859"}],"wp:featuredmedia":[{"embeddable":true,"href":"https:\/\/rockkofertas.com.es\/index.php\/wp-json\/wp\/v2\/media\/6858"}],"wp:attachment":[{"href":"https:\/\/rockkofertas.com.es\/index.php\/wp-json\/wp\/v2\/media?parent=6859"}],"wp:term":[{"taxonomy":"product_cat","embeddable":true,"href":"https:\/\/rockkofertas.com.es\/index.php\/wp-json\/wp\/v2\/product_cat?post=6859"},{"taxonomy":"product_tag","embeddable":true,"href":"https:\/\/rockkofertas.com.es\/index.php\/wp-json\/wp\/v2\/product_tag?post=6859"}],"curies":[{"name":"wp","href":"https:\/\/api.w.org\/{rel}","templated":true}]}}