{"id":6855,"date":"2025-11-10T04:00:44","date_gmt":"2025-11-10T04:00:44","guid":{"rendered":"https:\/\/rockkofertas.com.es\/index.php\/producto\/b0c69hlwwy\/"},"modified":"2025-11-10T04:00:44","modified_gmt":"2025-11-10T04:00:44","slug":"b0c69hlwwy","status":"publish","type":"product","link":"https:\/\/rockkofertas.com.es\/index.php\/producto\/b0c69hlwwy\/","title":{"rendered":"B0C69HLWWY"},"content":{"rendered":"<p>&#8211; Capacidad: 23 L<br \/>\n&#8211; Potencia: 800 W<br \/>\n&#8211; N\u00famero de programas: 9<\/p>\n","protected":false},"excerpt":{"rendered":"<p>Hisense H23MOBSD1H &#8211; Microondas Digital con Grill 23L, 800W, Revestimiento Cer\u00e1mico, Cristal Premium, 10 Niveles de Potencia, Funci\u00f3n de Descongelaci\u00f3n, 9 Programas Autom\u00e1ticos, F\u00e1cil limpieza<br \/>\n#Publicidad <span class=\"read-more\"><a class=\"more-link btn btn-transparent\" href=\"https:\/\/rockkofertas.com.es\/index.php\/producto\/b0c69hlwwy\/\">Leer m\u00e1s&#8230;<\/a><\/span><\/p>\n","protected":false},"featured_media":6854,"comment_status":"open","ping_status":"closed","template":"","meta":[],"product_cat":[15],"product_tag":[],"class_list":{"0":"post-6855","1":"product","2":"type-product","3":"status-publish","4":"has-post-thumbnail","6":"product_cat-sin-categorizar","8":"first","9":"instock","10":"shipping-taxable","11":"product-type-external"},"_links":{"self":[{"href":"https:\/\/rockkofertas.com.es\/index.php\/wp-json\/wp\/v2\/product\/6855","targetHints":{"allow":["GET"]}}],"collection":[{"href":"https:\/\/rockkofertas.com.es\/index.php\/wp-json\/wp\/v2\/product"}],"about":[{"href":"https:\/\/rockkofertas.com.es\/index.php\/wp-json\/wp\/v2\/types\/product"}],"replies":[{"embeddable":true,"href":"https:\/\/rockkofertas.com.es\/index.php\/wp-json\/wp\/v2\/comments?post=6855"}],"wp:featuredmedia":[{"embeddable":true,"href":"https:\/\/rockkofertas.com.es\/index.php\/wp-json\/wp\/v2\/media\/6854"}],"wp:attachment":[{"href":"https:\/\/rockkofertas.com.es\/index.php\/wp-json\/wp\/v2\/media?parent=6855"}],"wp:term":[{"taxonomy":"product_cat","embeddable":true,"href":"https:\/\/rockkofertas.com.es\/index.php\/wp-json\/wp\/v2\/product_cat?post=6855"},{"taxonomy":"product_tag","embeddable":true,"href":"https:\/\/rockkofertas.com.es\/index.php\/wp-json\/wp\/v2\/product_tag?post=6855"}],"curies":[{"name":"wp","href":"https:\/\/api.w.org\/{rel}","templated":true}]}}