{"id":6853,"date":"2025-11-10T00:00:42","date_gmt":"2025-11-10T00:00:42","guid":{"rendered":"https:\/\/rockkofertas.com.es\/index.php\/producto\/b0dmvt1hdm\/"},"modified":"2025-11-10T00:00:42","modified_gmt":"2025-11-10T00:00:42","slug":"b0dmvt1hdm","status":"publish","type":"product","link":"https:\/\/rockkofertas.com.es\/index.php\/producto\/b0dmvt1hdm\/","title":{"rendered":"B0DMVT1HDM"},"content":{"rendered":"<p>&#8211; \u3010Cuna auxiliar 3 en 1\u3011 Esta es una c\u00f3moda y segura cuna 3 en 1 que puede realizar 3 funciones diferentes: como cuna auxiliar, cuna o cuna independiente. Dormir con su hijo puede darle una sensaci\u00f3n de seguridad y permitirle construir un v\u00ednculo fuerte. Es especialmente \u00fatil para las madres lactantes.<br \/>\n&#8211; Segura y estable: la cuna est\u00e1 hecha de material de tubo de hierro, tiene una estructura triangular estable, puede soportar un peso de 50 kg y est\u00e1 equipada con un colch\u00f3n de espuma c\u00f3modo, transpirable y resistente a la deformaci\u00f3n, que proporciona a tu beb\u00e9 un apoyo estable y un sue\u00f1o tranquilo.<br \/>\n&#8211; Altura ajustable en 6 posiciones: la cuna de beb\u00e9 con 6 niveles de altura ajustable de 35,5 a 51,5 cm (la distancia desde la parte inferior de la cuna hasta el suelo) se puede adaptar a la mayor\u00eda de las camas. Se puede ajustar a una inclinaci\u00f3n adecuada para evitar el reflujo y los v\u00f3mitos del beb\u00e9.<br \/>\n&#8211; Cuna plegable para beb\u00e9: la cuna auxiliar es plegable y f\u00e1cil de transportar, perfecta para viajes o visitas. Un bolso de mano y 4 ruedas universales con bloqueo garantizan un movimiento f\u00e1cil. En la parte inferior hay una pr\u00e1ctica cesta de almacenamiento para guardar todos los art\u00edculos de beb\u00e9 para su beb\u00e9.<br \/>\n&#8211; Dise\u00f1o de ventana de malla: la cama auxiliar tiene un dise\u00f1o de malla transparente. La malla transpirable garantiza una buena circulaci\u00f3n del aire y le permite realizar un seguimiento de cada movimiento de su beb\u00e9. La parte superior est\u00e1 equipada con una mosquitera para evitar que su beb\u00e9 se pique mientras descansa por los mosquitos.<\/p>\n","protected":false},"excerpt":{"rendered":"<p>NIKYJM Cuna Colecho,3 en 1 Cuna Bebe Moises para Bebe Portatile 6 Velocit\u00e0 Regolabile in Altezza e Inclinazione con 4 Freni Sulle Ruote Minicuna Colecho per Letti di Diverse Dimensioni<br \/>\n#Publicidad <span class=\"read-more\"><a class=\"more-link btn btn-transparent\" href=\"https:\/\/rockkofertas.com.es\/index.php\/producto\/b0dmvt1hdm\/\">Leer m\u00e1s&#8230;<\/a><\/span><\/p>\n","protected":false},"featured_media":6852,"comment_status":"open","ping_status":"closed","template":"","meta":[],"product_cat":[15],"product_tag":[],"class_list":{"0":"post-6853","1":"product","2":"type-product","3":"status-publish","4":"has-post-thumbnail","6":"product_cat-sin-categorizar","8":"first","9":"instock","10":"shipping-taxable","11":"product-type-external"},"_links":{"self":[{"href":"https:\/\/rockkofertas.com.es\/index.php\/wp-json\/wp\/v2\/product\/6853","targetHints":{"allow":["GET"]}}],"collection":[{"href":"https:\/\/rockkofertas.com.es\/index.php\/wp-json\/wp\/v2\/product"}],"about":[{"href":"https:\/\/rockkofertas.com.es\/index.php\/wp-json\/wp\/v2\/types\/product"}],"replies":[{"embeddable":true,"href":"https:\/\/rockkofertas.com.es\/index.php\/wp-json\/wp\/v2\/comments?post=6853"}],"wp:featuredmedia":[{"embeddable":true,"href":"https:\/\/rockkofertas.com.es\/index.php\/wp-json\/wp\/v2\/media\/6852"}],"wp:attachment":[{"href":"https:\/\/rockkofertas.com.es\/index.php\/wp-json\/wp\/v2\/media?parent=6853"}],"wp:term":[{"taxonomy":"product_cat","embeddable":true,"href":"https:\/\/rockkofertas.com.es\/index.php\/wp-json\/wp\/v2\/product_cat?post=6853"},{"taxonomy":"product_tag","embeddable":true,"href":"https:\/\/rockkofertas.com.es\/index.php\/wp-json\/wp\/v2\/product_tag?post=6853"}],"curies":[{"name":"wp","href":"https:\/\/api.w.org\/{rel}","templated":true}]}}